{"id":3284,"date":"2019-10-28T18:38:12","date_gmt":"2019-10-28T18:38:12","guid":{"rendered":"https:\/\/healthtravelguide.com\/om-estland\/"},"modified":"2019-10-28T18:41:49","modified_gmt":"2019-10-28T18:41:49","slug":"om-estland","status":"publish","type":"page","link":"https:\/\/healthtravelguide.com\/sv\/om-estland\/","title":{"rendered":"Om Estland"},"content":{"rendered":"<p>[vc_row type=&#8221;vc_default&#8221; css=&#8221;.vc_custom_1474221376872{margin-bottom: -80px !important;}&#8221;][vc_column offset=&#8221;vc_col-lg-8 vc_col-md-8 vc_col-xs-12&#8243; css=&#8221;.vc_custom_1463573458077{margin-bottom: 80px !important;}&#8221;]<div id=\"ultimate-heading-602769d99993bd3d0\" class=\"uvc-heading ult-adjust-bottom-margin ultimate-heading-602769d99993bd3d0 uvc-2748 \" data-hspacer=\"no_spacer\"  data-halign=\"left\" style=\"text-align:left\"><div class=\"uvc-heading-spacer no_spacer\" style=\"top\"><\/div><div class=\"uvc-main-heading ult-responsive\"  data-ultimate-target='.uvc-heading.ultimate-heading-602769d99993bd3d0 h2'  data-responsive-json-new='{\"font-size\":\"desktop:24px;\",\"line-height\":\"desktop:30px;\"}' ><h2 style=\"font-weight:bold;margin-top:20px;margin-bottom:20px;\">Varf\u00f6r Estland?<\/h2><\/div><\/div>[vc_column_text]<span style=\"font-weight: 400;\">Estland erbjuder sjukv\u00e5rd<\/span><b> i v\u00e4rldsklass till f\u00f6rm\u00e5nliga priser<\/b><span style=\"font-weight: 400;\">. Under de senaste \u00e5ren har allt fler resen\u00e4rer fr\u00e5n v\u00e4stra Europa och Norden rest hit f\u00f6r att f\u00e5 behandlingar. Nyfiken p\u00e5 anledningen? L\u00e4s vidare!<\/span>[\/vc_column_text]<div id=\"ultimate-heading-668869d99993bd41f\" class=\"uvc-heading ult-adjust-bottom-margin ultimate-heading-668869d99993bd41f uvc-7190 \" data-hspacer=\"no_spacer\"  data-halign=\"left\" style=\"text-align:left\"><div class=\"uvc-heading-spacer no_spacer\" style=\"top\"><\/div><div class=\"uvc-main-heading ult-responsive\"  data-ultimate-target='.uvc-heading.ultimate-heading-668869d99993bd41f h3'  data-responsive-json-new='{\"font-size\":\"desktop:24px;\",\"line-height\":\"desktop:30px;\"}' ><h3 style=\"font-weight:bold;margin-top:20px;margin-bottom:20px;\">Skippa lokala v\u00e4ntetider<\/h3><\/div><\/div>[vc_column_text css=&#8221;.vc_custom_1559894467101{margin-bottom: 30px !important;}&#8221;]<span style=\"font-weight: 400;\">L\u00e5nga v\u00e4ntetider f\u00f6r operationer och procedurer i hemlandet \u00e4r den absolut vanligaste rapporterade anledningen till att patienter f\u00f6redrar att f\u00e5 medicinska behandlingar gjorda utomlands. N\u00e4r det handlar om att <\/span><b>\u00f6ka livskvaliteten <\/b><span style=\"font-weight: 400;\">s\u00e5 \u00e4r tiden ofta avg\u00f6rande, speciellt n\u00e4r det g\u00e4ller t.ex. mags\u00e4cksoperationer. H\u00e4lsotillst\u00e5nd som orsakas av h\u00f6g kroppsvikt \u00e4r inte n\u00e5got man kan v\u00e4nta med att \u00e5tg\u00e4rda och det \u00e4r rimligt att man vill ha snabba resultat.<\/span><\/p>\n<p><span style=\"font-weight: 400;\">Med endast ca en miljon inv\u00e5nare i Estland och hundratals nyutexaminerade specialister fr\u00e5n Tartus medicinska universitet varje \u00e5r s\u00e5 har landet h\u00f6g kapacitet inom det h\u00e4r omr\u00e5det. Tiden det tar f\u00f6r dig att komma i kontakt med en specialist och till operationsbordet \u00e4r mycket kortare \u00e4n i hemlandet.<\/span>[\/vc_column_text]<div id=\"ultimate-heading-769969d99993bd44c\" class=\"uvc-heading ult-adjust-bottom-margin ultimate-heading-769969d99993bd44c uvc-6255 \" data-hspacer=\"no_spacer\"  data-halign=\"left\" style=\"text-align:left\"><div class=\"uvc-heading-spacer no_spacer\" style=\"top\"><\/div><div class=\"uvc-main-heading ult-responsive\"  data-ultimate-target='.uvc-heading.ultimate-heading-769969d99993bd44c h3'  data-responsive-json-new='{\"font-size\":\"desktop:24px;\",\"line-height\":\"desktop:30px;\"}' ><h3 style=\"font-weight:bold;margin-top:20px;margin-bottom:20px;\">L\u00e5g risk och medicinsk behandling av h\u00f6gsta kvalitet<\/h3><\/div><\/div>[vc_column_text css=&#8221;.vc_custom_1559894495268{margin-bottom: 30px !important;}&#8221;]<span style=\"font-weight: 400;\">M\u00e5nga utav Estlands kliniker \u00e4r specialiserade p\u00e5 b\u00e5de sk\u00f6nhetsoperationer och viktminskningsoperationer, och dess personal genomf\u00f6r <\/span><b>hundratals operationer varje \u00e5r<\/b><span style=\"font-weight: 400;\">, med en konsekvent l\u00e5g risk f\u00f6r komplikationer. F\u00f6r m\u00e4nniskor fr\u00e5n utlandet som s\u00f6ker medicinsk behandling i Estland s\u00e5 innefattar servicen f\u00f6ljande:<\/span><\/p>\n<ul>\n<li style=\"font-weight: 400;\"><span style=\"font-weight: 400;\">En grundlig konsultation med din kirurg<\/span><\/li>\n<li style=\"font-weight: 400;\"><span style=\"font-weight: 400;\">Arrangerat boende<\/span><\/li>\n<li style=\"font-weight: 400;\"><span style=\"font-weight: 400;\">Dina behov uppfylls under hela vistelsen<\/span><\/li>\n<li style=\"font-weight: 400;\"><span style=\"font-weight: 400;\">Tips och information om ditt liv efter proceduren inf\u00f6r hemresan<\/span><\/li>\n<li style=\"font-weight: 400;\"><span style=\"font-weight: 400;\">Uppf\u00f6ljande konsultationer efter proceduren<\/span><\/li>\n<\/ul>\n<p><span style=\"font-weight: 400;\">M\u00e5let med Estlands medicinska tj\u00e4nster \u00e4r att du ska k\u00e4nna dig lyssnad p\u00e5, trygg och <\/span><b>redo att b\u00f6rja ditt nya liv.<\/b>[\/vc_column_text]<div id=\"ultimate-heading-108669d99993bd47f\" class=\"uvc-heading ult-adjust-bottom-margin ultimate-heading-108669d99993bd47f uvc-1378 \" data-hspacer=\"no_spacer\"  data-halign=\"left\" style=\"text-align:left\"><div class=\"uvc-heading-spacer no_spacer\" style=\"top\"><\/div><div class=\"uvc-main-heading ult-responsive\"  data-ultimate-target='.uvc-heading.ultimate-heading-108669d99993bd47f h2'  data-responsive-json-new='{\"font-size\":\"desktop:24px;\",\"line-height\":\"desktop:30px;\"}' ><h2 style=\"font-weight:bold;margin-top:20px;margin-bottom:20px;\">Varf\u00f6r Estland?<\/h2><\/div><\/div>[vc_column_text css=&#8221;.vc_custom_1526550126288{margin-bottom: 30px !important;}&#8221;]<span style=\"font-weight: 400;\">Enkelt uttryckt s\u00e5 \u00e4r v\u00e5rt m\u00e5l att introducera m\u00e4nniskor till de medicinska tj\u00e4nster som de beh\u00f6ver, till en l\u00e4gre kostnad. Varf\u00f6r? Lokalboende uppskattar ofta att ber\u00e4tta om bra saker h\u00e4r och vad som \u00e4r<\/span><b> v\u00e4rt att dela sig med av. <\/b><span style=\"font-weight: 400;\">Med \u00e5ratal av erfarenhet fr\u00e5n olika f\u00f6retag har vi ett bra n\u00e4tverk med professionell personal, och sjukv\u00e5rdsomr\u00e5det har alltid intresserat oss.<\/span><\/p>\n<p><b>Viktminskningsoperationer f\u00f6r\u00e4ndrar liv <\/b><span style=\"font-weight: 400;\">och \u00f6kar livskvaliteten samtidigt som de till och med kan bota allvarliga tillst\u00e5nd. Sjukv\u00e5rdsturismen till Baltikum har vuxit exponentiellt under de senaste \u00e5ren, speciellt n\u00e4r det handlar om mags\u00e4cksoperationer, och det av en god anledning. Vi hj\u00e4lper dig hitta en passande l\u00e4kare och ger dig konsultationer inf\u00f6r den procedur som passar dina behov b\u00e4st.<\/span>[\/vc_column_text]<div id=\"ultimate-heading-738969d99993bd4a7\" class=\"uvc-heading ult-adjust-bottom-margin ultimate-heading-738969d99993bd4a7 uvc-2690 \" data-hspacer=\"no_spacer\"  data-halign=\"left\" style=\"text-align:left\"><div class=\"uvc-heading-spacer no_spacer\" style=\"top\"><\/div><div class=\"uvc-main-heading ult-responsive\"  data-ultimate-target='.uvc-heading.ultimate-heading-738969d99993bd4a7 h3'  data-responsive-json-new='{\"font-size\":\"desktop:24px;\",\"line-height\":\"desktop:30px;\"}' ><h3 style=\"font-weight:bold;margin-top:20px;margin-bottom:20px;\">L\u00e4gg lite tid p\u00e5 dig sj\u00e4lv<\/h3><\/div><\/div>[vc_column_text css=&#8221;.vc_custom_1559894522918{margin-bottom: 30px !important;}&#8221;]<span style=\"font-weight: 400;\">Idag \u00e4r det enklare \u00e4n n\u00e5gonsin att ta en time-out och f\u00f6r\u00e4ndra livet. Estland \u00e4r en perfekt destination f\u00f6r den h\u00e4r typen av <\/span><b>wellness-resor. <\/b><span style=\"font-weight: 400;\">Estland erbjuder de sm\u00e5, mysiga platser som passar perfekt f\u00f6r att fokusera endast p\u00e5 dig. Under medicinska procedurer som \u00f6kar livskvaliteten \u00e4r det avg\u00f6rande att man f\u00e5r en paus fr\u00e5n vardagsstressen. Res till ett land d\u00e4r folkm\u00e4ngderna, trafiken och k\u00f6erna inte kommer i n\u00e4rheten av de som man hittar i v\u00e4rldens storst\u00e4der. H\u00e4r \u00e4r <\/span><b>allting alltid inom r\u00e4ckh\u00e5ll, prisv\u00e4rt och tillg\u00e4ngligt.\u00a0<\/b><\/p>\n<p><span style=\"font-weight: 400;\">Bariatriska operationer och sk\u00f6nhetsoperationer i Estland genomf\u00f6rs med h\u00f6gsta kvalitet p\u00e5 b\u00e5de offentliga och privata kliniker, beroende p\u00e5 den tj\u00e4nst du v\u00e4ljer. Servicekvaliteten och det professionella bem\u00f6tandet fr\u00e5n sjukv\u00e5rdspersonalen \u00e4r j\u00e4mf\u00f6rbar med den hos de nordiska l\u00e4nderna. Sj\u00e4lva operationen \u00e4r endast en del av helheten &#8211; att f\u00f6rs\u00e4kra att dina behov m\u00f6ts, b\u00e5de innan och efter proceduren, \u00e4r m\u00e5let hos all personal du kommer tr\u00e4ffa.<\/span>[\/vc_column_text]<div id=\"ultimate-heading-597869d99993bd4cb\" class=\"uvc-heading ult-adjust-bottom-margin ultimate-heading-597869d99993bd4cb uvc-7751 \" data-hspacer=\"no_spacer\"  data-halign=\"left\" style=\"text-align:left\"><div class=\"uvc-heading-spacer no_spacer\" style=\"top\"><\/div><div class=\"uvc-main-heading ult-responsive\"  data-ultimate-target='.uvc-heading.ultimate-heading-597869d99993bd4cb h3'  data-responsive-json-new='{\"font-size\":\"desktop:24px;\",\"line-height\":\"desktop:30px;\"}' ><h3 style=\"font-weight:bold;margin-top:20px;margin-bottom:20px;\">Lite information om landet<\/h3><\/div><\/div>[vc_column_text css=&#8221;.vc_custom_1559894562555{margin-bottom: 30px !important;}&#8221;]<span style=\"font-weight: 400;\">Mycket av Estlands <\/span><b>h\u00f6gt avancerade sjukv\u00e5rdssystem <\/b><span style=\"font-weight: 400;\">h\u00e4rstammar fr\u00e5n dess historia. Konsekvenserna av sovjetunionens fall gav upphov till kreativa l\u00f6sningar. Idag \u00e4r mycket av de offentliga tj\u00e4nsterna digitaliserade, fr\u00e5n r\u00f6stande till inkomstdeklarationer och framf\u00f6rallt \u00e4ven administrationen och recepten kring sjukv\u00e5rdssystemet.\u00a0\u00a0<\/span><\/p>\n<p><span style=\"font-weight: 400;\">Landet har en stor m\u00e4ngd nystartade f\u00f6retag och IT-scenen \u00e4r minst sagt p\u00e5 uppsving. Tyv\u00e4rr \u00e4r dock inte den lokala myten om tr\u00e4d som ger gratis WiFi sann (\u00e4nnu). D\u00e4remot s\u00e5 kommer du uppleva bra 4G-t\u00e4ckning under vistelsen och gratis, offentligt WiFi \u00e4r relativt vanligt i stadscentrum och olika byggnader.<\/span><\/p>\n<p><span style=\"font-weight: 400;\">Vi hoppas att du f\u00e5r chansen att uppleva mer av vad landet kan erbjuda under vistelsen och om inte, s\u00e5 \u00e4r du alltid v\u00e4lkommen tillbaka f\u00f6r att i alla falla kolla in Tallins gamla stad!<\/span>[\/vc_column_text]<div id=\"ultimate-heading-206869d99993bd4ef\" class=\"uvc-heading ult-adjust-bottom-margin ultimate-heading-206869d99993bd4ef uvc-21 \" data-hspacer=\"no_spacer\"  data-halign=\"left\" style=\"text-align:left\"><div class=\"uvc-heading-spacer no_spacer\" style=\"top\"><\/div><div class=\"uvc-main-heading ult-responsive\"  data-ultimate-target='.uvc-heading.ultimate-heading-206869d99993bd4ef h3'  data-responsive-json-new='{\"font-size\":\"desktop:24px;\",\"line-height\":\"desktop:30px;\"}' ><h3 style=\"font-weight:bold;margin-top:20px;margin-bottom:20px;\">Intresserad?<\/h3><\/div><\/div>[vc_column_text css=&#8221;.vc_custom_1572288107445{margin-bottom: 30px !important;}&#8221;]<span style=\"font-weight: 400;\">Health Travel Guide hj\u00e4lper dig med arrangemangen inf\u00f6r en operation i Estland. Kontakta oss idag!<\/span>[\/vc_column_text]<style type=\"text\/css\" data-type=\"the7_shortcodes-inline-css\">#default-btn-73ccfd607bd2b3729a5d82d30d3b07a0.ico-right-side > i {\n  margin-right: 0px;\n  margin-left: 8px;\n}\n#default-btn-73ccfd607bd2b3729a5d82d30d3b07a0 > i {\n  margin-right: 8px;\n}\n<\/style><a href=\"https:\/\/healthtravelguide.com\/sv\/bariatrisk-kirurgi\/bariatrisk-operation-lamplighetsundersokning\/\" class=\"default-btn-shortcode dt-btn dt-btn-m link-hover-off btn-inline-left  vc_custom_1572287986214\" id=\"default-btn-73ccfd607bd2b3729a5d82d30d3b07a0\" title=\"Komma ig\u00e5ng\"><span>Komma ig\u00e5ng<\/span><\/a>[\/vc_column][vc_column offset=&#8221;vc_col-lg-4 vc_col-md-4 vc_col-xs-12&#8243; el_class=&#8221;custom_sidebar&#8221; css=&#8221;.vc_custom_1474221370251{padding-bottom: 80px !important;}&#8221;][vc_row_inner css=&#8221;.vc_custom_1463573390268{padding-right: 25px !important;padding-bottom: 30px !important;padding-left: 25px !important;}&#8221;][vc_column_inner css=&#8221;.vc_custom_1462517200859{padding-top: 30px !important;padding-right: 30px !important;padding-bottom: 10px !important;padding-left: 30px !important;background-color: #f4f4f4 !important;}&#8221;]<div id=\"ultimate-heading-165169d99993bd5d2\" class=\"uvc-heading ult-adjust-bottom-margin ultimate-heading-165169d99993bd5d2 uvc-1978 \" data-hspacer=\"no_spacer\"  data-halign=\"left\" style=\"text-align:left\"><div class=\"uvc-heading-spacer no_spacer\" style=\"top\"><\/div><div class=\"uvc-main-heading ult-responsive\"  data-ultimate-target='.uvc-heading.ultimate-heading-165169d99993bd5d2 h3'  data-responsive-json-new='{\"font-size\":\"desktop:20px;\",\"line-height\":\"desktop:26px;\"}' ><h3 style=\"font-weight:bold;margin-bottom:20px;\">V\u00e5ra tj\u00e4nster<\/h3><\/div><\/div>[vc_widget_sidebar show_bg=&#8221;false&#8221; sidebar_id=&#8221;sidebar_3&#8243; el_class=&#8221;service_menu&#8221;]<div class=\"standard-arrow bullet-top\"><ul>\n<li style=\"font-weight: 400;\"><a href=\"https:\/\/healthtravelguide.com\/sv\/bariatrisk-kirurgi\/\"><span style=\"font-weight: 400;\">Gastrisk bypass<\/span><\/a><\/li>\n<li style=\"font-weight: 400;\"><a href=\"https:\/\/healthtravelguide.com\/sv\/bariatrisk-kirurgi\/gastrisk-sleeve\/\"><span style=\"font-weight: 400;\">Gastrisk sleeve<\/span><\/a><\/li>\n<li style=\"font-weight: 400;\"><a href=\"https:\/\/healthtravelguide.com\/sv\/bariatrisk-kirurgi\/gastriskt-band\/\"><span style=\"font-weight: 400;\">Gastrisk band<\/span><\/a><\/li>\n<li style=\"font-weight: 400;\"><a href=\"https:\/\/healthtravelguide.com\/sv\/bariatrisk-kirurgi\/gastrisk-ballong\/\"><span style=\"font-weight: 400;\">Gastrisk ballong<\/span><\/a><\/li>\n<li style=\"font-weight: 400;\"><a href=\"https:\/\/healthtravelguide.com\/sv\/bariatrisk-kirurgi\/gastrisk-plication\/\"><span style=\"font-weight: 400;\">Gastrisk plication<\/span><\/a><\/li>\n<li style=\"font-weight: 400;\"><a href=\"https:\/\/healthtravelguide.com\/sv\/skonhetsoperationer\/\"><span style=\"font-weight: 400;\">Sk\u00f6nhetsoperationer<\/span><\/a><\/li>\n<\/ul>\n<\/div>[\/vc_column_inner][\/vc_row_inner][vc_row_inner css=&#8221;.vc_custom_1462516802446{padding-right: 25px !important;padding-left: 25px !important;}&#8221;][vc_column_inner css=&#8221;.vc_custom_1471295267122{padding-top: 30px !important;padding-right: 30px !important;padding-bottom: 20px !important;padding-left: 30px !important;background-color: #f4f4f4 !important;}&#8221;]<div id=\"ultimate-heading-578669d99993bd661\" class=\"uvc-heading ult-adjust-bottom-margin ultimate-heading-578669d99993bd661 uvc-5526  uvc-heading-default-font-sizes\" data-hspacer=\"no_spacer\"  data-halign=\"left\" style=\"text-align:left\"><div class=\"uvc-heading-spacer no_spacer\" style=\"top\"><\/div><div class=\"uvc-main-heading ult-responsive\"  data-ultimate-target='.uvc-heading.ultimate-heading-578669d99993bd661 h3'  data-responsive-json-new='{\"font-size\":\"\",\"line-height\":\"\"}' ><h3 style=\"font-weight:bold;margin-bottom:20px;\">Boka ett m\u00f6te<\/h3><\/div><\/div>[vc_column_text]<i><span style=\"font-weight: 400;\">Kontakta oss idag s\u00e5 s\u00e4tter vi dig i kontakt med Estlands b\u00e4sta kirurger.<\/span><\/i>[\/vc_column_text][vc_empty_space height=&#8221;30px&#8221;]\n<div class=\"wpcf7 no-js\" id=\"wpcf7-f3166-o1\" lang=\"en-US\" dir=\"ltr\" data-wpcf7-id=\"3166\">\n<div class=\"screen-reader-response\"><p role=\"status\" aria-live=\"polite\" aria-atomic=\"true\"><\/p> <ul><\/ul><\/div>\n<form action=\"\/sv\/wp-json\/wp\/v2\/pages\/3284#wpcf7-f3166-o1\" method=\"post\" class=\"wpcf7-form init\" aria-label=\"Contact form\" novalidate=\"novalidate\" data-status=\"init\">\n<div style=\"display: none;\">\n<input type=\"hidden\" name=\"_wpcf7\" value=\"3166\" \/>\n<input type=\"hidden\" name=\"_wpcf7_version\" value=\"6.0.4\" \/>\n<input type=\"hidden\" name=\"_wpcf7_locale\" value=\"en_US\" \/>\n<input type=\"hidden\" name=\"_wpcf7_unit_tag\" value=\"wpcf7-f3166-o1\" \/>\n<input type=\"hidden\" name=\"_wpcf7_container_post\" value=\"0\" \/>\n<input type=\"hidden\" name=\"_wpcf7_posted_data_hash\" value=\"\" \/>\n<input type=\"hidden\" name=\"_wpcf7_recaptcha_response\" value=\"\" \/>\n<\/div>\n<p><label><span class=\"wpcf7-form-control-wrap\" data-name=\"your-name\"><input size=\"40\" maxlength=\"400\" class=\"wpcf7-form-control wpcf7-text wpcf7-validates-as-required\" aria-required=\"true\" aria-invalid=\"false\" placeholder=\"Ditt namn*\" value=\"\" type=\"text\" name=\"your-name\" \/><\/span> <\/label><br \/>\n<label><span class=\"wpcf7-form-control-wrap\" data-name=\"your-email\"><input size=\"40\" maxlength=\"400\" class=\"wpcf7-form-control wpcf7-email wpcf7-validates-as-required wpcf7-text wpcf7-validates-as-email\" aria-required=\"true\" aria-invalid=\"false\" placeholder=\"Ditt E-mail*\" value=\"\" type=\"email\" name=\"your-email\" \/><\/span> <\/label><br \/>\n<label><span class=\"wpcf7-form-control-wrap\" data-name=\"tel-137\"><input size=\"40\" maxlength=\"400\" class=\"wpcf7-form-control wpcf7-tel wpcf7-text wpcf7-validates-as-tel\" aria-invalid=\"false\" placeholder=\"Telefon\" value=\"\" type=\"tel\" name=\"tel-137\" \/><\/span><\/label><br \/>\n<label><span class=\"wpcf7-form-control-wrap\" data-name=\"your-message\"><textarea cols=\"40\" rows=\"3\" maxlength=\"2000\" class=\"wpcf7-form-control wpcf7-textarea\" aria-invalid=\"false\" placeholder=\"Meddelande\" name=\"your-message\"><\/textarea><\/span> <\/label><br \/>\n<span id=\"wpcf7-69d99993be76c-wrapper\" class=\"wpcf7-form-control-wrap city-856-wrap\" style=\"display:none !important; visibility:hidden !important;\"><label for=\"wpcf7-69d99993be76c-field\" class=\"hp-message\">Please leave this field empty.<\/label><input id=\"wpcf7-69d99993be76c-field\"  class=\"wpcf7-form-control wpcf7-text\" type=\"text\" name=\"city-856\" value=\"\" size=\"40\" tabindex=\"-1\" autocomplete=\"new-password\" \/><\/span><br \/>\n<span class=\"wpcf7-form-control-wrap\" data-name=\"acceptance-100\"><span class=\"wpcf7-form-control wpcf7-acceptance\"><span class=\"wpcf7-list-item\"><label><input type=\"checkbox\" name=\"acceptance-100\" value=\"1\" aria-invalid=\"false\" \/><span class=\"wpcf7-list-item-label\">Jag accepterar inneh\u00e5llet i Health Travel Guide <a href=\"https:\/\/healthtravelguide.com\/privacy-policy\/\" target=\"_blank\">integritetspolicy *<\/a><\/span><\/label><\/span><\/span><\/span>\n<\/p>\n<p><input class=\"wpcf7-form-control wpcf7-submit has-spinner\" type=\"submit\" value=\"Boka tid f\u00f6r r\u00e5dgivning\" \/>\n<\/p><div class=\"wpcf7-response-output\" aria-hidden=\"true\"><\/div>\n<\/form>\n<\/div>\n[\/vc_column_inner][\/vc_row_inner][\/vc_column][\/vc_row]<\/p>\n","protected":false},"excerpt":{"rendered":"<p>[vc_row type=&#8221;vc_default&#8221; css=&#8221;.vc_custom_1474221376872{margin-bottom: -80px !important;}&#8221;][vc_column offset=&#8221;vc_col-lg-8 vc_col-md-8 vc_col-xs-12&#8243; css=&#8221;.vc_custom_1463573458077{margin-bottom: 80px !important;}&#8221;][vc_column_text]Estland erbjuder sjukv\u00e5rd i v\u00e4rldsklass till f\u00f6rm\u00e5nliga priser. Under de senaste \u00e5ren har allt fler resen\u00e4rer fr\u00e5n v\u00e4stra Europa och Norden rest hit f\u00f6r att f\u00e5 behandlingar. Nyfiken p\u00e5 anledningen? L\u00e4s vidare![\/vc_column_text][vc_column_text css=&#8221;.vc_custom_1559894467101{margin-bottom: 30px !important;}&#8221;]L\u00e5nga v\u00e4ntetider f\u00f6r operationer och procedurer i hemlandet \u00e4r den absolut&hellip;<\/p>\n","protected":false},"author":2,"featured_media":0,"parent":0,"menu_order":20,"comment_status":"closed","ping_status":"closed","template":"","meta":{"footnotes":""},"class_list":["post-3284","page","type-page","status-publish","hentry","description-off"],"yoast_head":"<!-- This site is optimized with the Yoast SEO plugin v24.4 - https:\/\/yoast.com\/wordpress\/plugins\/seo\/ -->\n<title>Utforska Estland - Health Travel Guide<\/title>\n<meta name=\"description\" content=\"Estland erbjuder sjukv\u00e5rd i v\u00e4rldsklass till f\u00f6rm\u00e5nliga priser. Under de senaste \u00e5ren har allt fler resen\u00e4rer fr\u00e5n v\u00e4stra Europa och Norden rest hit f\u00f6r att f\u00e5 behandlingar.\" \/>\n<meta name=\"robots\" content=\"index, follow, max-snippet:-1, max-image-preview:large, max-video-preview:-1\" \/>\n<link rel=\"canonical\" href=\"https:\/\/healthtravelguide.com\/om-estland\/\" \/>\n<meta property=\"og:locale\" content=\"sv_SE\" \/>\n<meta property=\"og:type\" content=\"article\" \/>\n<meta property=\"og:title\" content=\"Utforska Estland - Health Travel Guide\" \/>\n<meta property=\"og:description\" content=\"Estland erbjuder sjukv\u00e5rd i v\u00e4rldsklass till f\u00f6rm\u00e5nliga priser. Under de senaste \u00e5ren har allt fler resen\u00e4rer fr\u00e5n v\u00e4stra Europa och Norden rest hit f\u00f6r att f\u00e5 behandlingar.\" \/>\n<meta property=\"og:url\" content=\"https:\/\/healthtravelguide.com\/om-estland\/\" \/>\n<meta property=\"og:site_name\" content=\"Health Travel Guide\" \/>\n<meta property=\"article:modified_time\" content=\"2019-10-28T18:41:49+00:00\" \/>\n<meta name=\"twitter:card\" content=\"summary_large_image\" \/>\n<meta name=\"twitter:label1\" content=\"Ber\u00e4knad l\u00e4stid\" \/>\n\t<meta name=\"twitter:data1\" content=\"8 minuter\" \/>\n<script type=\"application\/ld+json\" class=\"yoast-schema-graph\">{\"@context\":\"https:\/\/schema.org\",\"@graph\":[{\"@type\":\"WebPage\",\"@id\":\"https:\/\/healthtravelguide.com\/om-estland\/\",\"url\":\"https:\/\/healthtravelguide.com\/om-estland\/\",\"name\":\"Utforska Estland - Health Travel Guide\",\"isPartOf\":{\"@id\":\"https:\/\/healthtravelguide.com\/#website\"},\"datePublished\":\"2019-10-28T18:38:12+00:00\",\"dateModified\":\"2019-10-28T18:41:49+00:00\",\"description\":\"Estland erbjuder sjukv\u00e5rd i v\u00e4rldsklass till f\u00f6rm\u00e5nliga priser. Under de senaste \u00e5ren har allt fler resen\u00e4rer fr\u00e5n v\u00e4stra Europa och Norden rest hit f\u00f6r att f\u00e5 behandlingar.\",\"breadcrumb\":{\"@id\":\"https:\/\/healthtravelguide.com\/om-estland\/#breadcrumb\"},\"inLanguage\":\"sv-SE\",\"potentialAction\":[{\"@type\":\"ReadAction\",\"target\":[\"https:\/\/healthtravelguide.com\/om-estland\/\"]}]},{\"@type\":\"BreadcrumbList\",\"@id\":\"https:\/\/healthtravelguide.com\/om-estland\/#breadcrumb\",\"itemListElement\":[{\"@type\":\"ListItem\",\"position\":1,\"name\":\"Home\",\"item\":\"https:\/\/healthtravelguide.com\/ingangssida\/\"},{\"@type\":\"ListItem\",\"position\":2,\"name\":\"Om Estland\"}]},{\"@type\":\"WebSite\",\"@id\":\"https:\/\/healthtravelguide.com\/#website\",\"url\":\"https:\/\/healthtravelguide.com\/\",\"name\":\"Health Travel Guide\",\"description\":\"Get first class medical treatment for less!\",\"potentialAction\":[{\"@type\":\"SearchAction\",\"target\":{\"@type\":\"EntryPoint\",\"urlTemplate\":\"https:\/\/healthtravelguide.com\/?s={search_term_string}\"},\"query-input\":{\"@type\":\"PropertyValueSpecification\",\"valueRequired\":true,\"valueName\":\"search_term_string\"}}],\"inLanguage\":\"sv-SE\"}]}<\/script>\n<!-- \/ Yoast SEO plugin. -->","yoast_head_json":{"title":"Utforska Estland - Health Travel Guide","description":"Estland erbjuder sjukv\u00e5rd i v\u00e4rldsklass till f\u00f6rm\u00e5nliga priser. Under de senaste \u00e5ren har allt fler resen\u00e4rer fr\u00e5n v\u00e4stra Europa och Norden rest hit f\u00f6r att f\u00e5 behandlingar.","robots":{"index":"index","follow":"follow","max-snippet":"max-snippet:-1","max-image-preview":"max-image-preview:large","max-video-preview":"max-video-preview:-1"},"canonical":"https:\/\/healthtravelguide.com\/om-estland\/","og_locale":"sv_SE","og_type":"article","og_title":"Utforska Estland - Health Travel Guide","og_description":"Estland erbjuder sjukv\u00e5rd i v\u00e4rldsklass till f\u00f6rm\u00e5nliga priser. Under de senaste \u00e5ren har allt fler resen\u00e4rer fr\u00e5n v\u00e4stra Europa och Norden rest hit f\u00f6r att f\u00e5 behandlingar.","og_url":"https:\/\/healthtravelguide.com\/om-estland\/","og_site_name":"Health Travel Guide","article_modified_time":"2019-10-28T18:41:49+00:00","twitter_card":"summary_large_image","twitter_misc":{"Ber\u00e4knad l\u00e4stid":"8 minuter"},"schema":{"@context":"https:\/\/schema.org","@graph":[{"@type":"WebPage","@id":"https:\/\/healthtravelguide.com\/om-estland\/","url":"https:\/\/healthtravelguide.com\/om-estland\/","name":"Utforska Estland - Health Travel Guide","isPartOf":{"@id":"https:\/\/healthtravelguide.com\/#website"},"datePublished":"2019-10-28T18:38:12+00:00","dateModified":"2019-10-28T18:41:49+00:00","description":"Estland erbjuder sjukv\u00e5rd i v\u00e4rldsklass till f\u00f6rm\u00e5nliga priser. Under de senaste \u00e5ren har allt fler resen\u00e4rer fr\u00e5n v\u00e4stra Europa och Norden rest hit f\u00f6r att f\u00e5 behandlingar.","breadcrumb":{"@id":"https:\/\/healthtravelguide.com\/om-estland\/#breadcrumb"},"inLanguage":"sv-SE","potentialAction":[{"@type":"ReadAction","target":["https:\/\/healthtravelguide.com\/om-estland\/"]}]},{"@type":"BreadcrumbList","@id":"https:\/\/healthtravelguide.com\/om-estland\/#breadcrumb","itemListElement":[{"@type":"ListItem","position":1,"name":"Home","item":"https:\/\/healthtravelguide.com\/ingangssida\/"},{"@type":"ListItem","position":2,"name":"Om Estland"}]},{"@type":"WebSite","@id":"https:\/\/healthtravelguide.com\/#website","url":"https:\/\/healthtravelguide.com\/","name":"Health Travel Guide","description":"Get first class medical treatment for less!","potentialAction":[{"@type":"SearchAction","target":{"@type":"EntryPoint","urlTemplate":"https:\/\/healthtravelguide.com\/?s={search_term_string}"},"query-input":{"@type":"PropertyValueSpecification","valueRequired":true,"valueName":"search_term_string"}}],"inLanguage":"sv-SE"}]}},"_links":{"self":[{"href":"https:\/\/healthtravelguide.com\/sv\/wp-json\/wp\/v2\/pages\/3284","targetHints":{"allow":["GET"]}}],"collection":[{"href":"https:\/\/healthtravelguide.com\/sv\/wp-json\/wp\/v2\/pages"}],"about":[{"href":"https:\/\/healthtravelguide.com\/sv\/wp-json\/wp\/v2\/types\/page"}],"author":[{"embeddable":true,"href":"https:\/\/healthtravelguide.com\/sv\/wp-json\/wp\/v2\/users\/2"}],"replies":[{"embeddable":true,"href":"https:\/\/healthtravelguide.com\/sv\/wp-json\/wp\/v2\/comments?post=3284"}],"version-history":[{"count":4,"href":"https:\/\/healthtravelguide.com\/sv\/wp-json\/wp\/v2\/pages\/3284\/revisions"}],"predecessor-version":[{"id":3289,"href":"https:\/\/healthtravelguide.com\/sv\/wp-json\/wp\/v2\/pages\/3284\/revisions\/3289"}],"wp:attachment":[{"href":"https:\/\/healthtravelguide.com\/sv\/wp-json\/wp\/v2\/media?parent=3284"}],"curies":[{"name":"wp","href":"https:\/\/api.w.org\/{rel}","templated":true}]}}