{"id":3279,"date":"2019-10-28T18:15:54","date_gmt":"2019-10-28T18:15:54","guid":{"rendered":"https:\/\/healthtravelguide.com\/om-oss\/"},"modified":"2019-10-28T18:23:52","modified_gmt":"2019-10-28T18:23:52","slug":"om-oss","status":"publish","type":"page","link":"https:\/\/healthtravelguide.com\/sv\/om-oss\/","title":{"rendered":"Om oss"},"content":{"rendered":"<p>[vc_row type=&#8221;vc_default&#8221; css=&#8221;.vc_custom_1474221376872{margin-bottom: -80px !important;}&#8221;][vc_column offset=&#8221;vc_col-lg-8 vc_col-md-8 vc_col-xs-12&#8243; css=&#8221;.vc_custom_1463573458077{margin-bottom: 80px !important;}&#8221;][vc_column_text]<span style=\"font-weight: 400;\">Health Travel Guide drivs av entusiaster inom omr\u00e5det sjukv\u00e5rdsturism. Vi har sett med egna \u00f6gon vad de Baltiska l\u00e4nderna kan erbjuda n\u00e4r det kommer till b\u00e5de n\u00f6jen och sjukv\u00e5rd, och har best\u00e4mt oss f\u00f6r att presentera detta till utlandet.<\/span><\/p>\n<p><span style=\"font-weight: 400;\">L\u00e4nder fr\u00e5n det tidigare sovjetunionen har, i j\u00e4mf\u00f6relse med resten av Europa, en enorm f\u00f6rdel tack vare h\u00f6gt kvalificerad personal och l\u00e4gre kostnader. Inom omr\u00e5det f\u00f6r bariatriska operationer endast s\u00e5 kan du se priser som \u00e4r <\/span><b>h\u00e4lften s\u00e5 dyra <\/b><span style=\"font-weight: 400;\">som motsvarande tj\u00e4nster i Storbritannien, utan n\u00e5gon som helst kvalitetsskillnad.<\/span>[\/vc_column_text]<div id=\"ultimate-heading-770569d999918bfc1\" class=\"uvc-heading ult-adjust-bottom-margin ultimate-heading-770569d999918bfc1 uvc-7727 \" data-hspacer=\"no_spacer\"  data-halign=\"left\" style=\"text-align:left\"><div class=\"uvc-heading-spacer no_spacer\" style=\"top\"><\/div><div class=\"uvc-main-heading ult-responsive\"  data-ultimate-target='.uvc-heading.ultimate-heading-770569d999918bfc1 h2'  data-responsive-json-new='{\"font-size\":\"desktop:24px;\",\"line-height\":\"desktop:30px;\"}' ><h2 style=\"font-weight:bold;margin-top:20px;margin-bottom:20px;\">V\u00e5rt m\u00e5l<\/h2><\/div><\/div>[vc_column_text css=&#8221;.vc_custom_1526550126288{margin-bottom: 30px !important;}&#8221;]<span style=\"font-weight: 400;\">Enkelt uttryckt s\u00e5 \u00e4r v\u00e5rt m\u00e5l att ansluta m\u00e4nniskor till medicinska tj\u00e4nster som de beh\u00f6ver, till en l\u00e4gre kostnad. Varf\u00f6r? Lokalboende uppskattar ofta att ber\u00e4tta om bra saker h\u00e4r och vad som <\/span><b>\u00e4r v\u00e4rt att dela sig med av. <\/b><span style=\"font-weight: 400;\">Med \u00e5ratal av erfarenhet fr\u00e5n olika f\u00f6retag har vi ett bra n\u00e4tverk med professionell personal, och sjukv\u00e5rdsomr\u00e5det har alltid imponerat p\u00e5 oss.<\/span><\/p>\n<p><b>Viktminskningsoperationer f\u00f6r\u00e4ndrar liv <\/b><span style=\"font-weight: 400;\">och \u00f6kar livskvaliteten samtidigt som de till och med kan bota allvarliga tillst\u00e5nd. Sjukv\u00e5rdsturismen till Baltikum har vuxit exponentiellt under de senaste \u00e5ren, speciellt n\u00e4r det handlar om mags\u00e4cksoperationer, och det av en god anledning. Vi hj\u00e4lper dig hitta en passande l\u00e4kare och ger dig konsultationer inf\u00f6r den procedur som passar dina behov b\u00e4st.<\/span>[\/vc_column_text]<style type=\"text\/css\" data-type=\"the7_shortcodes-inline-css\">#default-btn-ec6003007f2485bdfe054146d8aa9830.ico-right-side > i {\n  margin-right: 0px;\n  margin-left: 8px;\n}\n#default-btn-ec6003007f2485bdfe054146d8aa9830 > i {\n  margin-right: 8px;\n}\n<\/style><a href=\"https:\/\/healthtravelguide.com\/sv\/bariatrisk-kirurgi\/bariatrisk-operation-lamplighetsundersokning\/\" class=\"default-btn-shortcode dt-btn dt-btn-m link-hover-off btn-inline-left  vc_custom_1572287017015\" id=\"default-btn-ec6003007f2485bdfe054146d8aa9830\" title=\"Komma ig\u00e5ng\"><span>Komma ig\u00e5ng<\/span><\/a>[\/vc_column][vc_column offset=&#8221;vc_col-lg-4 vc_col-md-4 vc_col-xs-12&#8243; el_class=&#8221;custom_sidebar&#8221; css=&#8221;.vc_custom_1474221370251{padding-bottom: 80px !important;}&#8221;][vc_row_inner css=&#8221;.vc_custom_1463573390268{padding-right: 25px !important;padding-bottom: 30px !important;padding-left: 25px !important;}&#8221;][vc_column_inner css=&#8221;.vc_custom_1462517200859{padding-top: 30px !important;padding-right: 30px !important;padding-bottom: 10px !important;padding-left: 30px !important;background-color: #f4f4f4 !important;}&#8221;]<div id=\"ultimate-heading-377369d999918c0ef\" class=\"uvc-heading ult-adjust-bottom-margin ultimate-heading-377369d999918c0ef uvc-3182 \" data-hspacer=\"no_spacer\"  data-halign=\"left\" style=\"text-align:left\"><div class=\"uvc-heading-spacer no_spacer\" style=\"top\"><\/div><div class=\"uvc-main-heading ult-responsive\"  data-ultimate-target='.uvc-heading.ultimate-heading-377369d999918c0ef h3'  data-responsive-json-new='{\"font-size\":\"desktop:20px;\",\"line-height\":\"desktop:26px;\"}' ><h3 style=\"font-weight:bold;margin-bottom:20px;\">V\u00e5ra tj\u00e4nster<\/h3><\/div><\/div>[vc_widget_sidebar show_bg=&#8221;false&#8221; sidebar_id=&#8221;sidebar_3&#8243; el_class=&#8221;service_menu&#8221;]<div class=\"standard-arrow bullet-top\"><ul>\n<li><a href=\"https:\/\/healthtravelguide.com\/sv\/bariatrisk-kirurgi\/\">Gastrisk bypass<\/a><\/li>\n<li><a href=\"https:\/\/healthtravelguide.com\/sv\/bariatrisk-kirurgi\/gastrisk-sleeve\/\">Gastrisk sleeve<\/a><\/li>\n<li><a href=\"https:\/\/healthtravelguide.com\/sv\/bariatrisk-kirurgi\/gastriskt-band\/\">Gastrisk band<\/a><\/li>\n<li><a href=\"https:\/\/healthtravelguide.com\/sv\/bariatrisk-kirurgi\/gastrisk-ballong\/\">Gastrisk ballong<\/a><\/li>\n<li><a href=\"https:\/\/healthtravelguide.com\/sv\/bariatrisk-kirurgi\/gastrisk-plication\/\">Gastrisk plication<\/a><\/li>\n<li><a href=\"https:\/\/healthtravelguide.com\/sv\/skonhetsoperationer\/\">Sk\u00f6nhetsoperationer<\/a><\/li>\n<\/ul>\n<\/div>[\/vc_column_inner][\/vc_row_inner][vc_row_inner css=&#8221;.vc_custom_1462516802446{padding-right: 25px !important;padding-left: 25px !important;}&#8221;][vc_column_inner css=&#8221;.vc_custom_1471295267122{padding-top: 30px !important;padding-right: 30px !important;padding-bottom: 20px !important;padding-left: 30px !important;background-color: #f4f4f4 !important;}&#8221;]<div id=\"ultimate-heading-502969d999918c181\" class=\"uvc-heading ult-adjust-bottom-margin ultimate-heading-502969d999918c181 uvc-1551  uvc-heading-default-font-sizes\" data-hspacer=\"no_spacer\"  data-halign=\"left\" style=\"text-align:left\"><div class=\"uvc-heading-spacer no_spacer\" style=\"top\"><\/div><div class=\"uvc-main-heading ult-responsive\"  data-ultimate-target='.uvc-heading.ultimate-heading-502969d999918c181 h3'  data-responsive-json-new='{\"font-size\":\"\",\"line-height\":\"\"}' ><h3 style=\"font-weight:bold;margin-bottom:20px;\">Boka ett m\u00f6te<\/h3><\/div><\/div>[vc_column_text]<i><span style=\"font-weight: 400;\">Kontakta oss idag s\u00e5 s\u00e4tter vi dig i kontakt med Estlands b\u00e4sta kirurger.<\/span><\/i>[\/vc_column_text][vc_empty_space height=&#8221;30px&#8221;]\n<div class=\"wpcf7 no-js\" id=\"wpcf7-f3166-o1\" lang=\"en-US\" dir=\"ltr\" data-wpcf7-id=\"3166\">\n<div class=\"screen-reader-response\"><p role=\"status\" aria-live=\"polite\" aria-atomic=\"true\"><\/p> <ul><\/ul><\/div>\n<form action=\"\/sv\/wp-json\/wp\/v2\/pages\/3279#wpcf7-f3166-o1\" method=\"post\" class=\"wpcf7-form init\" aria-label=\"Contact form\" novalidate=\"novalidate\" data-status=\"init\">\n<div style=\"display: none;\">\n<input type=\"hidden\" name=\"_wpcf7\" value=\"3166\" \/>\n<input type=\"hidden\" name=\"_wpcf7_version\" value=\"6.0.4\" \/>\n<input type=\"hidden\" name=\"_wpcf7_locale\" value=\"en_US\" \/>\n<input type=\"hidden\" name=\"_wpcf7_unit_tag\" value=\"wpcf7-f3166-o1\" \/>\n<input type=\"hidden\" name=\"_wpcf7_container_post\" value=\"0\" \/>\n<input type=\"hidden\" name=\"_wpcf7_posted_data_hash\" value=\"\" \/>\n<input type=\"hidden\" name=\"_wpcf7_recaptcha_response\" value=\"\" \/>\n<\/div>\n<p><label><span class=\"wpcf7-form-control-wrap\" data-name=\"your-name\"><input size=\"40\" maxlength=\"400\" class=\"wpcf7-form-control wpcf7-text wpcf7-validates-as-required\" aria-required=\"true\" aria-invalid=\"false\" placeholder=\"Ditt namn*\" value=\"\" type=\"text\" name=\"your-name\" \/><\/span> <\/label><br \/>\n<label><span class=\"wpcf7-form-control-wrap\" data-name=\"your-email\"><input size=\"40\" maxlength=\"400\" class=\"wpcf7-form-control wpcf7-email wpcf7-validates-as-required wpcf7-text wpcf7-validates-as-email\" aria-required=\"true\" aria-invalid=\"false\" placeholder=\"Ditt E-mail*\" value=\"\" type=\"email\" name=\"your-email\" \/><\/span> <\/label><br \/>\n<label><span class=\"wpcf7-form-control-wrap\" data-name=\"tel-137\"><input size=\"40\" maxlength=\"400\" class=\"wpcf7-form-control wpcf7-tel wpcf7-text wpcf7-validates-as-tel\" aria-invalid=\"false\" placeholder=\"Telefon\" value=\"\" type=\"tel\" name=\"tel-137\" \/><\/span><\/label><br \/>\n<label><span class=\"wpcf7-form-control-wrap\" data-name=\"your-message\"><textarea cols=\"40\" rows=\"3\" maxlength=\"2000\" class=\"wpcf7-form-control wpcf7-textarea\" aria-invalid=\"false\" placeholder=\"Meddelande\" name=\"your-message\"><\/textarea><\/span> <\/label><br \/>\n<span id=\"wpcf7-69d999918d2bb-wrapper\" class=\"wpcf7-form-control-wrap city-856-wrap\" style=\"display:none !important; visibility:hidden !important;\"><label for=\"wpcf7-69d999918d2bb-field\" class=\"hp-message\">Please leave this field empty.<\/label><input id=\"wpcf7-69d999918d2bb-field\"  class=\"wpcf7-form-control wpcf7-text\" type=\"text\" name=\"city-856\" value=\"\" size=\"40\" tabindex=\"-1\" autocomplete=\"new-password\" \/><\/span><br \/>\n<span class=\"wpcf7-form-control-wrap\" data-name=\"acceptance-100\"><span class=\"wpcf7-form-control wpcf7-acceptance\"><span class=\"wpcf7-list-item\"><label><input type=\"checkbox\" name=\"acceptance-100\" value=\"1\" aria-invalid=\"false\" \/><span class=\"wpcf7-list-item-label\">Jag accepterar inneh\u00e5llet i Health Travel Guide <a href=\"https:\/\/healthtravelguide.com\/privacy-policy\/\" target=\"_blank\">integritetspolicy *<\/a><\/span><\/label><\/span><\/span><\/span>\n<\/p>\n<p><input class=\"wpcf7-form-control wpcf7-submit has-spinner\" type=\"submit\" value=\"Boka tid f\u00f6r r\u00e5dgivning\" \/>\n<\/p><div class=\"wpcf7-response-output\" aria-hidden=\"true\"><\/div>\n<\/form>\n<\/div>\n[\/vc_column_inner][\/vc_row_inner][\/vc_column][\/vc_row]<\/p>\n","protected":false},"excerpt":{"rendered":"<p>[vc_row type=&#8221;vc_default&#8221; css=&#8221;.vc_custom_1474221376872{margin-bottom: -80px !important;}&#8221;][vc_column offset=&#8221;vc_col-lg-8 vc_col-md-8 vc_col-xs-12&#8243; css=&#8221;.vc_custom_1463573458077{margin-bottom: 80px !important;}&#8221;][vc_column_text]Health Travel Guide drivs av entusiaster inom omr\u00e5det sjukv\u00e5rdsturism. Vi har sett med egna \u00f6gon vad de Baltiska l\u00e4nderna kan erbjuda n\u00e4r det kommer till b\u00e5de n\u00f6jen och sjukv\u00e5rd, och har best\u00e4mt oss f\u00f6r att presentera detta till utlandet. L\u00e4nder fr\u00e5n det tidigare sovjetunionen har,&hellip;<\/p>\n","protected":false},"author":1,"featured_media":0,"parent":0,"menu_order":20,"comment_status":"closed","ping_status":"closed","template":"","meta":{"footnotes":""},"class_list":["post-3279","page","type-page","status-publish","hentry","description-off"],"yoast_head":"<!-- This site is optimized with the Yoast SEO plugin v24.4 - https:\/\/yoast.com\/wordpress\/plugins\/seo\/ -->\n<title>Om oss - Health Travel Guide<\/title>\n<meta name=\"description\" content=\"Health Travel Guide drivs av entusiaster inom omr\u00e5det sjukv\u00e5rdsturism. Vi har sett med egna \u00f6gon vad de Baltiska l\u00e4nderna kan erbjuda n\u00e4r det kommer till b\u00e5de n\u00f6jen och sjukv\u00e5rd, och har best\u00e4mt oss f\u00f6r att presentera detta till utlandet.\" \/>\n<meta name=\"robots\" content=\"index, follow, max-snippet:-1, max-image-preview:large, max-video-preview:-1\" \/>\n<link rel=\"canonical\" href=\"https:\/\/healthtravelguide.com\/om-oss\/\" \/>\n<meta property=\"og:locale\" content=\"sv_SE\" \/>\n<meta property=\"og:type\" content=\"article\" \/>\n<meta property=\"og:title\" content=\"Om oss - Health Travel Guide\" \/>\n<meta property=\"og:description\" content=\"Health Travel Guide drivs av entusiaster inom omr\u00e5det sjukv\u00e5rdsturism. Vi har sett med egna \u00f6gon vad de Baltiska l\u00e4nderna kan erbjuda n\u00e4r det kommer till b\u00e5de n\u00f6jen och sjukv\u00e5rd, och har best\u00e4mt oss f\u00f6r att presentera detta till utlandet.\" \/>\n<meta property=\"og:url\" content=\"https:\/\/healthtravelguide.com\/om-oss\/\" \/>\n<meta property=\"og:site_name\" content=\"Health Travel Guide\" \/>\n<meta property=\"article:modified_time\" content=\"2019-10-28T18:23:52+00:00\" \/>\n<meta name=\"twitter:card\" content=\"summary_large_image\" \/>\n<meta name=\"twitter:label1\" content=\"Ber\u00e4knad l\u00e4stid\" \/>\n\t<meta name=\"twitter:data1\" content=\"3 minuter\" \/>\n<script type=\"application\/ld+json\" class=\"yoast-schema-graph\">{\"@context\":\"https:\/\/schema.org\",\"@graph\":[{\"@type\":\"WebPage\",\"@id\":\"https:\/\/healthtravelguide.com\/om-oss\/\",\"url\":\"https:\/\/healthtravelguide.com\/om-oss\/\",\"name\":\"Om oss - Health Travel Guide\",\"isPartOf\":{\"@id\":\"https:\/\/healthtravelguide.com\/#website\"},\"datePublished\":\"2019-10-28T18:15:54+00:00\",\"dateModified\":\"2019-10-28T18:23:52+00:00\",\"description\":\"Health Travel Guide drivs av entusiaster inom omr\u00e5det sjukv\u00e5rdsturism. Vi har sett med egna \u00f6gon vad de Baltiska l\u00e4nderna kan erbjuda n\u00e4r det kommer till b\u00e5de n\u00f6jen och sjukv\u00e5rd, och har best\u00e4mt oss f\u00f6r att presentera detta till utlandet.\",\"breadcrumb\":{\"@id\":\"https:\/\/healthtravelguide.com\/om-oss\/#breadcrumb\"},\"inLanguage\":\"sv-SE\",\"potentialAction\":[{\"@type\":\"ReadAction\",\"target\":[\"https:\/\/healthtravelguide.com\/om-oss\/\"]}]},{\"@type\":\"BreadcrumbList\",\"@id\":\"https:\/\/healthtravelguide.com\/om-oss\/#breadcrumb\",\"itemListElement\":[{\"@type\":\"ListItem\",\"position\":1,\"name\":\"Home\",\"item\":\"https:\/\/healthtravelguide.com\/ingangssida\/\"},{\"@type\":\"ListItem\",\"position\":2,\"name\":\"Om oss\"}]},{\"@type\":\"WebSite\",\"@id\":\"https:\/\/healthtravelguide.com\/#website\",\"url\":\"https:\/\/healthtravelguide.com\/\",\"name\":\"Health Travel Guide\",\"description\":\"Get first class medical treatment for less!\",\"potentialAction\":[{\"@type\":\"SearchAction\",\"target\":{\"@type\":\"EntryPoint\",\"urlTemplate\":\"https:\/\/healthtravelguide.com\/?s={search_term_string}\"},\"query-input\":{\"@type\":\"PropertyValueSpecification\",\"valueRequired\":true,\"valueName\":\"search_term_string\"}}],\"inLanguage\":\"sv-SE\"}]}<\/script>\n<!-- \/ Yoast SEO plugin. -->","yoast_head_json":{"title":"Om oss - Health Travel Guide","description":"Health Travel Guide drivs av entusiaster inom omr\u00e5det sjukv\u00e5rdsturism. Vi har sett med egna \u00f6gon vad de Baltiska l\u00e4nderna kan erbjuda n\u00e4r det kommer till b\u00e5de n\u00f6jen och sjukv\u00e5rd, och har best\u00e4mt oss f\u00f6r att presentera detta till utlandet.","robots":{"index":"index","follow":"follow","max-snippet":"max-snippet:-1","max-image-preview":"max-image-preview:large","max-video-preview":"max-video-preview:-1"},"canonical":"https:\/\/healthtravelguide.com\/om-oss\/","og_locale":"sv_SE","og_type":"article","og_title":"Om oss - Health Travel Guide","og_description":"Health Travel Guide drivs av entusiaster inom omr\u00e5det sjukv\u00e5rdsturism. Vi har sett med egna \u00f6gon vad de Baltiska l\u00e4nderna kan erbjuda n\u00e4r det kommer till b\u00e5de n\u00f6jen och sjukv\u00e5rd, och har best\u00e4mt oss f\u00f6r att presentera detta till utlandet.","og_url":"https:\/\/healthtravelguide.com\/om-oss\/","og_site_name":"Health Travel Guide","article_modified_time":"2019-10-28T18:23:52+00:00","twitter_card":"summary_large_image","twitter_misc":{"Ber\u00e4knad l\u00e4stid":"3 minuter"},"schema":{"@context":"https:\/\/schema.org","@graph":[{"@type":"WebPage","@id":"https:\/\/healthtravelguide.com\/om-oss\/","url":"https:\/\/healthtravelguide.com\/om-oss\/","name":"Om oss - Health Travel Guide","isPartOf":{"@id":"https:\/\/healthtravelguide.com\/#website"},"datePublished":"2019-10-28T18:15:54+00:00","dateModified":"2019-10-28T18:23:52+00:00","description":"Health Travel Guide drivs av entusiaster inom omr\u00e5det sjukv\u00e5rdsturism. Vi har sett med egna \u00f6gon vad de Baltiska l\u00e4nderna kan erbjuda n\u00e4r det kommer till b\u00e5de n\u00f6jen och sjukv\u00e5rd, och har best\u00e4mt oss f\u00f6r att presentera detta till utlandet.","breadcrumb":{"@id":"https:\/\/healthtravelguide.com\/om-oss\/#breadcrumb"},"inLanguage":"sv-SE","potentialAction":[{"@type":"ReadAction","target":["https:\/\/healthtravelguide.com\/om-oss\/"]}]},{"@type":"BreadcrumbList","@id":"https:\/\/healthtravelguide.com\/om-oss\/#breadcrumb","itemListElement":[{"@type":"ListItem","position":1,"name":"Home","item":"https:\/\/healthtravelguide.com\/ingangssida\/"},{"@type":"ListItem","position":2,"name":"Om oss"}]},{"@type":"WebSite","@id":"https:\/\/healthtravelguide.com\/#website","url":"https:\/\/healthtravelguide.com\/","name":"Health Travel Guide","description":"Get first class medical treatment for less!","potentialAction":[{"@type":"SearchAction","target":{"@type":"EntryPoint","urlTemplate":"https:\/\/healthtravelguide.com\/?s={search_term_string}"},"query-input":{"@type":"PropertyValueSpecification","valueRequired":true,"valueName":"search_term_string"}}],"inLanguage":"sv-SE"}]}},"_links":{"self":[{"href":"https:\/\/healthtravelguide.com\/sv\/wp-json\/wp\/v2\/pages\/3279","targetHints":{"allow":["GET"]}}],"collection":[{"href":"https:\/\/healthtravelguide.com\/sv\/wp-json\/wp\/v2\/pages"}],"about":[{"href":"https:\/\/healthtravelguide.com\/sv\/wp-json\/wp\/v2\/types\/page"}],"author":[{"embeddable":true,"href":"https:\/\/healthtravelguide.com\/sv\/wp-json\/wp\/v2\/users\/1"}],"replies":[{"embeddable":true,"href":"https:\/\/healthtravelguide.com\/sv\/wp-json\/wp\/v2\/comments?post=3279"}],"version-history":[{"count":3,"href":"https:\/\/healthtravelguide.com\/sv\/wp-json\/wp\/v2\/pages\/3279\/revisions"}],"predecessor-version":[{"id":3283,"href":"https:\/\/healthtravelguide.com\/sv\/wp-json\/wp\/v2\/pages\/3279\/revisions\/3283"}],"wp:attachment":[{"href":"https:\/\/healthtravelguide.com\/sv\/wp-json\/wp\/v2\/media?parent=3279"}],"curies":[{"name":"wp","href":"https:\/\/api.w.org\/{rel}","templated":true}]}}