{"id":3106,"date":"2019-05-31T20:58:34","date_gmt":"2019-05-31T20:58:34","guid":{"rendered":"https:\/\/healthtravelguide.com\/skonhetsoperationer\/"},"modified":"2019-09-21T09:55:42","modified_gmt":"2019-09-21T09:55:42","slug":"skonhetsoperationer","status":"publish","type":"page","link":"https:\/\/healthtravelguide.com\/sv\/skonhetsoperationer\/","title":{"rendered":"Sk\u00f6nhetsoperationer"},"content":{"rendered":"<p>[vc_row type=&#8221;vc_default&#8221; css=&#8221;.vc_custom_1474221376872{margin-bottom: -80px !important;}&#8221;][vc_column offset=&#8221;vc_col-lg-8 vc_col-md-8 vc_col-xs-12&#8243; css=&#8221;.vc_custom_1463573458077{margin-bottom: 80px !important;}&#8221;]<div id=\"ultimate-heading-172669d99991e788a\" class=\"uvc-heading ult-adjust-bottom-margin ultimate-heading-172669d99991e788a uvc-3939 \" data-hspacer=\"no_spacer\"  data-halign=\"left\" style=\"text-align:left\"><div class=\"uvc-heading-spacer no_spacer\" style=\"top\"><\/div><div class=\"uvc-main-heading ult-responsive\"  data-ultimate-target='.uvc-heading.ultimate-heading-172669d99991e788a h2'  data-responsive-json-new='{\"font-size\":\"desktop:24px;\",\"line-height\":\"desktop:30px;\"}' ><h2 style=\"font-weight:bold;margin-top:20px;margin-bottom:20px;\">Vad \u00e4r sk\u00f6nhetsoperationer?<\/h2><\/div><\/div>[vc_column_text]<span style=\"font-weight: 400;\">En sk\u00f6nhetsoperations behandlingar, tekniker och principer \u00e4r helt och h\u00e5llet fokuserade p\u00e5 att f\u00f6rsk\u00f6na patientens utseende. M\u00e5let \u00e4r att f\u00f6rb\u00e4ttra patientens utseende, symmetri och proportioner. Sk\u00f6nhetsoperationer kan genomf\u00f6ras p\u00e5 hela huvudet, nacken och kroppen. Eftersom de behandlade omr\u00e5dena fungerar normalt \u00e4r sk\u00f6nhetsoperationer ett helt eget val. Sk\u00f6nhetsoperationer genomf\u00f6rs av l\u00e4kare som \u00e4r specialiserade inom en rad olika omr\u00e5den, inklusive plastikkirurgi.<\/span>[\/vc_column_text]<div id=\"ultimate-heading-374169d99991e7905\" class=\"uvc-heading ult-adjust-bottom-margin ultimate-heading-374169d99991e7905 uvc-9682 \" data-hspacer=\"no_spacer\"  data-halign=\"left\" style=\"text-align:left\"><div class=\"uvc-heading-spacer no_spacer\" style=\"top\"><\/div><div class=\"uvc-main-heading ult-responsive\"  data-ultimate-target='.uvc-heading.ultimate-heading-374169d99991e7905 h2'  data-responsive-json-new='{\"font-size\":\"desktop:24px;\",\"line-height\":\"desktop:30px;\"}' ><h2 style=\"font-weight:bold;margin-top:20px;margin-bottom:20px;\">Sk\u00f6nhetsoperationer omfattar bland annat:<\/h2><\/div><\/div>[vc_row_inner css=&#8221;.vc_custom_1462354927208{padding-top: 22px !important;padding-bottom: 20px !important;}&#8221;][vc_column_inner width=&#8221;1\/2&#8243;]<div class=\"standard-arrow bullet-top\"><ul>\n<li style=\"font-weight: 400;\"><span style=\"font-weight: 400;\">Br\u00f6stf\u00f6rb\u00e4ttring: F\u00f6rstorning, lyft, f\u00f6rminskning<\/span><\/li>\n<li style=\"font-weight: 400;\"><span style=\"font-weight: 400;\">Ansiktets konturer: F\u00f6rb\u00e4ttring av n\u00e4san, hakan eller kinderna<\/span><\/li>\n<li style=\"font-weight: 400;\"><span style=\"font-weight: 400;\">Ansiktsf\u00f6ryngring: Ansiktslyftning, \u00f6gonlockslyft, nacklyft, \u00f6gonbrynslyft<\/span><\/li>\n<\/ul>\n<\/div>[\/vc_column_inner][vc_column_inner width=&#8221;1\/2&#8243;]<div class=\"standard-arrow bullet-top\"><ul>\n<li><span style=\"font-weight: 400;\">Kroppskonturer: Bukplastik, fettsugning, br\u00f6stf\u00f6rminskning f\u00f6r m\u00e4n<\/span><\/li>\n<li style=\"font-weight: 400;\"><span style=\"font-weight: 400;\">Hudf\u00f6ryngring: Laserbehandlingar, Botox<\/span><span style=\"font-weight: 400;\">\u00ae<\/span><span style=\"font-weight: 400;\">, Fillerbehandlingar<\/span><\/li>\n<\/ul>\n<\/div>[\/vc_column_inner][\/vc_row_inner]<style type=\"text\/css\" data-type=\"the7_shortcodes-inline-css\">#default-btn-d9c7e79d75358819617e35054c5072e0.ico-right-side > i {\n  margin-right: 0px;\n  margin-left: 8px;\n}\n#default-btn-d9c7e79d75358819617e35054c5072e0 > i {\n  margin-right: 8px;\n}\n<\/style><a href=\"https:\/\/healthtravelguide.com\/sv\/bariatrisk-kirurgi\/bariatrisk-operation-lamplighetsundersokning\/\" class=\"default-btn-shortcode dt-btn dt-btn-m link-hover-off btn-inline-left  vc_custom_1569059734665\" id=\"default-btn-d9c7e79d75358819617e35054c5072e0\" title=\"komma ig\u00e5ng\"><span>komma ig\u00e5ng!<\/span><\/a>[\/vc_column][vc_column offset=&#8221;vc_col-lg-4 vc_col-md-4 vc_col-xs-12&#8243; el_class=&#8221;custom_sidebar&#8221; css=&#8221;.vc_custom_1474221370251{padding-bottom: 80px !important;}&#8221;][vc_row_inner css=&#8221;.vc_custom_1463573390268{padding-right: 25px !important;padding-bottom: 30px !important;padding-left: 25px !important;}&#8221;][vc_column_inner css=&#8221;.vc_custom_1462517200859{padding-top: 30px !important;padding-right: 30px !important;padding-bottom: 10px !important;padding-left: 30px !important;background-color: #f4f4f4 !important;}&#8221;]<div id=\"ultimate-heading-230769d99991e7b63\" class=\"uvc-heading ult-adjust-bottom-margin ultimate-heading-230769d99991e7b63 uvc-8978 \" data-hspacer=\"no_spacer\"  data-halign=\"left\" style=\"text-align:left\"><div class=\"uvc-heading-spacer no_spacer\" style=\"top\"><\/div><div class=\"uvc-main-heading ult-responsive\"  data-ultimate-target='.uvc-heading.ultimate-heading-230769d99991e7b63 h3'  data-responsive-json-new='{\"font-size\":\"desktop:20px;\",\"line-height\":\"desktop:26px;\"}' ><h3 style=\"font-weight:bold;margin-bottom:20px;\">Fler tj\u00e4nster<\/h3><\/div><\/div>[vc_widget_sidebar show_bg=&#8221;false&#8221; sidebar_id=&#8221;sidebar_3&#8243; el_class=&#8221;service_menu&#8221;]<div class=\"standard-arrow bullet-top\"><ul>\n<li style=\"font-weight: 400;\"><a href=\"https:\/\/healthtravelguide.com\/sv\/bariatrisk-kirurgi\/\"><span style=\"font-weight: 400;\">Gastrisk bypass<\/span><\/a><\/li>\n<li style=\"font-weight: 400;\"><a href=\"https:\/\/healthtravelguide.com\/sv\/bariatrisk-kirurgi\/gastrisk-sleeve\/\"><span style=\"font-weight: 400;\">Gastrisk sleeve<\/span><\/a><\/li>\n<li style=\"font-weight: 400;\"><a href=\"https:\/\/healthtravelguide.com\/sv\/bariatrisk-kirurgi\/gastriskt-band\/\"><span style=\"font-weight: 400;\">Gastrisk band<\/span><\/a><\/li>\n<li style=\"font-weight: 400;\"><a href=\"https:\/\/healthtravelguide.com\/sv\/bariatrisk-kirurgi\/gastrisk-ballong\/\"><span style=\"font-weight: 400;\">Gastrisk ballong<\/span><\/a><\/li>\n<li style=\"font-weight: 400;\"><a href=\"https:\/\/healthtravelguide.com\/sv\/bariatrisk-kirurgi\/gastrisk-plication\/\"><span style=\"font-weight: 400;\">Gastrisk plication<\/span><\/a><\/li>\n<\/ul>\n<\/div>[\/vc_column_inner][\/vc_row_inner][vc_row_inner css=&#8221;.vc_custom_1462516802446{padding-right: 25px !important;padding-left: 25px !important;}&#8221;][vc_column_inner css=&#8221;.vc_custom_1471295267122{padding-top: 30px !important;padding-right: 30px !important;padding-bottom: 20px !important;padding-left: 30px !important;background-color: #f4f4f4 !important;}&#8221;]<div id=\"ultimate-heading-743869d99991e7c47\" class=\"uvc-heading ult-adjust-bottom-margin ultimate-heading-743869d99991e7c47 uvc-7112  uvc-heading-default-font-sizes\" data-hspacer=\"no_spacer\"  data-halign=\"left\" style=\"text-align:left\"><div class=\"uvc-heading-spacer no_spacer\" style=\"top\"><\/div><div class=\"uvc-main-heading ult-responsive\"  data-ultimate-target='.uvc-heading.ultimate-heading-743869d99991e7c47 h3'  data-responsive-json-new='{\"font-size\":\"\",\"line-height\":\"\"}' ><h3 style=\"font-weight:bold;margin-bottom:20px;\">Boka tid f\u00f6r r\u00e5dgivning<\/h3><\/div><\/div>[vc_column_text]<span style=\"font-weight: 400;\">Kontakta oss nu s\u00e5 s\u00e4tter vi dig i kontakt med de b\u00e4sta plastikkirurgerna i Estland.<\/span>[\/vc_column_text][vc_empty_space height=&#8221;30px&#8221;]\n<div class=\"wpcf7 no-js\" id=\"wpcf7-f3166-o1\" lang=\"en-US\" dir=\"ltr\" data-wpcf7-id=\"3166\">\n<div class=\"screen-reader-response\"><p role=\"status\" aria-live=\"polite\" aria-atomic=\"true\"><\/p> <ul><\/ul><\/div>\n<form action=\"\/sv\/wp-json\/wp\/v2\/pages\/3106#wpcf7-f3166-o1\" method=\"post\" class=\"wpcf7-form init\" aria-label=\"Contact form\" novalidate=\"novalidate\" data-status=\"init\">\n<div style=\"display: none;\">\n<input type=\"hidden\" name=\"_wpcf7\" value=\"3166\" \/>\n<input type=\"hidden\" name=\"_wpcf7_version\" value=\"6.0.4\" \/>\n<input type=\"hidden\" name=\"_wpcf7_locale\" value=\"en_US\" \/>\n<input type=\"hidden\" name=\"_wpcf7_unit_tag\" value=\"wpcf7-f3166-o1\" \/>\n<input type=\"hidden\" name=\"_wpcf7_container_post\" value=\"0\" \/>\n<input type=\"hidden\" name=\"_wpcf7_posted_data_hash\" value=\"\" \/>\n<input type=\"hidden\" name=\"_wpcf7_recaptcha_response\" value=\"\" \/>\n<\/div>\n<p><label><span class=\"wpcf7-form-control-wrap\" data-name=\"your-name\"><input size=\"40\" maxlength=\"400\" class=\"wpcf7-form-control wpcf7-text wpcf7-validates-as-required\" aria-required=\"true\" aria-invalid=\"false\" placeholder=\"Ditt namn*\" value=\"\" type=\"text\" name=\"your-name\" \/><\/span> <\/label><br \/>\n<label><span class=\"wpcf7-form-control-wrap\" data-name=\"your-email\"><input size=\"40\" maxlength=\"400\" class=\"wpcf7-form-control wpcf7-email wpcf7-validates-as-required wpcf7-text wpcf7-validates-as-email\" aria-required=\"true\" aria-invalid=\"false\" placeholder=\"Ditt E-mail*\" value=\"\" type=\"email\" name=\"your-email\" \/><\/span> <\/label><br \/>\n<label><span class=\"wpcf7-form-control-wrap\" data-name=\"tel-137\"><input size=\"40\" maxlength=\"400\" class=\"wpcf7-form-control wpcf7-tel wpcf7-text wpcf7-validates-as-tel\" aria-invalid=\"false\" placeholder=\"Telefon\" value=\"\" type=\"tel\" name=\"tel-137\" \/><\/span><\/label><br \/>\n<label><span class=\"wpcf7-form-control-wrap\" data-name=\"your-message\"><textarea cols=\"40\" rows=\"3\" maxlength=\"2000\" class=\"wpcf7-form-control wpcf7-textarea\" aria-invalid=\"false\" placeholder=\"Meddelande\" name=\"your-message\"><\/textarea><\/span> <\/label><br \/>\n<span id=\"wpcf7-69d99991e9651-wrapper\" class=\"wpcf7-form-control-wrap city-856-wrap\" style=\"display:none !important; visibility:hidden !important;\"><label for=\"wpcf7-69d99991e9651-field\" class=\"hp-message\">Please leave this field empty.<\/label><input id=\"wpcf7-69d99991e9651-field\"  class=\"wpcf7-form-control wpcf7-text\" type=\"text\" name=\"city-856\" value=\"\" size=\"40\" tabindex=\"-1\" autocomplete=\"new-password\" \/><\/span><br \/>\n<span class=\"wpcf7-form-control-wrap\" data-name=\"acceptance-100\"><span class=\"wpcf7-form-control wpcf7-acceptance\"><span class=\"wpcf7-list-item\"><label><input type=\"checkbox\" name=\"acceptance-100\" value=\"1\" aria-invalid=\"false\" \/><span class=\"wpcf7-list-item-label\">Jag accepterar inneh\u00e5llet i Health Travel Guide <a href=\"https:\/\/healthtravelguide.com\/privacy-policy\/\" target=\"_blank\">integritetspolicy *<\/a><\/span><\/label><\/span><\/span><\/span>\n<\/p>\n<p><input class=\"wpcf7-form-control wpcf7-submit has-spinner\" type=\"submit\" value=\"Boka tid f\u00f6r r\u00e5dgivning\" \/>\n<\/p><div class=\"wpcf7-response-output\" aria-hidden=\"true\"><\/div>\n<\/form>\n<\/div>\n[\/vc_column_inner][\/vc_row_inner][\/vc_column][\/vc_row]<\/p>\n","protected":false},"excerpt":{"rendered":"<p>[vc_row type=&#8221;vc_default&#8221; css=&#8221;.vc_custom_1474221376872{margin-bottom: -80px !important;}&#8221;][vc_column offset=&#8221;vc_col-lg-8 vc_col-md-8 vc_col-xs-12&#8243; css=&#8221;.vc_custom_1463573458077{margin-bottom: 80px !important;}&#8221;][vc_column_text]En sk\u00f6nhetsoperations behandlingar, tekniker och principer \u00e4r helt och h\u00e5llet fokuserade p\u00e5 att f\u00f6rsk\u00f6na patientens utseende. M\u00e5let \u00e4r att f\u00f6rb\u00e4ttra patientens utseende, symmetri och proportioner. Sk\u00f6nhetsoperationer kan genomf\u00f6ras p\u00e5 hela huvudet, nacken och kroppen. Eftersom de behandlade omr\u00e5dena fungerar normalt \u00e4r sk\u00f6nhetsoperationer ett helt eget&hellip;<\/p>\n","protected":false},"author":1,"featured_media":0,"parent":0,"menu_order":20,"comment_status":"closed","ping_status":"closed","template":"","meta":{"footnotes":""},"class_list":["post-3106","page","type-page","status-publish","hentry","description-off"],"yoast_head":"<!-- This site is optimized with the Yoast SEO plugin v24.4 - https:\/\/yoast.com\/wordpress\/plugins\/seo\/ -->\n<title>Sk\u00f6nhetsoperationer i Europa: L\u00e5ga priser, ledande kliniker - Health travel guide<\/title>\n<meta name=\"description\" content=\"En sk\u00f6nhetsoperations behandlingar, tekniker och principer \u00e4r helt och h\u00e5llet fokuserade p\u00e5 att f\u00f6rsk\u00f6na patientens utseende. M\u00e5let \u00e4r att f\u00f6rb\u00e4ttra patientens utseende, symmetri och proportioner. Sk\u00f6nhetsoperationer kan genomf\u00f6ras p\u00e5 hela huvudet, nacken och kroppen.\" \/>\n<meta name=\"robots\" content=\"index, follow, max-snippet:-1, max-image-preview:large, max-video-preview:-1\" \/>\n<link rel=\"canonical\" href=\"https:\/\/healthtravelguide.com\/skonhetsoperationer\/\" \/>\n<meta property=\"og:locale\" content=\"sv_SE\" \/>\n<meta property=\"og:type\" content=\"article\" \/>\n<meta property=\"og:title\" content=\"Sk\u00f6nhetsoperationer i Europa: L\u00e5ga priser, ledande kliniker - Health travel guide\" \/>\n<meta property=\"og:description\" content=\"En sk\u00f6nhetsoperations behandlingar, tekniker och principer \u00e4r helt och h\u00e5llet fokuserade p\u00e5 att f\u00f6rsk\u00f6na patientens utseende. M\u00e5let \u00e4r att f\u00f6rb\u00e4ttra patientens utseende, symmetri och proportioner. Sk\u00f6nhetsoperationer kan genomf\u00f6ras p\u00e5 hela huvudet, nacken och kroppen.\" \/>\n<meta property=\"og:url\" content=\"https:\/\/healthtravelguide.com\/skonhetsoperationer\/\" \/>\n<meta property=\"og:site_name\" content=\"Health Travel Guide\" \/>\n<meta property=\"article:modified_time\" content=\"2019-09-21T09:55:42+00:00\" \/>\n<meta name=\"twitter:card\" content=\"summary_large_image\" \/>\n<meta name=\"twitter:label1\" content=\"Ber\u00e4knad l\u00e4stid\" \/>\n\t<meta name=\"twitter:data1\" content=\"3 minuter\" \/>\n<script type=\"application\/ld+json\" class=\"yoast-schema-graph\">{\"@context\":\"https:\/\/schema.org\",\"@graph\":[{\"@type\":\"WebPage\",\"@id\":\"https:\/\/healthtravelguide.com\/skonhetsoperationer\/\",\"url\":\"https:\/\/healthtravelguide.com\/skonhetsoperationer\/\",\"name\":\"Sk\u00f6nhetsoperationer i Europa: L\u00e5ga priser, ledande kliniker - Health travel guide\",\"isPartOf\":{\"@id\":\"https:\/\/healthtravelguide.com\/#website\"},\"datePublished\":\"2019-05-31T20:58:34+00:00\",\"dateModified\":\"2019-09-21T09:55:42+00:00\",\"description\":\"En sk\u00f6nhetsoperations behandlingar, tekniker och principer \u00e4r helt och h\u00e5llet fokuserade p\u00e5 att f\u00f6rsk\u00f6na patientens utseende. M\u00e5let \u00e4r att f\u00f6rb\u00e4ttra patientens utseende, symmetri och proportioner. Sk\u00f6nhetsoperationer kan genomf\u00f6ras p\u00e5 hela huvudet, nacken och kroppen.\",\"breadcrumb\":{\"@id\":\"https:\/\/healthtravelguide.com\/skonhetsoperationer\/#breadcrumb\"},\"inLanguage\":\"sv-SE\",\"potentialAction\":[{\"@type\":\"ReadAction\",\"target\":[\"https:\/\/healthtravelguide.com\/skonhetsoperationer\/\"]}]},{\"@type\":\"BreadcrumbList\",\"@id\":\"https:\/\/healthtravelguide.com\/skonhetsoperationer\/#breadcrumb\",\"itemListElement\":[{\"@type\":\"ListItem\",\"position\":1,\"name\":\"Home\",\"item\":\"https:\/\/healthtravelguide.com\/ingangssida\/\"},{\"@type\":\"ListItem\",\"position\":2,\"name\":\"Sk\u00f6nhetsoperationer\"}]},{\"@type\":\"WebSite\",\"@id\":\"https:\/\/healthtravelguide.com\/#website\",\"url\":\"https:\/\/healthtravelguide.com\/\",\"name\":\"Health Travel Guide\",\"description\":\"Get first class medical treatment for less!\",\"potentialAction\":[{\"@type\":\"SearchAction\",\"target\":{\"@type\":\"EntryPoint\",\"urlTemplate\":\"https:\/\/healthtravelguide.com\/?s={search_term_string}\"},\"query-input\":{\"@type\":\"PropertyValueSpecification\",\"valueRequired\":true,\"valueName\":\"search_term_string\"}}],\"inLanguage\":\"sv-SE\"}]}<\/script>\n<!-- \/ Yoast SEO plugin. -->","yoast_head_json":{"title":"Sk\u00f6nhetsoperationer i Europa: L\u00e5ga priser, ledande kliniker - Health travel guide","description":"En sk\u00f6nhetsoperations behandlingar, tekniker och principer \u00e4r helt och h\u00e5llet fokuserade p\u00e5 att f\u00f6rsk\u00f6na patientens utseende. M\u00e5let \u00e4r att f\u00f6rb\u00e4ttra patientens utseende, symmetri och proportioner. Sk\u00f6nhetsoperationer kan genomf\u00f6ras p\u00e5 hela huvudet, nacken och kroppen.","robots":{"index":"index","follow":"follow","max-snippet":"max-snippet:-1","max-image-preview":"max-image-preview:large","max-video-preview":"max-video-preview:-1"},"canonical":"https:\/\/healthtravelguide.com\/skonhetsoperationer\/","og_locale":"sv_SE","og_type":"article","og_title":"Sk\u00f6nhetsoperationer i Europa: L\u00e5ga priser, ledande kliniker - Health travel guide","og_description":"En sk\u00f6nhetsoperations behandlingar, tekniker och principer \u00e4r helt och h\u00e5llet fokuserade p\u00e5 att f\u00f6rsk\u00f6na patientens utseende. M\u00e5let \u00e4r att f\u00f6rb\u00e4ttra patientens utseende, symmetri och proportioner. Sk\u00f6nhetsoperationer kan genomf\u00f6ras p\u00e5 hela huvudet, nacken och kroppen.","og_url":"https:\/\/healthtravelguide.com\/skonhetsoperationer\/","og_site_name":"Health Travel Guide","article_modified_time":"2019-09-21T09:55:42+00:00","twitter_card":"summary_large_image","twitter_misc":{"Ber\u00e4knad l\u00e4stid":"3 minuter"},"schema":{"@context":"https:\/\/schema.org","@graph":[{"@type":"WebPage","@id":"https:\/\/healthtravelguide.com\/skonhetsoperationer\/","url":"https:\/\/healthtravelguide.com\/skonhetsoperationer\/","name":"Sk\u00f6nhetsoperationer i Europa: L\u00e5ga priser, ledande kliniker - Health travel guide","isPartOf":{"@id":"https:\/\/healthtravelguide.com\/#website"},"datePublished":"2019-05-31T20:58:34+00:00","dateModified":"2019-09-21T09:55:42+00:00","description":"En sk\u00f6nhetsoperations behandlingar, tekniker och principer \u00e4r helt och h\u00e5llet fokuserade p\u00e5 att f\u00f6rsk\u00f6na patientens utseende. M\u00e5let \u00e4r att f\u00f6rb\u00e4ttra patientens utseende, symmetri och proportioner. Sk\u00f6nhetsoperationer kan genomf\u00f6ras p\u00e5 hela huvudet, nacken och kroppen.","breadcrumb":{"@id":"https:\/\/healthtravelguide.com\/skonhetsoperationer\/#breadcrumb"},"inLanguage":"sv-SE","potentialAction":[{"@type":"ReadAction","target":["https:\/\/healthtravelguide.com\/skonhetsoperationer\/"]}]},{"@type":"BreadcrumbList","@id":"https:\/\/healthtravelguide.com\/skonhetsoperationer\/#breadcrumb","itemListElement":[{"@type":"ListItem","position":1,"name":"Home","item":"https:\/\/healthtravelguide.com\/ingangssida\/"},{"@type":"ListItem","position":2,"name":"Sk\u00f6nhetsoperationer"}]},{"@type":"WebSite","@id":"https:\/\/healthtravelguide.com\/#website","url":"https:\/\/healthtravelguide.com\/","name":"Health Travel Guide","description":"Get first class medical treatment for less!","potentialAction":[{"@type":"SearchAction","target":{"@type":"EntryPoint","urlTemplate":"https:\/\/healthtravelguide.com\/?s={search_term_string}"},"query-input":{"@type":"PropertyValueSpecification","valueRequired":true,"valueName":"search_term_string"}}],"inLanguage":"sv-SE"}]}},"_links":{"self":[{"href":"https:\/\/healthtravelguide.com\/sv\/wp-json\/wp\/v2\/pages\/3106","targetHints":{"allow":["GET"]}}],"collection":[{"href":"https:\/\/healthtravelguide.com\/sv\/wp-json\/wp\/v2\/pages"}],"about":[{"href":"https:\/\/healthtravelguide.com\/sv\/wp-json\/wp\/v2\/types\/page"}],"author":[{"embeddable":true,"href":"https:\/\/healthtravelguide.com\/sv\/wp-json\/wp\/v2\/users\/1"}],"replies":[{"embeddable":true,"href":"https:\/\/healthtravelguide.com\/sv\/wp-json\/wp\/v2\/comments?post=3106"}],"version-history":[{"count":5,"href":"https:\/\/healthtravelguide.com\/sv\/wp-json\/wp\/v2\/pages\/3106\/revisions"}],"predecessor-version":[{"id":3233,"href":"https:\/\/healthtravelguide.com\/sv\/wp-json\/wp\/v2\/pages\/3106\/revisions\/3233"}],"wp:attachment":[{"href":"https:\/\/healthtravelguide.com\/sv\/wp-json\/wp\/v2\/media?parent=3106"}],"curies":[{"name":"wp","href":"https:\/\/api.w.org\/{rel}","templated":true}]}}