{"id":3092,"date":"2019-05-31T20:57:50","date_gmt":"2019-05-31T20:57:50","guid":{"rendered":"https:\/\/healthtravelguide.com\/bariatrisk-kirurgi\/"},"modified":"2019-09-21T09:50:16","modified_gmt":"2019-09-21T09:50:16","slug":"bariatrisk-kirurgi","status":"publish","type":"page","link":"https:\/\/healthtravelguide.com\/sv\/bariatrisk-kirurgi\/","title":{"rendered":"Bariatrisk Kirurgi"},"content":{"rendered":"<p>[vc_row type=&#8221;vc_default&#8221; css=&#8221;.vc_custom_1474221376872{margin-bottom: -80px !important;}&#8221;][vc_column offset=&#8221;vc_col-lg-8 vc_col-md-8 vc_col-xs-12&#8243; css=&#8221;.vc_custom_1463573458077{margin-bottom: 80px !important;}&#8221;]<div id=\"ultimate-heading-486169d999940219b\" class=\"uvc-heading ult-adjust-bottom-margin ultimate-heading-486169d999940219b uvc-5932 \" data-hspacer=\"no_spacer\"  data-halign=\"left\" style=\"text-align:left\"><div class=\"uvc-heading-spacer no_spacer\" style=\"top\"><\/div><div class=\"uvc-main-heading ult-responsive\"  data-ultimate-target='.uvc-heading.ultimate-heading-486169d999940219b h2'  data-responsive-json-new='{\"font-size\":\"desktop:24px;\",\"line-height\":\"desktop:30px;\"}' ><h2 style=\"font-weight:bold;margin-bottom:22px;\">Om medicinsk v\u00e5rd<\/h2><\/div><\/div>[vc_column_text]<span style=\"font-weight: 400;\">Bariatrisk kirurgi \u00e4r ett omr\u00e5de som innefattar flera olika typer av behandlingar. Samtliga g\u00e5r ut p\u00e5 att minska m\u00e4ngden mat du kan \u00e4ta, genom att reducera mags\u00e4ckens storlek. Detta g\u00f6rs genom att omstrukturera mags\u00e4cken permanent eller tempor\u00e4rt. Man kan \u00e4ven l\u00e4gga till medicinska enheter som g\u00f6r magen full fortare.<\/span><\/p>\n<p><span style=\"font-weight: 400;\">Oavsett vad du v\u00e4ljer s\u00e5 \u00e4r detta ingen mirakell\u00f6sning f\u00f6r att bli smal snabbt, eftersom \u00e5terh\u00e4mtningen fr\u00e5n behandlingen och din nya diet kan vara mycket utmanande. D\u00e4remot kommer behandlingen garanterat fungera som en viktig motivationsfaktor f\u00f6r att \u00e4ndra din livsstil p\u00e5 l\u00e5ng sikt.<\/span><\/p>\n<p>[\/vc_column_text]<style type=\"text\/css\" data-type=\"the7_shortcodes-inline-css\">#default-btn-f7d27918ee6a2326d6258ad9eddc6b34.ico-right-side > i {\n  margin-right: 0px;\n  margin-left: 8px;\n}\n#default-btn-f7d27918ee6a2326d6258ad9eddc6b34 > i {\n  margin-right: 8px;\n}\n<\/style><a href=\"https:\/\/healthtravelguide.com\/sv\/bariatrisk-kirurgi\/bariatrisk-operation-lamplighetsundersokning\/\" class=\"default-btn-shortcode dt-btn dt-btn-m link-hover-off anchor-link btn-inline-left  vc_custom_1569059399135\" id=\"default-btn-f7d27918ee6a2326d6258ad9eddc6b34\" title=\"Komma ig\u00e5ng\"><span>Komma ig\u00e5ng<\/span><\/a><div id=\"ultimate-heading-213669d99994022c5\" class=\"uvc-heading ult-adjust-bottom-margin ultimate-heading-213669d99994022c5 uvc-4850 \" data-hspacer=\"no_spacer\"  data-halign=\"left\" style=\"text-align:left\"><div class=\"uvc-heading-spacer no_spacer\" style=\"top\"><\/div><div class=\"uvc-main-heading ult-responsive\"  data-ultimate-target='.uvc-heading.ultimate-heading-213669d99994022c5 h2'  data-responsive-json-new='{\"font-size\":\"desktop:24px;\",\"line-height\":\"desktop:30px;\"}' ><h2 style=\"font-weight:bold;margin-top:20px;margin-bottom:20px;\">En enkel \u00f6versikt<\/h2><\/div><\/div>[vc_column_text css=&#8221;.vc_custom_1528976897982{margin-bottom: 30px !important;}&#8221;]<\/p>\n<table>\n<tbody>\n<tr>\n<td><\/td>\n<td><strong>Gastrisk bypass<\/strong><\/td>\n<td><strong>Gastrisk sleeve<\/strong><\/td>\n<td><strong>Gastriskt band<\/strong><\/td>\n<td><strong>Gastrisk plication<\/strong><\/td>\n<td><strong>Gastrisk ballong<\/strong><\/td>\n<\/tr>\n<tr>\n<td><span style=\"font-weight: 400;\">Behandling<\/span><\/td>\n<td><span style=\"font-weight: 400;\">Riktar en mindre m\u00e4ngd av mags\u00e4cken in i tarmarna.<\/span><\/td>\n<td><span style=\"font-weight: 400;\">Tar bort en stor del av mags\u00e4cken och skapar en sleeve.<\/span><\/td>\n<td><span style=\"font-weight: 400;\">F\u00e4ster ett band runt mags\u00e4cken.<\/span><\/td>\n<td><span style=\"font-weight: 400;\">Viker mags\u00e4cken till en ficka.<\/span><\/td>\n<td><span style=\"font-weight: 400;\">F\u00f6r in en v\u00e4tskefylld ballong i mags\u00e4cken.<\/span><\/td>\n<\/tr>\n<tr>\n<td><span style=\"font-weight: 400;\">F\u00f6rv\u00e4ntat f\u00f6rlorad \u00f6vervikt (inom 2 \u00e5r)<\/span><\/td>\n<td><span style=\"font-weight: 400;\">70-80%<\/span><\/td>\n<td><span style=\"font-weight: 400;\">60-70%<\/span><\/td>\n<td><span style=\"font-weight: 400;\">40-50%<\/span><\/td>\n<td><span style=\"font-weight: 400;\">30-55%<\/span><\/td>\n<td><span style=\"font-weight: 400;\">Beroende p\u00e5 din livsstilsf\u00f6r\u00e4ndring<\/span><\/td>\n<\/tr>\n<tr>\n<td><span style=\"font-weight: 400;\">P\u00e5verkar den matsm\u00e4ltningsorganen?<\/span><\/td>\n<td><span style=\"font-weight: 400;\">Ja<\/span><\/td>\n<td><span style=\"font-weight: 400;\">Nej<\/span><\/td>\n<td><span style=\"font-weight: 400;\">Nej<\/span><\/td>\n<td><span style=\"font-weight: 400;\">Nej<\/span><\/td>\n<td><span style=\"font-weight: 400;\">Nej<\/span><\/td>\n<\/tr>\n<tr>\n<td><span style=\"font-weight: 400;\">\u00c4r den reversibel?<\/span><\/td>\n<td><span style=\"font-weight: 400;\">Ja<\/span><\/td>\n<td><span style=\"font-weight: 400;\">Nej<\/span><\/td>\n<td><span style=\"font-weight: 400;\">Ja<\/span><\/td>\n<td><span style=\"font-weight: 400;\">Ja (under cirka 1 \u00e5r efter behandlingen)<\/span><\/td>\n<td><span style=\"font-weight: 400;\">Ja (kan anv\u00e4ndas i 6 m\u00e5nader och upp till ett \u00e5r)<\/span><\/td>\n<\/tr>\n<tr>\n<td><span style=\"font-weight: 400;\">\u00c5terh\u00e4mtningstid<\/span><\/td>\n<td><span style=\"font-weight: 400;\">4 till 8 veckor<\/span><\/td>\n<td><span style=\"font-weight: 400;\">4 till 6 veckor<\/span><\/td>\n<td><span style=\"font-weight: 400;\">3 till 4 veckor<\/span><\/td>\n<td><span style=\"font-weight: 400;\">Upp till 4 veckor<\/span><\/td>\n<td><span style=\"font-weight: 400;\">Upp till 2 veckor<\/span><\/td>\n<\/tr>\n<\/tbody>\n<\/table>\n<p>[\/vc_column_text]<div id=\"ultimate-heading-729169d99994022f3\" class=\"uvc-heading ult-adjust-bottom-margin ultimate-heading-729169d99994022f3 uvc-3612 \" data-hspacer=\"no_spacer\"  data-halign=\"left\" style=\"text-align:left\"><div class=\"uvc-heading-spacer no_spacer\" style=\"top\"><\/div><div class=\"uvc-main-heading ult-responsive\"  data-ultimate-target='.uvc-heading.ultimate-heading-729169d99994022f3 h2'  data-responsive-json-new='{\"font-size\":\"desktop:24px;\",\"line-height\":\"desktop:30px;\"}' ><h2 style=\"font-weight:bold;margin-top:20px;margin-bottom:20px;\">Bariatrisk kirurgi - rekommendationer<\/h2><\/div><\/div>[vc_column_text css=&#8221;.vc_custom_1558009481197{margin-bottom: 30px !important;}&#8221;]<span style=\"font-weight: 400;\">Bariatrisk kirurgi kan vara ett passande alternativ om du:<\/span><\/p>\n<ul>\n<li><span style=\"font-weight: 400;\">Har ett BMI \u00f6ver 40.<\/span><\/li>\n<li><span style=\"font-weight: 400;\">Har ett BMI \u00f6ver 30, i kombination med en eller flera samexisterande \u00e5kommor:<\/span>\n<ul>\n<li><span style=\"font-weight: 400;\">Diabetes typ 2<\/span><\/li>\n<li><span style=\"font-weight: 400;\">H\u00f6gt blodtryck (hypertoni)<\/span><\/li>\n<li><span style=\"font-weight: 400;\">Artros<\/span><\/li>\n<li><span style=\"font-weight: 400;\">S\u00f6mnapn\u00e9<\/span><\/li>\n<li><span style=\"font-weight: 400;\">Hj\u00e4rtsjukdom<\/span><\/li>\n<li><span style=\"font-weight: 400;\">Gastrointestinala st\u00f6rningar<\/span><\/li>\n<li><span style=\"font-weight: 400;\">Leversjukdom<\/span><\/li>\n<\/ul>\n<\/li>\n<li><span style=\"font-weight: 400;\">Tidigare f\u00f6rs\u00f6k till motion och dieter har misslyckats.<\/span><\/li>\n<\/ul>\n<p><span style=\"font-weight: 400;\">Vid den f\u00f6rsta konsultationen med din utvalda kirurg kommer ni diskutera huruvida bariatrisk kirurgi \u00e4r det b\u00e4sta alternativet f\u00f6r dig och om s\u00e5 \u00e4r fallet, vilken behandling som passar b\u00e4st.<\/span><\/p>\n<p><span style=\"font-weight: 400;\">L\u00e4s mer om behandlingarna:<\/span><\/p>\n<ul>\n<li><a href=\"https:\/\/healthtravelguide.com\/sv\/bariatrisk-kirurgi\/gastrisk-bypass\/\">Gastric Bypass<\/a><\/li>\n<li class=\"current\"><a href=\"https:\/\/healthtravelguide.com\/sv\/bariatrisk-kirurgi\/gastrisk-sleeve\/\">Gastric Sleeve<\/a><\/li>\n<li class=\"current\"><a href=\"https:\/\/healthtravelguide.com\/sv\/bariatrisk-kirurgi\/gastriskt-band\/\">Gastric Band<\/a><\/li>\n<li class=\"current\"><a href=\"https:\/\/healthtravelguide.com\/sv\/bariatrisk-kirurgi\/gastrisk-ballong\/\">Gastric Balloon<\/a><\/li>\n<li class=\"current\"><a href=\"https:\/\/healthtravelguide.com\/sv\/bariatrisk-kirurgi\/gastrisk-plication\/\">Gastric Plication<\/a><\/li>\n<\/ul>\n<p>[\/vc_column_text]<style type=\"text\/css\" data-type=\"the7_shortcodes-inline-css\">#default-btn-f7d27918ee6a2326d6258ad9eddc6b34.ico-right-side > i {\n  margin-right: 0px;\n  margin-left: 8px;\n}\n#default-btn-f7d27918ee6a2326d6258ad9eddc6b34 > i {\n  margin-right: 8px;\n}\n<\/style><a href=\"https:\/\/healthtravelguide.com\/sv\/bariatrisk-kirurgi\/bariatrisk-operation-lamplighetsundersokning\/\" class=\"default-btn-shortcode dt-btn dt-btn-m link-hover-off anchor-link btn-inline-left  vc_custom_1569059399135\" id=\"default-btn-f7d27918ee6a2326d6258ad9eddc6b34\" title=\"Komma ig\u00e5ng\"><span>Komma ig\u00e5ng<\/span><\/a>[\/vc_column][vc_column offset=&#8221;vc_col-lg-4 vc_col-md-4 vc_col-xs-12&#8243; el_class=&#8221;custom_sidebar&#8221; css=&#8221;.vc_custom_1474221370251{padding-bottom: 80px !important;}&#8221;][vc_row_inner css=&#8221;.vc_custom_1463573390268{padding-right: 25px !important;padding-bottom: 30px !important;padding-left: 25px !important;}&#8221;][vc_column_inner css=&#8221;.vc_custom_1462517200859{padding-top: 30px !important;padding-right: 30px !important;padding-bottom: 10px !important;padding-left: 30px !important;background-color: #f4f4f4 !important;}&#8221;]<div id=\"ultimate-heading-239669d9999402386\" class=\"uvc-heading ult-adjust-bottom-margin ultimate-heading-239669d9999402386 uvc-1229 \" data-hspacer=\"no_spacer\"  data-halign=\"left\" style=\"text-align:left\"><div class=\"uvc-heading-spacer no_spacer\" style=\"top\"><\/div><div class=\"uvc-main-heading ult-responsive\"  data-ultimate-target='.uvc-heading.ultimate-heading-239669d9999402386 h3'  data-responsive-json-new='{\"font-size\":\"desktop:20px;\",\"line-height\":\"desktop:26px;\"}' ><h3 style=\"font-weight:bold;margin-bottom:20px;\">Fler tj\u00e4nster<\/h3><\/div><\/div>[vc_widget_sidebar show_bg=&#8221;false&#8221; sidebar_id=&#8221;sidebar_3&#8243; el_class=&#8221;service_menu&#8221;]<div class=\"standard-arrow list-divider bullet-top\"><ul>\n<li style=\"font-weight: 400;\"><a href=\"https:\/\/healthtravelguide.com\/sv\/bariatrisk-kirurgi\/\"><span style=\"font-weight: 400;\">Gastrisk bypass<\/span><\/a><\/li>\n<li style=\"font-weight: 400;\"><a href=\"https:\/\/healthtravelguide.com\/sv\/bariatrisk-kirurgi\/gastrisk-sleeve\/\"><span style=\"font-weight: 400;\">Gastrisk sleeve<\/span><\/a><\/li>\n<li style=\"font-weight: 400;\"><a href=\"https:\/\/healthtravelguide.com\/sv\/bariatrisk-kirurgi\/gastriskt-band\/\"><span style=\"font-weight: 400;\">Gastrisk band<\/span><\/a><\/li>\n<li style=\"font-weight: 400;\"><a href=\"https:\/\/healthtravelguide.com\/sv\/bariatrisk-kirurgi\/gastrisk-ballong\/\"><span style=\"font-weight: 400;\">Gastrisk ballong<\/span><\/a><\/li>\n<li style=\"font-weight: 400;\"><a href=\"https:\/\/healthtravelguide.com\/sv\/bariatrisk-kirurgi\/gastrisk-plication\/\"><span style=\"font-weight: 400;\">Gastrisk plication<\/span><\/a><\/li>\n<li style=\"font-weight: 400;\"><a href=\"https:\/\/healthtravelguide.com\/sv\/skonhetsoperationer\/\"><span style=\"font-weight: 400;\">Sk\u00f6nhetsoperationer<\/span><\/a><\/li>\n<\/ul>\n<\/div>[\/vc_column_inner][\/vc_row_inner][vc_row_inner css=&#8221;.vc_custom_1462516802446{padding-right: 25px !important;padding-left: 25px !important;}&#8221;][vc_column_inner css=&#8221;.vc_custom_1471295267122{padding-top: 30px !important;padding-right: 30px !important;padding-bottom: 20px !important;padding-left: 30px !important;background-color: #f4f4f4 !important;}&#8221;]<div id=\"ultimate-heading-790969d9999402422\" class=\"uvc-heading ult-adjust-bottom-margin ultimate-heading-790969d9999402422 uvc-8656  uvc-heading-default-font-sizes\" data-hspacer=\"no_spacer\"  data-halign=\"left\" style=\"text-align:left\"><div class=\"uvc-heading-spacer no_spacer\" style=\"top\"><\/div><div class=\"uvc-main-heading ult-responsive\"  data-ultimate-target='.uvc-heading.ultimate-heading-790969d9999402422 h3'  data-responsive-json-new='{\"font-size\":\"\",\"line-height\":\"\"}' ><h3 style=\"font-weight:bold;margin-bottom:20px;\">Boka tid f\u00f6r r\u00e5dgivning<\/h3><\/div><\/div>[vc_column_text]<span style=\"font-weight: 400;\">Kontakta oss nu s\u00e5 s\u00e4tter vi dig i kontakt med de b\u00e4sta plastikkirurgerna i Estland.<\/span>[\/vc_column_text][vc_empty_space height=&#8221;30px&#8221;]\n<div class=\"wpcf7 no-js\" id=\"wpcf7-f3166-o1\" lang=\"en-US\" dir=\"ltr\" data-wpcf7-id=\"3166\">\n<div class=\"screen-reader-response\"><p role=\"status\" aria-live=\"polite\" aria-atomic=\"true\"><\/p> <ul><\/ul><\/div>\n<form action=\"\/sv\/wp-json\/wp\/v2\/pages\/3092#wpcf7-f3166-o1\" method=\"post\" class=\"wpcf7-form init\" aria-label=\"Contact form\" novalidate=\"novalidate\" data-status=\"init\">\n<div style=\"display: none;\">\n<input type=\"hidden\" name=\"_wpcf7\" value=\"3166\" \/>\n<input type=\"hidden\" name=\"_wpcf7_version\" value=\"6.0.4\" \/>\n<input type=\"hidden\" name=\"_wpcf7_locale\" value=\"en_US\" \/>\n<input type=\"hidden\" name=\"_wpcf7_unit_tag\" value=\"wpcf7-f3166-o1\" \/>\n<input type=\"hidden\" name=\"_wpcf7_container_post\" value=\"0\" \/>\n<input type=\"hidden\" name=\"_wpcf7_posted_data_hash\" value=\"\" \/>\n<input type=\"hidden\" name=\"_wpcf7_recaptcha_response\" value=\"\" \/>\n<\/div>\n<p><label><span class=\"wpcf7-form-control-wrap\" data-name=\"your-name\"><input size=\"40\" maxlength=\"400\" class=\"wpcf7-form-control wpcf7-text wpcf7-validates-as-required\" aria-required=\"true\" aria-invalid=\"false\" placeholder=\"Ditt namn*\" value=\"\" type=\"text\" name=\"your-name\" \/><\/span> <\/label><br \/>\n<label><span class=\"wpcf7-form-control-wrap\" data-name=\"your-email\"><input size=\"40\" maxlength=\"400\" class=\"wpcf7-form-control wpcf7-email wpcf7-validates-as-required wpcf7-text wpcf7-validates-as-email\" aria-required=\"true\" aria-invalid=\"false\" placeholder=\"Ditt E-mail*\" value=\"\" type=\"email\" name=\"your-email\" \/><\/span> <\/label><br \/>\n<label><span class=\"wpcf7-form-control-wrap\" data-name=\"tel-137\"><input size=\"40\" maxlength=\"400\" class=\"wpcf7-form-control wpcf7-tel wpcf7-text wpcf7-validates-as-tel\" aria-invalid=\"false\" placeholder=\"Telefon\" value=\"\" type=\"tel\" name=\"tel-137\" \/><\/span><\/label><br \/>\n<label><span class=\"wpcf7-form-control-wrap\" data-name=\"your-message\"><textarea cols=\"40\" rows=\"3\" maxlength=\"2000\" class=\"wpcf7-form-control wpcf7-textarea\" aria-invalid=\"false\" placeholder=\"Meddelande\" name=\"your-message\"><\/textarea><\/span> <\/label><br \/>\n<span id=\"wpcf7-69d9999403543-wrapper\" class=\"wpcf7-form-control-wrap city-856-wrap\" style=\"display:none !important; visibility:hidden !important;\"><label for=\"wpcf7-69d9999403543-field\" class=\"hp-message\">Please leave this field empty.<\/label><input id=\"wpcf7-69d9999403543-field\"  class=\"wpcf7-form-control wpcf7-text\" type=\"text\" name=\"city-856\" value=\"\" size=\"40\" tabindex=\"-1\" autocomplete=\"new-password\" \/><\/span><br \/>\n<span class=\"wpcf7-form-control-wrap\" data-name=\"acceptance-100\"><span class=\"wpcf7-form-control wpcf7-acceptance\"><span class=\"wpcf7-list-item\"><label><input type=\"checkbox\" name=\"acceptance-100\" value=\"1\" aria-invalid=\"false\" \/><span class=\"wpcf7-list-item-label\">Jag accepterar inneh\u00e5llet i Health Travel Guide <a href=\"https:\/\/healthtravelguide.com\/privacy-policy\/\" target=\"_blank\">integritetspolicy *<\/a><\/span><\/label><\/span><\/span><\/span>\n<\/p>\n<p><input class=\"wpcf7-form-control wpcf7-submit has-spinner\" type=\"submit\" value=\"Boka tid f\u00f6r r\u00e5dgivning\" \/>\n<\/p><div class=\"wpcf7-response-output\" aria-hidden=\"true\"><\/div>\n<\/form>\n<\/div>\n[\/vc_column_inner][\/vc_row_inner][\/vc_column][\/vc_row]<\/p>\n","protected":false},"excerpt":{"rendered":"<p>[vc_row type=&#8221;vc_default&#8221; css=&#8221;.vc_custom_1474221376872{margin-bottom: -80px !important;}&#8221;][vc_column offset=&#8221;vc_col-lg-8 vc_col-md-8 vc_col-xs-12&#8243; css=&#8221;.vc_custom_1463573458077{margin-bottom: 80px !important;}&#8221;][vc_column_text]Bariatrisk kirurgi \u00e4r ett omr\u00e5de som innefattar flera olika typer av behandlingar. Samtliga g\u00e5r ut p\u00e5 att minska m\u00e4ngden mat du kan \u00e4ta, genom att reducera mags\u00e4ckens storlek. Detta g\u00f6rs genom att omstrukturera mags\u00e4cken permanent eller tempor\u00e4rt. Man kan \u00e4ven l\u00e4gga till medicinska enheter som&hellip;<\/p>\n","protected":false},"author":2,"featured_media":0,"parent":0,"menu_order":20,"comment_status":"closed","ping_status":"closed","template":"","meta":{"footnotes":""},"class_list":["post-3092","page","type-page","status-publish","hentry","description-off"],"yoast_head":"<!-- This site is optimized with the Yoast SEO plugin v24.4 - https:\/\/yoast.com\/wordpress\/plugins\/seo\/ -->\n<title>Bariatrisk kirurgi utomlands, l\u00e5ga priser - Health Travel Guide<\/title>\n<meta name=\"description\" content=\"Bariatrisk kirurgi \u00e4r ett omr\u00e5de som innefattar flera olika typer av behandlingar. Samtliga g\u00e5r ut p\u00e5 att minska m\u00e4ngden mat du kan \u00e4ta, genom att reducera mags\u00e4ckens storlek. Detta g\u00f6rs genom att omstrukturera mags\u00e4cken permanent eller tempor\u00e4rt. Man kan \u00e4ven l\u00e4gga till medicinska enheter som g\u00f6r magen full fortare.\" \/>\n<meta name=\"robots\" content=\"index, follow, max-snippet:-1, max-image-preview:large, max-video-preview:-1\" \/>\n<link rel=\"canonical\" href=\"https:\/\/healthtravelguide.com\/bariatrisk-kirurgi\/\" \/>\n<meta property=\"og:locale\" content=\"sv_SE\" \/>\n<meta property=\"og:type\" content=\"article\" \/>\n<meta property=\"og:title\" content=\"Bariatrisk kirurgi utomlands, l\u00e5ga priser - Health Travel Guide\" \/>\n<meta property=\"og:description\" content=\"Bariatrisk kirurgi \u00e4r ett omr\u00e5de som innefattar flera olika typer av behandlingar. Samtliga g\u00e5r ut p\u00e5 att minska m\u00e4ngden mat du kan \u00e4ta, genom att reducera mags\u00e4ckens storlek. Detta g\u00f6rs genom att omstrukturera mags\u00e4cken permanent eller tempor\u00e4rt. Man kan \u00e4ven l\u00e4gga till medicinska enheter som g\u00f6r magen full fortare.\" \/>\n<meta property=\"og:url\" content=\"https:\/\/healthtravelguide.com\/bariatrisk-kirurgi\/\" \/>\n<meta property=\"og:site_name\" content=\"Health Travel Guide\" \/>\n<meta property=\"article:modified_time\" content=\"2019-09-21T09:50:16+00:00\" \/>\n<meta name=\"twitter:card\" content=\"summary_large_image\" \/>\n<meta name=\"twitter:label1\" content=\"Ber\u00e4knad l\u00e4stid\" \/>\n\t<meta name=\"twitter:data1\" content=\"4 minuter\" \/>\n<script type=\"application\/ld+json\" class=\"yoast-schema-graph\">{\"@context\":\"https:\/\/schema.org\",\"@graph\":[{\"@type\":\"WebPage\",\"@id\":\"https:\/\/healthtravelguide.com\/bariatrisk-kirurgi\/\",\"url\":\"https:\/\/healthtravelguide.com\/bariatrisk-kirurgi\/\",\"name\":\"Bariatrisk kirurgi utomlands, l\u00e5ga priser - Health Travel Guide\",\"isPartOf\":{\"@id\":\"https:\/\/healthtravelguide.com\/#website\"},\"datePublished\":\"2019-05-31T20:57:50+00:00\",\"dateModified\":\"2019-09-21T09:50:16+00:00\",\"description\":\"Bariatrisk kirurgi \u00e4r ett omr\u00e5de som innefattar flera olika typer av behandlingar. Samtliga g\u00e5r ut p\u00e5 att minska m\u00e4ngden mat du kan \u00e4ta, genom att reducera mags\u00e4ckens storlek. Detta g\u00f6rs genom att omstrukturera mags\u00e4cken permanent eller tempor\u00e4rt. Man kan \u00e4ven l\u00e4gga till medicinska enheter som g\u00f6r magen full fortare.\",\"breadcrumb\":{\"@id\":\"https:\/\/healthtravelguide.com\/bariatrisk-kirurgi\/#breadcrumb\"},\"inLanguage\":\"sv-SE\",\"potentialAction\":[{\"@type\":\"ReadAction\",\"target\":[\"https:\/\/healthtravelguide.com\/bariatrisk-kirurgi\/\"]}]},{\"@type\":\"BreadcrumbList\",\"@id\":\"https:\/\/healthtravelguide.com\/bariatrisk-kirurgi\/#breadcrumb\",\"itemListElement\":[{\"@type\":\"ListItem\",\"position\":1,\"name\":\"Home\",\"item\":\"https:\/\/healthtravelguide.com\/ingangssida\/\"},{\"@type\":\"ListItem\",\"position\":2,\"name\":\"Bariatrisk Kirurgi\"}]},{\"@type\":\"WebSite\",\"@id\":\"https:\/\/healthtravelguide.com\/#website\",\"url\":\"https:\/\/healthtravelguide.com\/\",\"name\":\"Health Travel Guide\",\"description\":\"Get first class medical treatment for less!\",\"potentialAction\":[{\"@type\":\"SearchAction\",\"target\":{\"@type\":\"EntryPoint\",\"urlTemplate\":\"https:\/\/healthtravelguide.com\/?s={search_term_string}\"},\"query-input\":{\"@type\":\"PropertyValueSpecification\",\"valueRequired\":true,\"valueName\":\"search_term_string\"}}],\"inLanguage\":\"sv-SE\"}]}<\/script>\n<!-- \/ Yoast SEO plugin. -->","yoast_head_json":{"title":"Bariatrisk kirurgi utomlands, l\u00e5ga priser - Health Travel Guide","description":"Bariatrisk kirurgi \u00e4r ett omr\u00e5de som innefattar flera olika typer av behandlingar. Samtliga g\u00e5r ut p\u00e5 att minska m\u00e4ngden mat du kan \u00e4ta, genom att reducera mags\u00e4ckens storlek. Detta g\u00f6rs genom att omstrukturera mags\u00e4cken permanent eller tempor\u00e4rt. Man kan \u00e4ven l\u00e4gga till medicinska enheter som g\u00f6r magen full fortare.","robots":{"index":"index","follow":"follow","max-snippet":"max-snippet:-1","max-image-preview":"max-image-preview:large","max-video-preview":"max-video-preview:-1"},"canonical":"https:\/\/healthtravelguide.com\/bariatrisk-kirurgi\/","og_locale":"sv_SE","og_type":"article","og_title":"Bariatrisk kirurgi utomlands, l\u00e5ga priser - Health Travel Guide","og_description":"Bariatrisk kirurgi \u00e4r ett omr\u00e5de som innefattar flera olika typer av behandlingar. Samtliga g\u00e5r ut p\u00e5 att minska m\u00e4ngden mat du kan \u00e4ta, genom att reducera mags\u00e4ckens storlek. Detta g\u00f6rs genom att omstrukturera mags\u00e4cken permanent eller tempor\u00e4rt. Man kan \u00e4ven l\u00e4gga till medicinska enheter som g\u00f6r magen full fortare.","og_url":"https:\/\/healthtravelguide.com\/bariatrisk-kirurgi\/","og_site_name":"Health Travel Guide","article_modified_time":"2019-09-21T09:50:16+00:00","twitter_card":"summary_large_image","twitter_misc":{"Ber\u00e4knad l\u00e4stid":"4 minuter"},"schema":{"@context":"https:\/\/schema.org","@graph":[{"@type":"WebPage","@id":"https:\/\/healthtravelguide.com\/bariatrisk-kirurgi\/","url":"https:\/\/healthtravelguide.com\/bariatrisk-kirurgi\/","name":"Bariatrisk kirurgi utomlands, l\u00e5ga priser - Health Travel Guide","isPartOf":{"@id":"https:\/\/healthtravelguide.com\/#website"},"datePublished":"2019-05-31T20:57:50+00:00","dateModified":"2019-09-21T09:50:16+00:00","description":"Bariatrisk kirurgi \u00e4r ett omr\u00e5de som innefattar flera olika typer av behandlingar. Samtliga g\u00e5r ut p\u00e5 att minska m\u00e4ngden mat du kan \u00e4ta, genom att reducera mags\u00e4ckens storlek. Detta g\u00f6rs genom att omstrukturera mags\u00e4cken permanent eller tempor\u00e4rt. Man kan \u00e4ven l\u00e4gga till medicinska enheter som g\u00f6r magen full fortare.","breadcrumb":{"@id":"https:\/\/healthtravelguide.com\/bariatrisk-kirurgi\/#breadcrumb"},"inLanguage":"sv-SE","potentialAction":[{"@type":"ReadAction","target":["https:\/\/healthtravelguide.com\/bariatrisk-kirurgi\/"]}]},{"@type":"BreadcrumbList","@id":"https:\/\/healthtravelguide.com\/bariatrisk-kirurgi\/#breadcrumb","itemListElement":[{"@type":"ListItem","position":1,"name":"Home","item":"https:\/\/healthtravelguide.com\/ingangssida\/"},{"@type":"ListItem","position":2,"name":"Bariatrisk Kirurgi"}]},{"@type":"WebSite","@id":"https:\/\/healthtravelguide.com\/#website","url":"https:\/\/healthtravelguide.com\/","name":"Health Travel Guide","description":"Get first class medical treatment for less!","potentialAction":[{"@type":"SearchAction","target":{"@type":"EntryPoint","urlTemplate":"https:\/\/healthtravelguide.com\/?s={search_term_string}"},"query-input":{"@type":"PropertyValueSpecification","valueRequired":true,"valueName":"search_term_string"}}],"inLanguage":"sv-SE"}]}},"_links":{"self":[{"href":"https:\/\/healthtravelguide.com\/sv\/wp-json\/wp\/v2\/pages\/3092","targetHints":{"allow":["GET"]}}],"collection":[{"href":"https:\/\/healthtravelguide.com\/sv\/wp-json\/wp\/v2\/pages"}],"about":[{"href":"https:\/\/healthtravelguide.com\/sv\/wp-json\/wp\/v2\/types\/page"}],"author":[{"embeddable":true,"href":"https:\/\/healthtravelguide.com\/sv\/wp-json\/wp\/v2\/users\/2"}],"replies":[{"embeddable":true,"href":"https:\/\/healthtravelguide.com\/sv\/wp-json\/wp\/v2\/comments?post=3092"}],"version-history":[{"count":6,"href":"https:\/\/healthtravelguide.com\/sv\/wp-json\/wp\/v2\/pages\/3092\/revisions"}],"predecessor-version":[{"id":3232,"href":"https:\/\/healthtravelguide.com\/sv\/wp-json\/wp\/v2\/pages\/3092\/revisions\/3232"}],"wp:attachment":[{"href":"https:\/\/healthtravelguide.com\/sv\/wp-json\/wp\/v2\/media?parent=3092"}],"curies":[{"name":"wp","href":"https:\/\/api.w.org\/{rel}","templated":true}]}}