{"id":3028,"date":"2019-05-29T18:19:50","date_gmt":"2019-05-29T18:19:50","guid":{"rendered":"https:\/\/healthtravelguide.com\/bariatrisk-operation-lamplighetsundersokning\/"},"modified":"2019-05-29T19:32:34","modified_gmt":"2019-05-29T19:32:34","slug":"bariatrisk-operation-lamplighetsundersokning","status":"publish","type":"page","link":"https:\/\/healthtravelguide.com\/sv\/bariatrisk-kirurgi\/bariatrisk-operation-lamplighetsundersokning\/","title":{"rendered":"Bariatrisk Operation &#8211; L\u00e4mplighetsunders\u00f6kning"},"content":{"rendered":"<p>[vc_row][vc_column width=&#8221;1\/6&#8243;][\/vc_column][vc_column width=&#8221;2\/3&#8243;][vc_column_text css=&#8221;.vc_custom_1524335812878{padding-bottom: 40px !important;}&#8221;]<span style=\"font-weight: 400;\">Du f\u00f6rpliktar dig inte till n\u00e5gonting genom att fylla i det h\u00e4r formul\u00e4ret. Du kan fylla i formul\u00e4ret \u00e4ven om du inte har best\u00e4mt dig, eller om du \u00e4r os\u00e4ker p\u00e5 om du beh\u00f6ver en bariatrisk operation.<\/span>[\/vc_column_text]\n<div class=\"wpcf7 no-js\" id=\"wpcf7-f3030-o1\" lang=\"en-US\" dir=\"ltr\" data-wpcf7-id=\"3030\">\n<div class=\"screen-reader-response\"><p role=\"status\" aria-live=\"polite\" aria-atomic=\"true\"><\/p> <ul><\/ul><\/div>\n<form action=\"\/sv\/wp-json\/wp\/v2\/pages\/3028#wpcf7-f3030-o1\" method=\"post\" class=\"wpcf7-form init wpcf7-acceptance-as-validation\" aria-label=\"Contact form\" novalidate=\"novalidate\" data-status=\"init\">\n<div style=\"display: none;\">\n<input type=\"hidden\" name=\"_wpcf7\" value=\"3030\" \/>\n<input type=\"hidden\" name=\"_wpcf7_version\" value=\"6.0.4\" \/>\n<input type=\"hidden\" name=\"_wpcf7_locale\" value=\"en_US\" \/>\n<input type=\"hidden\" name=\"_wpcf7_unit_tag\" value=\"wpcf7-f3030-o1\" \/>\n<input type=\"hidden\" name=\"_wpcf7_container_post\" value=\"0\" \/>\n<input type=\"hidden\" name=\"_wpcf7_posted_data_hash\" value=\"\" \/>\n<input type=\"hidden\" name=\"_wpcf7_recaptcha_response\" value=\"\" \/>\n<\/div>\n<p><label> \u00c5lder<br \/>\n<span class=\"wpcf7-form-control-wrap\" data-name=\"your-age\"><input size=\"40\" maxlength=\"400\" class=\"wpcf7-form-control wpcf7-text wpcf7-validates-as-required\" aria-required=\"true\" aria-invalid=\"false\" value=\"\" type=\"text\" name=\"your-age\" \/><\/span> <\/label>\n<\/p>\n<p><label> L\u00e4ngd (cm)<br \/>\n<span class=\"wpcf7-form-control-wrap\" data-name=\"your-height\"><input size=\"40\" maxlength=\"400\" class=\"wpcf7-form-control wpcf7-text wpcf7-validates-as-required\" aria-required=\"true\" aria-invalid=\"false\" value=\"\" type=\"text\" name=\"your-height\" \/><\/span> <\/label>\n<\/p>\n<p><label> Nuvarande vikt (kg)<br \/>\n<span class=\"wpcf7-form-control-wrap\" data-name=\"currnet-weight\"><input size=\"40\" maxlength=\"400\" class=\"wpcf7-form-control wpcf7-text wpcf7-validates-as-required\" aria-required=\"true\" aria-invalid=\"false\" value=\"\" type=\"text\" name=\"currnet-weight\" \/><\/span> <\/label>\n<\/p>\n<p><label> H\u00f6gsta vikt under livstiden (kg)<br \/>\n<span class=\"wpcf7-form-control-wrap\" data-name=\"max-weight\"><input size=\"40\" maxlength=\"400\" class=\"wpcf7-form-control wpcf7-text wpcf7-validates-as-required\" aria-required=\"true\" aria-invalid=\"false\" value=\"\" type=\"text\" name=\"max-weight\" \/><\/span> <\/label>\n<\/p>\n<p><label> Ange alla medicinska tillst\u00e5nd, inklusive hj\u00e4rta, kroniska sjukdomar, mage, med mera.<br \/>\n<span class=\"wpcf7-form-control-wrap\" data-name=\"your-conditions\"><textarea cols=\"40\" rows=\"4\" maxlength=\"2000\" class=\"wpcf7-form-control wpcf7-textarea\" aria-invalid=\"false\" name=\"your-conditions\"><\/textarea><\/span> <\/label>\n<\/p>\n<p><label> Fullst\u00e4ndigt namn<br \/>\n<span class=\"wpcf7-form-control-wrap\" data-name=\"your-name\"><input size=\"40\" maxlength=\"400\" class=\"wpcf7-form-control wpcf7-text wpcf7-validates-as-required\" aria-required=\"true\" aria-invalid=\"false\" value=\"\" type=\"text\" name=\"your-name\" \/><\/span> <\/label>\n<\/p>\n<p><label> E-post<br \/>\n<span class=\"wpcf7-form-control-wrap\" data-name=\"your-email\"><input size=\"40\" maxlength=\"400\" class=\"wpcf7-form-control wpcf7-email wpcf7-validates-as-required wpcf7-text wpcf7-validates-as-email\" aria-required=\"true\" aria-invalid=\"false\" value=\"\" type=\"email\" name=\"your-email\" \/><\/span> <\/label>\n<\/p>\n<p><label> Telefonnummer (med landskod)<br \/>\n<span class=\"wpcf7-form-control-wrap\" data-name=\"phone-number\"><input size=\"40\" maxlength=\"400\" class=\"wpcf7-form-control wpcf7-text wpcf7-validates-as-required\" aria-required=\"true\" aria-invalid=\"false\" value=\"\" type=\"text\" name=\"phone-number\" \/><\/span> <\/label>\n<\/p>\n<p><label> Ytterligare information eller fr\u00e5gor<br \/>\n<span class=\"wpcf7-form-control-wrap\" data-name=\"your-message\"><textarea cols=\"40\" rows=\"4\" maxlength=\"2000\" class=\"wpcf7-form-control wpcf7-textarea\" aria-invalid=\"false\" name=\"your-message\"><\/textarea><\/span> <\/label><br \/>\n<span id=\"wpcf7-69d983fe5d5a7-wrapper\" class=\"wpcf7-form-control-wrap city-856-wrap\" style=\"display:none !important; visibility:hidden !important;\"><label for=\"wpcf7-69d983fe5d5a7-field\" class=\"hp-message\">Please leave this field empty.<\/label><input id=\"wpcf7-69d983fe5d5a7-field\"  class=\"wpcf7-form-control wpcf7-text\" type=\"text\" name=\"city-856\" value=\"\" size=\"40\" tabindex=\"-1\" autocomplete=\"new-password\" \/><\/span><br \/>\n<span class=\"wpcf7-form-control-wrap\" data-name=\"acceptance-100\"><span class=\"wpcf7-form-control wpcf7-acceptance\"><span class=\"wpcf7-list-item\"><label><input type=\"checkbox\" name=\"acceptance-100\" value=\"1\" aria-invalid=\"false\" \/><span class=\"wpcf7-list-item-label\">Jag accepterar inneh\u00e5llet i Health Travel Guides <a href=\"https:\/\/healthtravelguide.com\/privacy-policy\/\" target=\"_blank\">Integritetspolicy<\/a>*<\/span><\/label><\/span><\/span><\/span>\n<\/p>\n<p><input class=\"wpcf7-form-control wpcf7-submit has-spinner\" type=\"submit\" value=\"Skicka\" \/>\n<\/p><div class=\"wpcf7-response-output\" aria-hidden=\"true\"><\/div>\n<\/form>\n<\/div>\n[\/vc_column][vc_column width=&#8221;1\/6&#8243;][\/vc_column][\/vc_row]<\/p>\n","protected":false},"excerpt":{"rendered":"<p>[vc_row][vc_column width=&#8221;1\/6&#8243;][\/vc_column][vc_column width=&#8221;2\/3&#8243;][vc_column_text css=&#8221;.vc_custom_1524335812878{padding-bottom: 40px !important;}&#8221;]Du f\u00f6rpliktar dig inte till n\u00e5gonting genom att fylla i det h\u00e4r formul\u00e4ret. Du kan fylla i formul\u00e4ret \u00e4ven om du inte har best\u00e4mt dig, eller om du \u00e4r os\u00e4ker p\u00e5 om du beh\u00f6ver en bariatrisk operation.[\/vc_column_text][\/vc_column][vc_column width=&#8221;1\/6&#8243;][\/vc_column][\/vc_row]<\/p>\n","protected":false},"author":2,"featured_media":0,"parent":3092,"menu_order":0,"comment_status":"closed","ping_status":"closed","template":"","meta":{"footnotes":""},"class_list":["post-3028","page","type-page","status-publish","hentry","description-off"],"yoast_head":"<!-- This site is optimized with the Yoast SEO plugin v24.4 - https:\/\/yoast.com\/wordpress\/plugins\/seo\/ -->\n<title>Bariatrisk Operation - L\u00e4mplighetsunders\u00f6kning - Health Travel Guide<\/title>\n<meta name=\"robots\" content=\"index, follow, max-snippet:-1, max-image-preview:large, max-video-preview:-1\" \/>\n<link rel=\"canonical\" href=\"https:\/\/healthtravelguide.com\/bariatrisk-kirurgi\/bariatrisk-operation-lamplighetsundersokning\/\" \/>\n<meta property=\"og:locale\" content=\"sv_SE\" \/>\n<meta property=\"og:type\" content=\"article\" \/>\n<meta property=\"og:title\" content=\"Bariatrisk Operation - L\u00e4mplighetsunders\u00f6kning - Health Travel Guide\" \/>\n<meta property=\"og:description\" content=\"[vc_row][vc_column width=&#8221;1\/6&#8243;][\/vc_column][vc_column width=&#8221;2\/3&#8243;][vc_column_text css=&#8221;.vc_custom_1524335812878{padding-bottom: 40px !important;}&#8221;]Du f\u00f6rpliktar dig inte till n\u00e5gonting genom att fylla i det h\u00e4r formul\u00e4ret. Du kan fylla i formul\u00e4ret \u00e4ven om du inte har best\u00e4mt dig, eller om du \u00e4r os\u00e4ker p\u00e5 om du beh\u00f6ver en bariatrisk operation.[\/vc_column_text][\/vc_column][vc_column width=&#8221;1\/6&#8243;][\/vc_column][\/vc_row]\" \/>\n<meta property=\"og:url\" content=\"https:\/\/healthtravelguide.com\/bariatrisk-kirurgi\/bariatrisk-operation-lamplighetsundersokning\/\" \/>\n<meta property=\"og:site_name\" content=\"Health Travel Guide\" \/>\n<meta property=\"article:modified_time\" content=\"2019-05-29T19:32:34+00:00\" \/>\n<meta name=\"twitter:card\" content=\"summary_large_image\" \/>\n<script type=\"application\/ld+json\" class=\"yoast-schema-graph\">{\"@context\":\"https:\/\/schema.org\",\"@graph\":[{\"@type\":\"WebPage\",\"@id\":\"https:\/\/healthtravelguide.com\/bariatrisk-kirurgi\/bariatrisk-operation-lamplighetsundersokning\/\",\"url\":\"https:\/\/healthtravelguide.com\/bariatrisk-kirurgi\/bariatrisk-operation-lamplighetsundersokning\/\",\"name\":\"Bariatrisk Operation - L\u00e4mplighetsunders\u00f6kning - Health Travel Guide\",\"isPartOf\":{\"@id\":\"https:\/\/healthtravelguide.com\/#website\"},\"datePublished\":\"2019-05-29T18:19:50+00:00\",\"dateModified\":\"2019-05-29T19:32:34+00:00\",\"breadcrumb\":{\"@id\":\"https:\/\/healthtravelguide.com\/bariatrisk-kirurgi\/bariatrisk-operation-lamplighetsundersokning\/#breadcrumb\"},\"inLanguage\":\"sv-SE\",\"potentialAction\":[{\"@type\":\"ReadAction\",\"target\":[\"https:\/\/healthtravelguide.com\/bariatrisk-kirurgi\/bariatrisk-operation-lamplighetsundersokning\/\"]}]},{\"@type\":\"BreadcrumbList\",\"@id\":\"https:\/\/healthtravelguide.com\/bariatrisk-kirurgi\/bariatrisk-operation-lamplighetsundersokning\/#breadcrumb\",\"itemListElement\":[{\"@type\":\"ListItem\",\"position\":1,\"name\":\"Home\",\"item\":\"https:\/\/healthtravelguide.com\/ingangssida\/\"},{\"@type\":\"ListItem\",\"position\":2,\"name\":\"Bariatrisk Kirurgi\",\"item\":\"https:\/\/healthtravelguide.com\/bariatrisk-kirurgi\/\"},{\"@type\":\"ListItem\",\"position\":3,\"name\":\"Bariatrisk Operation &#8211; L\u00e4mplighetsunders\u00f6kning\"}]},{\"@type\":\"WebSite\",\"@id\":\"https:\/\/healthtravelguide.com\/#website\",\"url\":\"https:\/\/healthtravelguide.com\/\",\"name\":\"Health Travel Guide\",\"description\":\"Get first class medical treatment for less!\",\"potentialAction\":[{\"@type\":\"SearchAction\",\"target\":{\"@type\":\"EntryPoint\",\"urlTemplate\":\"https:\/\/healthtravelguide.com\/?s={search_term_string}\"},\"query-input\":{\"@type\":\"PropertyValueSpecification\",\"valueRequired\":true,\"valueName\":\"search_term_string\"}}],\"inLanguage\":\"sv-SE\"}]}<\/script>\n<!-- \/ Yoast SEO plugin. -->","yoast_head_json":{"title":"Bariatrisk Operation - L\u00e4mplighetsunders\u00f6kning - Health Travel Guide","robots":{"index":"index","follow":"follow","max-snippet":"max-snippet:-1","max-image-preview":"max-image-preview:large","max-video-preview":"max-video-preview:-1"},"canonical":"https:\/\/healthtravelguide.com\/bariatrisk-kirurgi\/bariatrisk-operation-lamplighetsundersokning\/","og_locale":"sv_SE","og_type":"article","og_title":"Bariatrisk Operation - L\u00e4mplighetsunders\u00f6kning - Health Travel Guide","og_description":"[vc_row][vc_column width=&#8221;1\/6&#8243;][\/vc_column][vc_column width=&#8221;2\/3&#8243;][vc_column_text css=&#8221;.vc_custom_1524335812878{padding-bottom: 40px !important;}&#8221;]Du f\u00f6rpliktar dig inte till n\u00e5gonting genom att fylla i det h\u00e4r formul\u00e4ret. Du kan fylla i formul\u00e4ret \u00e4ven om du inte har best\u00e4mt dig, eller om du \u00e4r os\u00e4ker p\u00e5 om du beh\u00f6ver en bariatrisk operation.[\/vc_column_text][\/vc_column][vc_column width=&#8221;1\/6&#8243;][\/vc_column][\/vc_row]","og_url":"https:\/\/healthtravelguide.com\/bariatrisk-kirurgi\/bariatrisk-operation-lamplighetsundersokning\/","og_site_name":"Health Travel Guide","article_modified_time":"2019-05-29T19:32:34+00:00","twitter_card":"summary_large_image","schema":{"@context":"https:\/\/schema.org","@graph":[{"@type":"WebPage","@id":"https:\/\/healthtravelguide.com\/bariatrisk-kirurgi\/bariatrisk-operation-lamplighetsundersokning\/","url":"https:\/\/healthtravelguide.com\/bariatrisk-kirurgi\/bariatrisk-operation-lamplighetsundersokning\/","name":"Bariatrisk Operation - L\u00e4mplighetsunders\u00f6kning - Health Travel Guide","isPartOf":{"@id":"https:\/\/healthtravelguide.com\/#website"},"datePublished":"2019-05-29T18:19:50+00:00","dateModified":"2019-05-29T19:32:34+00:00","breadcrumb":{"@id":"https:\/\/healthtravelguide.com\/bariatrisk-kirurgi\/bariatrisk-operation-lamplighetsundersokning\/#breadcrumb"},"inLanguage":"sv-SE","potentialAction":[{"@type":"ReadAction","target":["https:\/\/healthtravelguide.com\/bariatrisk-kirurgi\/bariatrisk-operation-lamplighetsundersokning\/"]}]},{"@type":"BreadcrumbList","@id":"https:\/\/healthtravelguide.com\/bariatrisk-kirurgi\/bariatrisk-operation-lamplighetsundersokning\/#breadcrumb","itemListElement":[{"@type":"ListItem","position":1,"name":"Home","item":"https:\/\/healthtravelguide.com\/ingangssida\/"},{"@type":"ListItem","position":2,"name":"Bariatrisk Kirurgi","item":"https:\/\/healthtravelguide.com\/bariatrisk-kirurgi\/"},{"@type":"ListItem","position":3,"name":"Bariatrisk Operation &#8211; L\u00e4mplighetsunders\u00f6kning"}]},{"@type":"WebSite","@id":"https:\/\/healthtravelguide.com\/#website","url":"https:\/\/healthtravelguide.com\/","name":"Health Travel Guide","description":"Get first class medical treatment for less!","potentialAction":[{"@type":"SearchAction","target":{"@type":"EntryPoint","urlTemplate":"https:\/\/healthtravelguide.com\/?s={search_term_string}"},"query-input":{"@type":"PropertyValueSpecification","valueRequired":true,"valueName":"search_term_string"}}],"inLanguage":"sv-SE"}]}},"_links":{"self":[{"href":"https:\/\/healthtravelguide.com\/sv\/wp-json\/wp\/v2\/pages\/3028","targetHints":{"allow":["GET"]}}],"collection":[{"href":"https:\/\/healthtravelguide.com\/sv\/wp-json\/wp\/v2\/pages"}],"about":[{"href":"https:\/\/healthtravelguide.com\/sv\/wp-json\/wp\/v2\/types\/page"}],"author":[{"embeddable":true,"href":"https:\/\/healthtravelguide.com\/sv\/wp-json\/wp\/v2\/users\/2"}],"replies":[{"embeddable":true,"href":"https:\/\/healthtravelguide.com\/sv\/wp-json\/wp\/v2\/comments?post=3028"}],"version-history":[{"count":3,"href":"https:\/\/healthtravelguide.com\/sv\/wp-json\/wp\/v2\/pages\/3028\/revisions"}],"predecessor-version":[{"id":3032,"href":"https:\/\/healthtravelguide.com\/sv\/wp-json\/wp\/v2\/pages\/3028\/revisions\/3032"}],"up":[{"embeddable":true,"href":"https:\/\/healthtravelguide.com\/sv\/wp-json\/wp\/v2\/pages\/3092"}],"wp:attachment":[{"href":"https:\/\/healthtravelguide.com\/sv\/wp-json\/wp\/v2\/media?parent=3028"}],"curies":[{"name":"wp","href":"https:\/\/api.w.org\/{rel}","templated":true}]}}