{"id":3350,"date":"2020-01-10T13:19:12","date_gmt":"2020-01-10T13:19:12","guid":{"rendered":"https:\/\/healthtravelguide.com\/blogi\/"},"modified":"2020-01-10T13:19:12","modified_gmt":"2020-01-10T13:19:12","slug":"blogi","status":"publish","type":"page","link":"https:\/\/healthtravelguide.com\/fi\/blogi\/","title":{"rendered":"Blogi"},"content":{"rendered":"","protected":false},"excerpt":{"rendered":"","protected":false},"author":2,"featured_media":0,"parent":0,"menu_order":7,"comment_status":"closed","ping_status":"closed","template":"template-blog-list.php","meta":{"footnotes":""},"class_list":["post-3350","page","type-page","status-publish","hentry","description-off"],"yoast_head":"<!-- This site is optimized with the Yoast SEO plugin v24.4 - https:\/\/yoast.com\/wordpress\/plugins\/seo\/ -->\n<title>Painonpudotus ja bariatrinen kirurgia-blogi, Health Travel Guide<\/title>\n<meta name=\"description\" content=\"Me kaikki haluamme olla terveit\u00e4 ja sopivia. Mutta monille meist\u00e4 tavoitteen asettaminen laihtua on paljon helpompaa sanoa kuin tehd\u00e4. Painonpudotusmatka voi tuntua my\u00f6s eristyneelt\u00e4 ilman vahvaa tukij\u00e4rjestelm\u00e4\u00e4. Siell\u00e4 blogi voi auttaa ja antaa sinulle inspiraatiota ja motivaatiota jatkaaksesi eteenp\u00e4in liikkumista\" \/>\n<meta name=\"robots\" content=\"index, follow, max-snippet:-1, max-image-preview:large, max-video-preview:-1\" \/>\n<link rel=\"canonical\" href=\"https:\/\/healthtravelguide.com\/blogi\/\" \/>\n<meta property=\"og:locale\" content=\"fi_FI\" \/>\n<meta property=\"og:type\" content=\"article\" \/>\n<meta property=\"og:title\" content=\"Painonpudotus ja bariatrinen kirurgia-blogi, Health Travel Guide\" \/>\n<meta property=\"og:description\" content=\"Me kaikki haluamme olla terveit\u00e4 ja sopivia. Mutta monille meist\u00e4 tavoitteen asettaminen laihtua on paljon helpompaa sanoa kuin tehd\u00e4. Painonpudotusmatka voi tuntua my\u00f6s eristyneelt\u00e4 ilman vahvaa tukij\u00e4rjestelm\u00e4\u00e4. Siell\u00e4 blogi voi auttaa ja antaa sinulle inspiraatiota ja motivaatiota jatkaaksesi eteenp\u00e4in liikkumista\" \/>\n<meta property=\"og:url\" content=\"https:\/\/healthtravelguide.com\/blogi\/\" \/>\n<meta property=\"og:site_name\" content=\"Health Travel Guide\" \/>\n<meta name=\"twitter:card\" content=\"summary_large_image\" \/>\n<script type=\"application\/ld+json\" class=\"yoast-schema-graph\">{\"@context\":\"https:\/\/schema.org\",\"@graph\":[{\"@type\":\"WebPage\",\"@id\":\"https:\/\/healthtravelguide.com\/blogi\/\",\"url\":\"https:\/\/healthtravelguide.com\/blogi\/\",\"name\":\"Painonpudotus ja bariatrinen kirurgia-blogi, Health Travel Guide\",\"isPartOf\":{\"@id\":\"https:\/\/healthtravelguide.com\/#website\"},\"datePublished\":\"2020-01-10T13:19:12+00:00\",\"description\":\"Me kaikki haluamme olla terveit\u00e4 ja sopivia. Mutta monille meist\u00e4 tavoitteen asettaminen laihtua on paljon helpompaa sanoa kuin tehd\u00e4. Painonpudotusmatka voi tuntua my\u00f6s eristyneelt\u00e4 ilman vahvaa tukij\u00e4rjestelm\u00e4\u00e4. Siell\u00e4 blogi voi auttaa ja antaa sinulle inspiraatiota ja motivaatiota jatkaaksesi eteenp\u00e4in liikkumista\",\"breadcrumb\":{\"@id\":\"https:\/\/healthtravelguide.com\/blogi\/#breadcrumb\"},\"inLanguage\":\"fi\",\"potentialAction\":[{\"@type\":\"ReadAction\",\"target\":[\"https:\/\/healthtravelguide.com\/blogi\/\"]}]},{\"@type\":\"BreadcrumbList\",\"@id\":\"https:\/\/healthtravelguide.com\/blogi\/#breadcrumb\",\"itemListElement\":[{\"@type\":\"ListItem\",\"position\":1,\"name\":\"Home\",\"item\":\"https:\/\/healthtravelguide.com\/etusivu\/\"},{\"@type\":\"ListItem\",\"position\":2,\"name\":\"Blogi\"}]},{\"@type\":\"WebSite\",\"@id\":\"https:\/\/healthtravelguide.com\/#website\",\"url\":\"https:\/\/healthtravelguide.com\/\",\"name\":\"Health Travel Guide\",\"description\":\"Get first class medical treatment for less!\",\"potentialAction\":[{\"@type\":\"SearchAction\",\"target\":{\"@type\":\"EntryPoint\",\"urlTemplate\":\"https:\/\/healthtravelguide.com\/?s={search_term_string}\"},\"query-input\":{\"@type\":\"PropertyValueSpecification\",\"valueRequired\":true,\"valueName\":\"search_term_string\"}}],\"inLanguage\":\"fi\"}]}<\/script>\n<!-- \/ Yoast SEO plugin. -->","yoast_head_json":{"title":"Painonpudotus ja bariatrinen kirurgia-blogi, Health Travel Guide","description":"Me kaikki haluamme olla terveit\u00e4 ja sopivia. Mutta monille meist\u00e4 tavoitteen asettaminen laihtua on paljon helpompaa sanoa kuin tehd\u00e4. Painonpudotusmatka voi tuntua my\u00f6s eristyneelt\u00e4 ilman vahvaa tukij\u00e4rjestelm\u00e4\u00e4. Siell\u00e4 blogi voi auttaa ja antaa sinulle inspiraatiota ja motivaatiota jatkaaksesi eteenp\u00e4in liikkumista","robots":{"index":"index","follow":"follow","max-snippet":"max-snippet:-1","max-image-preview":"max-image-preview:large","max-video-preview":"max-video-preview:-1"},"canonical":"https:\/\/healthtravelguide.com\/blogi\/","og_locale":"fi_FI","og_type":"article","og_title":"Painonpudotus ja bariatrinen kirurgia-blogi, Health Travel Guide","og_description":"Me kaikki haluamme olla terveit\u00e4 ja sopivia. Mutta monille meist\u00e4 tavoitteen asettaminen laihtua on paljon helpompaa sanoa kuin tehd\u00e4. Painonpudotusmatka voi tuntua my\u00f6s eristyneelt\u00e4 ilman vahvaa tukij\u00e4rjestelm\u00e4\u00e4. Siell\u00e4 blogi voi auttaa ja antaa sinulle inspiraatiota ja motivaatiota jatkaaksesi eteenp\u00e4in liikkumista","og_url":"https:\/\/healthtravelguide.com\/blogi\/","og_site_name":"Health Travel Guide","twitter_card":"summary_large_image","schema":{"@context":"https:\/\/schema.org","@graph":[{"@type":"WebPage","@id":"https:\/\/healthtravelguide.com\/blogi\/","url":"https:\/\/healthtravelguide.com\/blogi\/","name":"Painonpudotus ja bariatrinen kirurgia-blogi, Health Travel Guide","isPartOf":{"@id":"https:\/\/healthtravelguide.com\/#website"},"datePublished":"2020-01-10T13:19:12+00:00","description":"Me kaikki haluamme olla terveit\u00e4 ja sopivia. Mutta monille meist\u00e4 tavoitteen asettaminen laihtua on paljon helpompaa sanoa kuin tehd\u00e4. Painonpudotusmatka voi tuntua my\u00f6s eristyneelt\u00e4 ilman vahvaa tukij\u00e4rjestelm\u00e4\u00e4. Siell\u00e4 blogi voi auttaa ja antaa sinulle inspiraatiota ja motivaatiota jatkaaksesi eteenp\u00e4in liikkumista","breadcrumb":{"@id":"https:\/\/healthtravelguide.com\/blogi\/#breadcrumb"},"inLanguage":"fi","potentialAction":[{"@type":"ReadAction","target":["https:\/\/healthtravelguide.com\/blogi\/"]}]},{"@type":"BreadcrumbList","@id":"https:\/\/healthtravelguide.com\/blogi\/#breadcrumb","itemListElement":[{"@type":"ListItem","position":1,"name":"Home","item":"https:\/\/healthtravelguide.com\/etusivu\/"},{"@type":"ListItem","position":2,"name":"Blogi"}]},{"@type":"WebSite","@id":"https:\/\/healthtravelguide.com\/#website","url":"https:\/\/healthtravelguide.com\/","name":"Health Travel Guide","description":"Get first class medical treatment for less!","potentialAction":[{"@type":"SearchAction","target":{"@type":"EntryPoint","urlTemplate":"https:\/\/healthtravelguide.com\/?s={search_term_string}"},"query-input":{"@type":"PropertyValueSpecification","valueRequired":true,"valueName":"search_term_string"}}],"inLanguage":"fi"}]}},"_links":{"self":[{"href":"https:\/\/healthtravelguide.com\/fi\/wp-json\/wp\/v2\/pages\/3350","targetHints":{"allow":["GET"]}}],"collection":[{"href":"https:\/\/healthtravelguide.com\/fi\/wp-json\/wp\/v2\/pages"}],"about":[{"href":"https:\/\/healthtravelguide.com\/fi\/wp-json\/wp\/v2\/types\/page"}],"author":[{"embeddable":true,"href":"https:\/\/healthtravelguide.com\/fi\/wp-json\/wp\/v2\/users\/2"}],"replies":[{"embeddable":true,"href":"https:\/\/healthtravelguide.com\/fi\/wp-json\/wp\/v2\/comments?post=3350"}],"version-history":[{"count":0,"href":"https:\/\/healthtravelguide.com\/fi\/wp-json\/wp\/v2\/pages\/3350\/revisions"}],"wp:attachment":[{"href":"https:\/\/healthtravelguide.com\/fi\/wp-json\/wp\/v2\/media?parent=3350"}],"curies":[{"name":"wp","href":"https:\/\/api.w.org\/{rel}","templated":true}]}}