{"id":2980,"date":"2019-05-15T09:30:41","date_gmt":"2019-05-15T09:30:41","guid":{"rendered":"https:\/\/healthtravelguide.com\/meista\/"},"modified":"2019-09-13T18:37:50","modified_gmt":"2019-09-13T18:37:50","slug":"meista","status":"publish","type":"page","link":"https:\/\/healthtravelguide.com\/fi\/meista\/","title":{"rendered":"Meist\u00e4"},"content":{"rendered":"<p>[vc_row type=&#8221;vc_default&#8221; css=&#8221;.vc_custom_1474221376872{margin-bottom: -80px !important;}&#8221;][vc_column offset=&#8221;vc_col-lg-8 vc_col-md-8 vc_col-xs-12&#8243; css=&#8221;.vc_custom_1463573458077{margin-bottom: 80px !important;}&#8221;][vc_column_text]Health Travel Guiden takaa l\u00f6ytyy joukko terveysturismin kannattajia. Olemme n\u00e4hneet omin silmin, mit\u00e4 Baltian mailla on tarjota niin vapaa-ajan kuin terveydenhuollon suhteen, ja olemme ottaneet teht\u00e4v\u00e4ksemme vied\u00e4 t\u00e4t\u00e4 tietoa my\u00f6s ulkomaille.<\/p>\n<p>Neuvostoliiton j\u00e4lkeisill\u00e4 mailla on itse asiassa suuri etuly\u00f6ntiasema, sill\u00e4 tarjolla on osaavia ammattilaisia pienemp\u00e4\u00e4n hintaan verrattuna muuhun Eurooppaan. Pelk\u00e4st\u00e4\u00e4n lihavuuskirurgian alalla hinnat voivat olla <strong>tuplasti halvempia <\/strong>verrattuna Iso-Britannian hintoihin, ilman ett\u00e4 palvelun laadussa on mit\u00e4\u00e4n eroa.[\/vc_column_text]<div id=\"ultimate-heading-573669d9996127adc\" class=\"uvc-heading ult-adjust-bottom-margin ultimate-heading-573669d9996127adc uvc-5767 \" data-hspacer=\"no_spacer\"  data-halign=\"left\" style=\"text-align:left\"><div class=\"uvc-heading-spacer no_spacer\" style=\"top\"><\/div><div class=\"uvc-main-heading ult-responsive\"  data-ultimate-target='.uvc-heading.ultimate-heading-573669d9996127adc h2'  data-responsive-json-new='{\"font-size\":\"desktop:24px;\",\"line-height\":\"desktop:30px;\"}' ><h2 style=\"font-weight:bold;margin-top:20px;margin-bottom:20px;\">Tavoitteemme<\/h2><\/div><\/div>[vc_column_text css=&#8221;.vc_custom_1526550126288{margin-bottom: 30px !important;}&#8221;]Yksinkertaisesti sanottuna tavoitteemme on saattaa ihmisi\u00e4 yhteen, kun terveyspalveluita tarvitaan pienemp\u00e4\u00e4n hintaan. Miksi? Paikalliset pit\u00e4v\u00e4t usein syd\u00e4men asiana levitt\u00e4\u00e4 sanaa siit\u00e4, mik\u00e4 on hyv\u00e4\u00e4, ja mit\u00e4 <strong>kannattaa jakaa muille<\/strong>. Koska olemme tehneet t\u00f6it\u00e4 erilaisten yritysten kanssa vuosikausia, meill\u00e4 on hyv\u00e4t suhteet erilaisiin ammattilaisiin, ja terveysala on yksinkertaisesti ollut se, mik\u00e4 on aina tehnyt meihin suurimman vaikutuksen.<\/p>\n<p><strong>Lihavuuskirurgia muuttaa el\u00e4mi\u00e4,<\/strong> se voi parantaa el\u00e4m\u00e4nlaatua ja auttaa p\u00e4\u00e4sem\u00e4\u00e4n eroon vakavista sairauksista. Terveysturismi on kasvanut moninkertaisesti Baltian maissa viime vuosien aikana, erityisesti kun puhutaan lihavuuskirurgiasta, ja syyst\u00e4. Voimme auttaa sinua l\u00f6yt\u00e4m\u00e4\u00e4n sopivan ammattilaisen ja k\u00e4ym\u00e4\u00e4n konsultaatiossa, jotta saat sinun tarpeisiisi parhaiten soveltuvan toimenpiteen.[\/vc_column_text]<style type=\"text\/css\" data-type=\"the7_shortcodes-inline-css\">#default-btn-4eb36af46d85e80d3b79a81150ce30f1.ico-right-side > i {\n  margin-right: 0px;\n  margin-left: 8px;\n}\n#default-btn-4eb36af46d85e80d3b79a81150ce30f1 > i {\n  margin-right: 8px;\n}\n<\/style><a href=\"https:\/\/healthtravelguide.com\/fi\/lihavuusleikkausten\/lihavuusleikkauksen-soveltuvuuskysely\/\" class=\"default-btn-shortcode dt-btn dt-btn-m link-hover-off btn-inline-left  vc_custom_1568399869161\" id=\"default-btn-4eb36af46d85e80d3b79a81150ce30f1\" title=\"Ota meihin yhteytt\u00e4\"><span>Ota meihin yhteytt\u00e4!<\/span><\/a>[\/vc_column][vc_column offset=&#8221;vc_col-lg-4 vc_col-md-4 vc_col-xs-12&#8243; el_class=&#8221;custom_sidebar&#8221; css=&#8221;.vc_custom_1474221370251{padding-bottom: 80px !important;}&#8221;][vc_row_inner css=&#8221;.vc_custom_1463573390268{padding-right: 25px !important;padding-bottom: 30px !important;padding-left: 25px !important;}&#8221;][vc_column_inner css=&#8221;.vc_custom_1462517200859{padding-top: 30px !important;padding-right: 30px !important;padding-bottom: 10px !important;padding-left: 30px !important;background-color: #f4f4f4 !important;}&#8221;]<div id=\"ultimate-heading-835469d9996127c4d\" class=\"uvc-heading ult-adjust-bottom-margin ultimate-heading-835469d9996127c4d uvc-7447 \" data-hspacer=\"no_spacer\"  data-halign=\"left\" style=\"text-align:left\"><div class=\"uvc-heading-spacer no_spacer\" style=\"top\"><\/div><div class=\"uvc-main-heading ult-responsive\"  data-ultimate-target='.uvc-heading.ultimate-heading-835469d9996127c4d h3'  data-responsive-json-new='{\"font-size\":\"desktop:20px;\",\"line-height\":\"desktop:26px;\"}' ><h3 style=\"font-weight:bold;margin-bottom:20px;\">Palvelumme<\/h3><\/div><\/div>[vc_widget_sidebar show_bg=&#8221;false&#8221; sidebar_id=&#8221;sidebar_3&#8243; el_class=&#8221;service_menu&#8221;]<div class=\"standard-arrow list-divider bullet-top\"><ul>\n<li><a href=\"https:\/\/healthtravelguide.com\/fi\/lihavuusleikkausten\/mahalaukun-ohitusleikkauksesta\/\">Mahalaukun ohitusleikkaus<\/a><\/li>\n<li class=\"current\"><a href=\"https:\/\/healthtravelguide.com\/fi\/lihavuusleikkausten\/hihatypistyksesta\/\">Hihatypistyksest\u00e4<\/a><\/li>\n<li class=\"current\"><a href=\"https:\/\/healthtravelguide.com\/fi\/lihavuusleikkausten\/pantaleikkaus\/\">Pantaleikkaus<\/a><\/li>\n<li class=\"current\"><a href=\"https:\/\/healthtravelguide.com\/fi\/lihavuusleikkausten\/laihdutuspallo\/\">Laihdutuspallo<\/a><\/li>\n<li class=\"current\"><a href=\"https:\/\/healthtravelguide.com\/fi\/lihavuusleikkausten\/mahalaukun-pienennys\/\">Mahalaukun pienennys<\/a><\/li>\n<li><a href=\"https:\/\/healthtravelguide.com\/fi\/kauneusleikkaukset\/rasvaimu\/\">Rasvaimu<\/a><\/li>\n<li><a href=\"https:\/\/healthtravelguide.com\/fi\/kauneusleikkaukset\/rasvansiirto\/\">Rasvansiirto<\/a><\/li>\n<\/ul>\n<\/div>[\/vc_column_inner][\/vc_row_inner][vc_row_inner css=&#8221;.vc_custom_1462516802446{padding-right: 25px !important;padding-left: 25px !important;}&#8221;][vc_column_inner css=&#8221;.vc_custom_1471295267122{padding-top: 30px !important;padding-right: 30px !important;padding-bottom: 20px !important;padding-left: 30px !important;background-color: #f4f4f4 !important;}&#8221;]<div id=\"ultimate-heading-180269d9996127ceb\" class=\"uvc-heading ult-adjust-bottom-margin ultimate-heading-180269d9996127ceb uvc-5148  uvc-heading-default-font-sizes\" data-hspacer=\"no_spacer\"  data-halign=\"left\" style=\"text-align:left\"><div class=\"uvc-heading-spacer no_spacer\" style=\"top\"><\/div><div class=\"uvc-main-heading ult-responsive\"  data-ultimate-target='.uvc-heading.ultimate-heading-180269d9996127ceb h3'  data-responsive-json-new='{\"font-size\":\"\",\"line-height\":\"\"}' ><h3 style=\"font-weight:bold;margin-bottom:20px;\">Sovi tapaaminen<\/h3><\/div><\/div>[vc_column_text]Ota meihin yhteytt\u00e4 nyt ja yhdist\u00e4mme sinut parhaille kirurgeille.[\/vc_column_text][vc_empty_space height=&#8221;30px&#8221;]\n<div class=\"wpcf7 no-js\" id=\"wpcf7-f3205-o1\" lang=\"en-US\" dir=\"ltr\" data-wpcf7-id=\"3205\">\n<div class=\"screen-reader-response\"><p role=\"status\" aria-live=\"polite\" aria-atomic=\"true\"><\/p> <ul><\/ul><\/div>\n<form action=\"\/fi\/wp-json\/wp\/v2\/pages\/2980#wpcf7-f3205-o1\" method=\"post\" class=\"wpcf7-form init\" aria-label=\"Contact form\" novalidate=\"novalidate\" data-status=\"init\">\n<div style=\"display: none;\">\n<input type=\"hidden\" name=\"_wpcf7\" value=\"3205\" \/>\n<input type=\"hidden\" name=\"_wpcf7_version\" value=\"6.0.4\" \/>\n<input type=\"hidden\" name=\"_wpcf7_locale\" value=\"en_US\" \/>\n<input type=\"hidden\" name=\"_wpcf7_unit_tag\" value=\"wpcf7-f3205-o1\" \/>\n<input type=\"hidden\" name=\"_wpcf7_container_post\" value=\"0\" \/>\n<input type=\"hidden\" name=\"_wpcf7_posted_data_hash\" value=\"\" \/>\n<input type=\"hidden\" name=\"_wpcf7_recaptcha_response\" value=\"\" \/>\n<\/div>\n<p><label><span class=\"wpcf7-form-control-wrap\" data-name=\"your-name\"><input size=\"40\" maxlength=\"400\" class=\"wpcf7-form-control wpcf7-text wpcf7-validates-as-required\" aria-required=\"true\" aria-invalid=\"false\" placeholder=\"Koko nimi (vaaditaan)\" value=\"\" type=\"text\" name=\"your-name\" \/><\/span> <\/label><br \/>\n<label><span class=\"wpcf7-form-control-wrap\" data-name=\"your-email\"><input size=\"40\" maxlength=\"400\" class=\"wpcf7-form-control wpcf7-email wpcf7-validates-as-required wpcf7-text wpcf7-validates-as-email\" aria-required=\"true\" aria-invalid=\"false\" placeholder=\"S\u00e4hk\u00f6posti (vaaditaan)\" value=\"\" type=\"email\" name=\"your-email\" \/><\/span> <\/label><br \/>\n<label><span class=\"wpcf7-form-control-wrap\" data-name=\"tel-137\"><input size=\"40\" maxlength=\"400\" class=\"wpcf7-form-control wpcf7-tel wpcf7-text wpcf7-validates-as-tel\" aria-invalid=\"false\" placeholder=\"Puhelin\" value=\"\" type=\"tel\" name=\"tel-137\" \/><\/span><\/label><br \/>\n<label><span class=\"wpcf7-form-control-wrap\" data-name=\"your-message\"><textarea cols=\"40\" rows=\"3\" maxlength=\"2000\" class=\"wpcf7-form-control wpcf7-textarea\" aria-invalid=\"false\" placeholder=\"Viesti\" name=\"your-message\"><\/textarea><\/span> <\/label><br \/>\n<span id=\"wpcf7-69d99961290ec-wrapper\" class=\"wpcf7-form-control-wrap city-856-wrap\" style=\"display:none !important; visibility:hidden !important;\"><label for=\"wpcf7-69d99961290ec-field\" class=\"hp-message\">Please leave this field empty.<\/label><input id=\"wpcf7-69d99961290ec-field\"  class=\"wpcf7-form-control wpcf7-text\" type=\"text\" name=\"city-856\" value=\"\" size=\"40\" tabindex=\"-1\" autocomplete=\"new-password\" \/><\/span><br \/>\n<span class=\"wpcf7-form-control-wrap\" data-name=\"acceptance-100\"><span class=\"wpcf7-form-control wpcf7-acceptance\"><span class=\"wpcf7-list-item\"><label><input type=\"checkbox\" name=\"acceptance-100\" value=\"1\" aria-invalid=\"false\" \/><span class=\"wpcf7-list-item-label\">Olen samaa mielt\u00e4 Health Travel Guide <a href=\"https:\/\/healthtravelguide.com\/privacy-policy\/\" target=\"_blank\">Tietosuojak\u00e4yt\u00e4nn\u00f6st\u00e4.*<\/a><\/span><\/label><\/span><\/span><\/span>\n<\/p>\n<p><input class=\"wpcf7-form-control wpcf7-submit has-spinner\" type=\"submit\" value=\"L\u00e4het\u00e4\" \/>\n<\/p><div class=\"wpcf7-response-output\" aria-hidden=\"true\"><\/div>\n<\/form>\n<\/div>\n[\/vc_column_inner][\/vc_row_inner][\/vc_column][\/vc_row]<\/p>\n","protected":false},"excerpt":{"rendered":"<p>[vc_row type=&#8221;vc_default&#8221; css=&#8221;.vc_custom_1474221376872{margin-bottom: -80px !important;}&#8221;][vc_column offset=&#8221;vc_col-lg-8 vc_col-md-8 vc_col-xs-12&#8243; css=&#8221;.vc_custom_1463573458077{margin-bottom: 80px !important;}&#8221;][vc_column_text]Health Travel Guiden takaa l\u00f6ytyy joukko terveysturismin kannattajia. Olemme n\u00e4hneet omin silmin, mit\u00e4 Baltian mailla on tarjota niin vapaa-ajan kuin terveydenhuollon suhteen, ja olemme ottaneet teht\u00e4v\u00e4ksemme vied\u00e4 t\u00e4t\u00e4 tietoa my\u00f6s ulkomaille. Neuvostoliiton j\u00e4lkeisill\u00e4 mailla on itse asiassa suuri etuly\u00f6ntiasema, sill\u00e4 tarjolla on osaavia ammattilaisia pienemp\u00e4\u00e4n&hellip;<\/p>\n","protected":false},"author":1,"featured_media":0,"parent":0,"menu_order":20,"comment_status":"closed","ping_status":"closed","template":"","meta":{"footnotes":""},"class_list":["post-2980","page","type-page","status-publish","hentry","description-off"],"yoast_head":"<!-- This site is optimized with the Yoast SEO plugin v24.4 - https:\/\/yoast.com\/wordpress\/plugins\/seo\/ -->\n<title>Meist\u00e4 - Health Travel Guide<\/title>\n<meta name=\"description\" content=\"Health Travel Guiden takaa l\u00f6ytyy joukko terveysturismin kannattajia. Olemme n\u00e4hneet omin silmin, mit\u00e4 Baltian mailla on tarjota niin vapaa-ajan kuin terveydenhuollon suhteen, ja olemme ottaneet teht\u00e4v\u00e4ksemme vied\u00e4 t\u00e4t\u00e4 tietoa my\u00f6s ulkomaille.\" \/>\n<meta name=\"robots\" content=\"index, follow, max-snippet:-1, max-image-preview:large, max-video-preview:-1\" \/>\n<link rel=\"canonical\" href=\"https:\/\/healthtravelguide.com\/meista\/\" \/>\n<meta property=\"og:locale\" content=\"fi_FI\" \/>\n<meta property=\"og:type\" content=\"article\" \/>\n<meta property=\"og:title\" content=\"Meist\u00e4 - Health Travel Guide\" \/>\n<meta property=\"og:description\" content=\"Health Travel Guiden takaa l\u00f6ytyy joukko terveysturismin kannattajia. Olemme n\u00e4hneet omin silmin, mit\u00e4 Baltian mailla on tarjota niin vapaa-ajan kuin terveydenhuollon suhteen, ja olemme ottaneet teht\u00e4v\u00e4ksemme vied\u00e4 t\u00e4t\u00e4 tietoa my\u00f6s ulkomaille.\" \/>\n<meta property=\"og:url\" content=\"https:\/\/healthtravelguide.com\/meista\/\" \/>\n<meta property=\"og:site_name\" content=\"Health Travel Guide\" \/>\n<meta property=\"article:modified_time\" content=\"2019-09-13T18:37:50+00:00\" \/>\n<meta name=\"twitter:card\" content=\"summary_large_image\" \/>\n<meta name=\"twitter:label1\" content=\"Arvioitu lukuaika\" \/>\n\t<meta name=\"twitter:data1\" content=\"3 minuuttia\" \/>\n<script type=\"application\/ld+json\" class=\"yoast-schema-graph\">{\"@context\":\"https:\/\/schema.org\",\"@graph\":[{\"@type\":\"WebPage\",\"@id\":\"https:\/\/healthtravelguide.com\/meista\/\",\"url\":\"https:\/\/healthtravelguide.com\/meista\/\",\"name\":\"Meist\u00e4 - Health Travel Guide\",\"isPartOf\":{\"@id\":\"https:\/\/healthtravelguide.com\/#website\"},\"datePublished\":\"2019-05-15T09:30:41+00:00\",\"dateModified\":\"2019-09-13T18:37:50+00:00\",\"description\":\"Health Travel Guiden takaa l\u00f6ytyy joukko terveysturismin kannattajia. Olemme n\u00e4hneet omin silmin, mit\u00e4 Baltian mailla on tarjota niin vapaa-ajan kuin terveydenhuollon suhteen, ja olemme ottaneet teht\u00e4v\u00e4ksemme vied\u00e4 t\u00e4t\u00e4 tietoa my\u00f6s ulkomaille.\",\"breadcrumb\":{\"@id\":\"https:\/\/healthtravelguide.com\/meista\/#breadcrumb\"},\"inLanguage\":\"fi\",\"potentialAction\":[{\"@type\":\"ReadAction\",\"target\":[\"https:\/\/healthtravelguide.com\/meista\/\"]}]},{\"@type\":\"BreadcrumbList\",\"@id\":\"https:\/\/healthtravelguide.com\/meista\/#breadcrumb\",\"itemListElement\":[{\"@type\":\"ListItem\",\"position\":1,\"name\":\"Home\",\"item\":\"https:\/\/healthtravelguide.com\/etusivu\/\"},{\"@type\":\"ListItem\",\"position\":2,\"name\":\"Meist\u00e4\"}]},{\"@type\":\"WebSite\",\"@id\":\"https:\/\/healthtravelguide.com\/#website\",\"url\":\"https:\/\/healthtravelguide.com\/\",\"name\":\"Health Travel Guide\",\"description\":\"Get first class medical treatment for less!\",\"potentialAction\":[{\"@type\":\"SearchAction\",\"target\":{\"@type\":\"EntryPoint\",\"urlTemplate\":\"https:\/\/healthtravelguide.com\/?s={search_term_string}\"},\"query-input\":{\"@type\":\"PropertyValueSpecification\",\"valueRequired\":true,\"valueName\":\"search_term_string\"}}],\"inLanguage\":\"fi\"}]}<\/script>\n<!-- \/ Yoast SEO plugin. -->","yoast_head_json":{"title":"Meist\u00e4 - Health Travel Guide","description":"Health Travel Guiden takaa l\u00f6ytyy joukko terveysturismin kannattajia. Olemme n\u00e4hneet omin silmin, mit\u00e4 Baltian mailla on tarjota niin vapaa-ajan kuin terveydenhuollon suhteen, ja olemme ottaneet teht\u00e4v\u00e4ksemme vied\u00e4 t\u00e4t\u00e4 tietoa my\u00f6s ulkomaille.","robots":{"index":"index","follow":"follow","max-snippet":"max-snippet:-1","max-image-preview":"max-image-preview:large","max-video-preview":"max-video-preview:-1"},"canonical":"https:\/\/healthtravelguide.com\/meista\/","og_locale":"fi_FI","og_type":"article","og_title":"Meist\u00e4 - Health Travel Guide","og_description":"Health Travel Guiden takaa l\u00f6ytyy joukko terveysturismin kannattajia. Olemme n\u00e4hneet omin silmin, mit\u00e4 Baltian mailla on tarjota niin vapaa-ajan kuin terveydenhuollon suhteen, ja olemme ottaneet teht\u00e4v\u00e4ksemme vied\u00e4 t\u00e4t\u00e4 tietoa my\u00f6s ulkomaille.","og_url":"https:\/\/healthtravelguide.com\/meista\/","og_site_name":"Health Travel Guide","article_modified_time":"2019-09-13T18:37:50+00:00","twitter_card":"summary_large_image","twitter_misc":{"Arvioitu lukuaika":"3 minuuttia"},"schema":{"@context":"https:\/\/schema.org","@graph":[{"@type":"WebPage","@id":"https:\/\/healthtravelguide.com\/meista\/","url":"https:\/\/healthtravelguide.com\/meista\/","name":"Meist\u00e4 - Health Travel Guide","isPartOf":{"@id":"https:\/\/healthtravelguide.com\/#website"},"datePublished":"2019-05-15T09:30:41+00:00","dateModified":"2019-09-13T18:37:50+00:00","description":"Health Travel Guiden takaa l\u00f6ytyy joukko terveysturismin kannattajia. Olemme n\u00e4hneet omin silmin, mit\u00e4 Baltian mailla on tarjota niin vapaa-ajan kuin terveydenhuollon suhteen, ja olemme ottaneet teht\u00e4v\u00e4ksemme vied\u00e4 t\u00e4t\u00e4 tietoa my\u00f6s ulkomaille.","breadcrumb":{"@id":"https:\/\/healthtravelguide.com\/meista\/#breadcrumb"},"inLanguage":"fi","potentialAction":[{"@type":"ReadAction","target":["https:\/\/healthtravelguide.com\/meista\/"]}]},{"@type":"BreadcrumbList","@id":"https:\/\/healthtravelguide.com\/meista\/#breadcrumb","itemListElement":[{"@type":"ListItem","position":1,"name":"Home","item":"https:\/\/healthtravelguide.com\/etusivu\/"},{"@type":"ListItem","position":2,"name":"Meist\u00e4"}]},{"@type":"WebSite","@id":"https:\/\/healthtravelguide.com\/#website","url":"https:\/\/healthtravelguide.com\/","name":"Health Travel Guide","description":"Get first class medical treatment for less!","potentialAction":[{"@type":"SearchAction","target":{"@type":"EntryPoint","urlTemplate":"https:\/\/healthtravelguide.com\/?s={search_term_string}"},"query-input":{"@type":"PropertyValueSpecification","valueRequired":true,"valueName":"search_term_string"}}],"inLanguage":"fi"}]}},"_links":{"self":[{"href":"https:\/\/healthtravelguide.com\/fi\/wp-json\/wp\/v2\/pages\/2980","targetHints":{"allow":["GET"]}}],"collection":[{"href":"https:\/\/healthtravelguide.com\/fi\/wp-json\/wp\/v2\/pages"}],"about":[{"href":"https:\/\/healthtravelguide.com\/fi\/wp-json\/wp\/v2\/types\/page"}],"author":[{"embeddable":true,"href":"https:\/\/healthtravelguide.com\/fi\/wp-json\/wp\/v2\/users\/1"}],"replies":[{"embeddable":true,"href":"https:\/\/healthtravelguide.com\/fi\/wp-json\/wp\/v2\/comments?post=2980"}],"version-history":[{"count":5,"href":"https:\/\/healthtravelguide.com\/fi\/wp-json\/wp\/v2\/pages\/2980\/revisions"}],"predecessor-version":[{"id":3217,"href":"https:\/\/healthtravelguide.com\/fi\/wp-json\/wp\/v2\/pages\/2980\/revisions\/3217"}],"wp:attachment":[{"href":"https:\/\/healthtravelguide.com\/fi\/wp-json\/wp\/v2\/media?parent=2980"}],"curies":[{"name":"wp","href":"https:\/\/api.w.org\/{rel}","templated":true}]}}