{"id":2316,"date":"2018-08-08T10:56:28","date_gmt":"2018-08-08T10:56:28","guid":{"rendered":"https:\/\/healthtravelguide.com\/lihavuusleikkausten\/lihavuusleikkauksen-soveltuvuuskysely\/"},"modified":"2018-08-08T10:56:29","modified_gmt":"2018-08-08T10:56:29","slug":"lihavuusleikkauksen-soveltuvuuskysely","status":"publish","type":"page","link":"https:\/\/healthtravelguide.com\/fi\/lihavuusleikkausten\/lihavuusleikkauksen-soveltuvuuskysely\/","title":{"rendered":"Lihavuusleikkauksen soveltuvuuskysely"},"content":{"rendered":"<p>[vc_row][vc_column width=&#8221;1\/6&#8243;][\/vc_column][vc_column width=&#8221;2\/3&#8243;][vc_column_text css=&#8221;.vc_custom_1524335812878{padding-bottom: 40px !important;}&#8221;]<span style=\"font-weight: 400;\">T\u00e4m\u00e4n lomakkeen t\u00e4ytt\u00e4minen ei sido sinua mihink\u00e4\u00e4n. Voit t\u00e4ytt\u00e4\u00e4 lomakkeen, vaikka et olisi tehnyt p\u00e4\u00e4t\u00f6st\u00e4 tai et ole varma, tarvitsetko lihavuusleikkausta.<\/span>[\/vc_column_text]\n<div class=\"wpcf7 no-js\" id=\"wpcf7-f2315-o1\" lang=\"en-US\" dir=\"ltr\" data-wpcf7-id=\"2315\">\n<div class=\"screen-reader-response\"><p role=\"status\" aria-live=\"polite\" aria-atomic=\"true\"><\/p> <ul><\/ul><\/div>\n<form action=\"\/fi\/wp-json\/wp\/v2\/pages\/2316#wpcf7-f2315-o1\" method=\"post\" class=\"wpcf7-form init wpcf7-acceptance-as-validation\" aria-label=\"Contact form\" novalidate=\"novalidate\" data-status=\"init\">\n<div style=\"display: none;\">\n<input type=\"hidden\" name=\"_wpcf7\" value=\"2315\" \/>\n<input type=\"hidden\" name=\"_wpcf7_version\" value=\"6.0.4\" \/>\n<input type=\"hidden\" name=\"_wpcf7_locale\" value=\"en_US\" \/>\n<input type=\"hidden\" name=\"_wpcf7_unit_tag\" value=\"wpcf7-f2315-o1\" \/>\n<input type=\"hidden\" name=\"_wpcf7_container_post\" value=\"0\" \/>\n<input type=\"hidden\" name=\"_wpcf7_posted_data_hash\" value=\"\" \/>\n<input type=\"hidden\" name=\"_wpcf7_recaptcha_response\" value=\"\" \/>\n<\/div>\n<p><label> Ik\u00e4<br \/>\n<span class=\"wpcf7-form-control-wrap\" data-name=\"your-age\"><input size=\"40\" maxlength=\"400\" class=\"wpcf7-form-control wpcf7-text wpcf7-validates-as-required\" aria-required=\"true\" aria-invalid=\"false\" value=\"\" type=\"text\" name=\"your-age\" \/><\/span> <\/label>\n<\/p>\n<p><label> Pituus (cm)<br \/>\n<span class=\"wpcf7-form-control-wrap\" data-name=\"your-height\"><input size=\"40\" maxlength=\"400\" class=\"wpcf7-form-control wpcf7-text wpcf7-validates-as-required\" aria-required=\"true\" aria-invalid=\"false\" value=\"\" type=\"text\" name=\"your-height\" \/><\/span> <\/label>\n<\/p>\n<p><label> Nykyinen paino (kg)<br \/>\n<span class=\"wpcf7-form-control-wrap\" data-name=\"currnet-weight\"><input size=\"40\" maxlength=\"400\" class=\"wpcf7-form-control wpcf7-text wpcf7-validates-as-required\" aria-required=\"true\" aria-invalid=\"false\" value=\"\" type=\"text\" name=\"currnet-weight\" \/><\/span> <\/label>\n<\/p>\n<p><label> Suurin paino elinik\u00e4si aikana (kg)<br \/>\n<span class=\"wpcf7-form-control-wrap\" data-name=\"max-weight\"><input size=\"40\" maxlength=\"400\" class=\"wpcf7-form-control wpcf7-text wpcf7-validates-as-required\" aria-required=\"true\" aria-invalid=\"false\" value=\"\" type=\"text\" name=\"max-weight\" \/><\/span> <\/label>\n<\/p>\n<p><label> Luettelo kaikista sairauksista, mukaan lukien syd\u00e4nsairaudet, krooniset taudit, vatsaan liittyv\u00e4t sairaudet, jne.<br \/>\n<span class=\"wpcf7-form-control-wrap\" data-name=\"your-conditions\"><textarea cols=\"40\" rows=\"4\" maxlength=\"2000\" class=\"wpcf7-form-control wpcf7-textarea\" aria-invalid=\"false\" name=\"your-conditions\"><\/textarea><\/span> <\/label>\n<\/p>\n<p><label> Koko nimi<br \/>\n<span class=\"wpcf7-form-control-wrap\" data-name=\"your-name\"><input size=\"40\" maxlength=\"400\" class=\"wpcf7-form-control wpcf7-text wpcf7-validates-as-required\" aria-required=\"true\" aria-invalid=\"false\" value=\"\" type=\"text\" name=\"your-name\" \/><\/span> <\/label>\n<\/p>\n<p><label> S\u00e4hk\u00f6posti<br \/>\n<span class=\"wpcf7-form-control-wrap\" data-name=\"your-email\"><input size=\"40\" maxlength=\"400\" class=\"wpcf7-form-control wpcf7-email wpcf7-validates-as-required wpcf7-text wpcf7-validates-as-email\" aria-required=\"true\" aria-invalid=\"false\" value=\"\" type=\"email\" name=\"your-email\" \/><\/span> <\/label>\n<\/p>\n<p><label> Puhelinnumero (maatunnuksella)<br \/>\n<span class=\"wpcf7-form-control-wrap\" data-name=\"phone-number\"><input size=\"40\" maxlength=\"400\" class=\"wpcf7-form-control wpcf7-text wpcf7-validates-as-required\" aria-required=\"true\" aria-invalid=\"false\" value=\"\" type=\"text\" name=\"phone-number\" \/><\/span> <\/label>\n<\/p>\n<p><label> Lis\u00e4tiedot tai kysymykset<br \/>\n<span class=\"wpcf7-form-control-wrap\" data-name=\"your-message\"><textarea cols=\"40\" rows=\"4\" maxlength=\"2000\" class=\"wpcf7-form-control wpcf7-textarea\" aria-invalid=\"false\" name=\"your-message\"><\/textarea><\/span> <\/label>\n<\/p>\n<p><span class=\"wpcf7-form-control-wrap\" data-name=\"acceptance-100\"><span class=\"wpcf7-form-control wpcf7-acceptance\"><span class=\"wpcf7-list-item\"><label><input type=\"checkbox\" name=\"acceptance-100\" value=\"1\" aria-invalid=\"false\" \/><span class=\"wpcf7-list-item-label\">Olen samaa mielt\u00e4 Health Travel Guide <a href=\"https:\/\/healthtravelguide.com\/privacy-policy\/\" target=\"_blank\">Tietosuojak\u00e4yt\u00e4nn\u00f6st\u00e4.*<\/a><\/span><\/label><\/span><\/span><\/span>\n<\/p>\n<p><input class=\"wpcf7-form-control wpcf7-submit has-spinner\" type=\"submit\" value=\"L\u00e4het\u00e4\" \/>\n<\/p><div class=\"wpcf7-response-output\" aria-hidden=\"true\"><\/div>\n<\/form>\n<\/div>\n[\/vc_column][vc_column width=&#8221;1\/6&#8243;][\/vc_column][\/vc_row]<\/p>\n","protected":false},"excerpt":{"rendered":"<p>[vc_row][vc_column width=&#8221;1\/6&#8243;][\/vc_column][vc_column width=&#8221;2\/3&#8243;][vc_column_text css=&#8221;.vc_custom_1524335812878{padding-bottom: 40px !important;}&#8221;]T\u00e4m\u00e4n lomakkeen t\u00e4ytt\u00e4minen ei sido sinua mihink\u00e4\u00e4n. Voit t\u00e4ytt\u00e4\u00e4 lomakkeen, vaikka et olisi tehnyt p\u00e4\u00e4t\u00f6st\u00e4 tai et ole varma, tarvitsetko lihavuusleikkausta.[\/vc_column_text][\/vc_column][vc_column width=&#8221;1\/6&#8243;][\/vc_column][\/vc_row]<\/p>\n","protected":false},"author":2,"featured_media":0,"parent":2241,"menu_order":0,"comment_status":"closed","ping_status":"closed","template":"","meta":{"footnotes":""},"class_list":["post-2316","page","type-page","status-publish","hentry","description-off"],"yoast_head":"<!-- This site is optimized with the Yoast SEO plugin v24.4 - https:\/\/yoast.com\/wordpress\/plugins\/seo\/ -->\n<title>Lihavuusleikkauksen soveltuvuuskysely - Health Travel Guide<\/title>\n<meta name=\"robots\" content=\"index, follow, max-snippet:-1, max-image-preview:large, max-video-preview:-1\" \/>\n<link rel=\"canonical\" href=\"https:\/\/healthtravelguide.com\/lihavuusleikkausten\/lihavuusleikkauksen-soveltuvuuskysely\/\" \/>\n<meta property=\"og:locale\" content=\"fi_FI\" \/>\n<meta property=\"og:type\" content=\"article\" \/>\n<meta property=\"og:title\" content=\"Lihavuusleikkauksen soveltuvuuskysely - Health Travel Guide\" \/>\n<meta property=\"og:description\" content=\"[vc_row][vc_column width=&#8221;1\/6&#8243;][\/vc_column][vc_column width=&#8221;2\/3&#8243;][vc_column_text css=&#8221;.vc_custom_1524335812878{padding-bottom: 40px !important;}&#8221;]T\u00e4m\u00e4n lomakkeen t\u00e4ytt\u00e4minen ei sido sinua mihink\u00e4\u00e4n. Voit t\u00e4ytt\u00e4\u00e4 lomakkeen, vaikka et olisi tehnyt p\u00e4\u00e4t\u00f6st\u00e4 tai et ole varma, tarvitsetko lihavuusleikkausta.[\/vc_column_text][\/vc_column][vc_column width=&#8221;1\/6&#8243;][\/vc_column][\/vc_row]\" \/>\n<meta property=\"og:url\" content=\"https:\/\/healthtravelguide.com\/lihavuusleikkausten\/lihavuusleikkauksen-soveltuvuuskysely\/\" \/>\n<meta property=\"og:site_name\" content=\"Health Travel Guide\" \/>\n<meta property=\"article:modified_time\" content=\"2018-08-08T10:56:29+00:00\" \/>\n<meta name=\"twitter:card\" content=\"summary_large_image\" \/>\n<script type=\"application\/ld+json\" class=\"yoast-schema-graph\">{\"@context\":\"https:\/\/schema.org\",\"@graph\":[{\"@type\":\"WebPage\",\"@id\":\"https:\/\/healthtravelguide.com\/lihavuusleikkausten\/lihavuusleikkauksen-soveltuvuuskysely\/\",\"url\":\"https:\/\/healthtravelguide.com\/lihavuusleikkausten\/lihavuusleikkauksen-soveltuvuuskysely\/\",\"name\":\"Lihavuusleikkauksen soveltuvuuskysely - Health Travel Guide\",\"isPartOf\":{\"@id\":\"https:\/\/healthtravelguide.com\/#website\"},\"datePublished\":\"2018-08-08T10:56:28+00:00\",\"dateModified\":\"2018-08-08T10:56:29+00:00\",\"breadcrumb\":{\"@id\":\"https:\/\/healthtravelguide.com\/lihavuusleikkausten\/lihavuusleikkauksen-soveltuvuuskysely\/#breadcrumb\"},\"inLanguage\":\"fi\",\"potentialAction\":[{\"@type\":\"ReadAction\",\"target\":[\"https:\/\/healthtravelguide.com\/lihavuusleikkausten\/lihavuusleikkauksen-soveltuvuuskysely\/\"]}]},{\"@type\":\"BreadcrumbList\",\"@id\":\"https:\/\/healthtravelguide.com\/lihavuusleikkausten\/lihavuusleikkauksen-soveltuvuuskysely\/#breadcrumb\",\"itemListElement\":[{\"@type\":\"ListItem\",\"position\":1,\"name\":\"Home\",\"item\":\"https:\/\/healthtravelguide.com\/etusivu\/\"},{\"@type\":\"ListItem\",\"position\":2,\"name\":\"Lihavuusleikkausten\",\"item\":\"https:\/\/healthtravelguide.com\/lihavuusleikkausten\/\"},{\"@type\":\"ListItem\",\"position\":3,\"name\":\"Lihavuusleikkauksen soveltuvuuskysely\"}]},{\"@type\":\"WebSite\",\"@id\":\"https:\/\/healthtravelguide.com\/#website\",\"url\":\"https:\/\/healthtravelguide.com\/\",\"name\":\"Health Travel Guide\",\"description\":\"Get first class medical treatment for less!\",\"potentialAction\":[{\"@type\":\"SearchAction\",\"target\":{\"@type\":\"EntryPoint\",\"urlTemplate\":\"https:\/\/healthtravelguide.com\/?s={search_term_string}\"},\"query-input\":{\"@type\":\"PropertyValueSpecification\",\"valueRequired\":true,\"valueName\":\"search_term_string\"}}],\"inLanguage\":\"fi\"}]}<\/script>\n<!-- \/ Yoast SEO plugin. -->","yoast_head_json":{"title":"Lihavuusleikkauksen soveltuvuuskysely - Health Travel Guide","robots":{"index":"index","follow":"follow","max-snippet":"max-snippet:-1","max-image-preview":"max-image-preview:large","max-video-preview":"max-video-preview:-1"},"canonical":"https:\/\/healthtravelguide.com\/lihavuusleikkausten\/lihavuusleikkauksen-soveltuvuuskysely\/","og_locale":"fi_FI","og_type":"article","og_title":"Lihavuusleikkauksen soveltuvuuskysely - Health Travel Guide","og_description":"[vc_row][vc_column width=&#8221;1\/6&#8243;][\/vc_column][vc_column width=&#8221;2\/3&#8243;][vc_column_text css=&#8221;.vc_custom_1524335812878{padding-bottom: 40px !important;}&#8221;]T\u00e4m\u00e4n lomakkeen t\u00e4ytt\u00e4minen ei sido sinua mihink\u00e4\u00e4n. Voit t\u00e4ytt\u00e4\u00e4 lomakkeen, vaikka et olisi tehnyt p\u00e4\u00e4t\u00f6st\u00e4 tai et ole varma, tarvitsetko lihavuusleikkausta.[\/vc_column_text][\/vc_column][vc_column width=&#8221;1\/6&#8243;][\/vc_column][\/vc_row]","og_url":"https:\/\/healthtravelguide.com\/lihavuusleikkausten\/lihavuusleikkauksen-soveltuvuuskysely\/","og_site_name":"Health Travel Guide","article_modified_time":"2018-08-08T10:56:29+00:00","twitter_card":"summary_large_image","schema":{"@context":"https:\/\/schema.org","@graph":[{"@type":"WebPage","@id":"https:\/\/healthtravelguide.com\/lihavuusleikkausten\/lihavuusleikkauksen-soveltuvuuskysely\/","url":"https:\/\/healthtravelguide.com\/lihavuusleikkausten\/lihavuusleikkauksen-soveltuvuuskysely\/","name":"Lihavuusleikkauksen soveltuvuuskysely - Health Travel Guide","isPartOf":{"@id":"https:\/\/healthtravelguide.com\/#website"},"datePublished":"2018-08-08T10:56:28+00:00","dateModified":"2018-08-08T10:56:29+00:00","breadcrumb":{"@id":"https:\/\/healthtravelguide.com\/lihavuusleikkausten\/lihavuusleikkauksen-soveltuvuuskysely\/#breadcrumb"},"inLanguage":"fi","potentialAction":[{"@type":"ReadAction","target":["https:\/\/healthtravelguide.com\/lihavuusleikkausten\/lihavuusleikkauksen-soveltuvuuskysely\/"]}]},{"@type":"BreadcrumbList","@id":"https:\/\/healthtravelguide.com\/lihavuusleikkausten\/lihavuusleikkauksen-soveltuvuuskysely\/#breadcrumb","itemListElement":[{"@type":"ListItem","position":1,"name":"Home","item":"https:\/\/healthtravelguide.com\/etusivu\/"},{"@type":"ListItem","position":2,"name":"Lihavuusleikkausten","item":"https:\/\/healthtravelguide.com\/lihavuusleikkausten\/"},{"@type":"ListItem","position":3,"name":"Lihavuusleikkauksen soveltuvuuskysely"}]},{"@type":"WebSite","@id":"https:\/\/healthtravelguide.com\/#website","url":"https:\/\/healthtravelguide.com\/","name":"Health Travel Guide","description":"Get first class medical treatment for less!","potentialAction":[{"@type":"SearchAction","target":{"@type":"EntryPoint","urlTemplate":"https:\/\/healthtravelguide.com\/?s={search_term_string}"},"query-input":{"@type":"PropertyValueSpecification","valueRequired":true,"valueName":"search_term_string"}}],"inLanguage":"fi"}]}},"_links":{"self":[{"href":"https:\/\/healthtravelguide.com\/fi\/wp-json\/wp\/v2\/pages\/2316","targetHints":{"allow":["GET"]}}],"collection":[{"href":"https:\/\/healthtravelguide.com\/fi\/wp-json\/wp\/v2\/pages"}],"about":[{"href":"https:\/\/healthtravelguide.com\/fi\/wp-json\/wp\/v2\/types\/page"}],"author":[{"embeddable":true,"href":"https:\/\/healthtravelguide.com\/fi\/wp-json\/wp\/v2\/users\/2"}],"replies":[{"embeddable":true,"href":"https:\/\/healthtravelguide.com\/fi\/wp-json\/wp\/v2\/comments?post=2316"}],"version-history":[{"count":1,"href":"https:\/\/healthtravelguide.com\/fi\/wp-json\/wp\/v2\/pages\/2316\/revisions"}],"predecessor-version":[{"id":2317,"href":"https:\/\/healthtravelguide.com\/fi\/wp-json\/wp\/v2\/pages\/2316\/revisions\/2317"}],"up":[{"embeddable":true,"href":"https:\/\/healthtravelguide.com\/fi\/wp-json\/wp\/v2\/pages\/2241"}],"wp:attachment":[{"href":"https:\/\/healthtravelguide.com\/fi\/wp-json\/wp\/v2\/media?parent=2316"}],"curies":[{"name":"wp","href":"https:\/\/api.w.org\/{rel}","templated":true}]}}