{"id":2241,"date":"2018-07-28T10:11:26","date_gmt":"2018-07-28T10:11:26","guid":{"rendered":"https:\/\/healthtravelguide.com\/lihavuusleikkausten\/"},"modified":"2019-09-13T18:52:56","modified_gmt":"2019-09-13T18:52:56","slug":"lihavuusleikkausten","status":"publish","type":"page","link":"https:\/\/healthtravelguide.com\/fi\/lihavuusleikkausten\/","title":{"rendered":"Lihavuusleikkausten"},"content":{"rendered":"<p>[vc_row type=&#8221;vc_default&#8221; css=&#8221;.vc_custom_1474221376872{margin-bottom: -80px !important;}&#8221;][vc_column offset=&#8221;vc_col-lg-8 vc_col-md-8 vc_col-xs-12&#8243; css=&#8221;.vc_custom_1463573458077{margin-bottom: 80px !important;}&#8221;]<div id=\"ultimate-heading-530069d99994e0c76\" class=\"uvc-heading ult-adjust-bottom-margin ultimate-heading-530069d99994e0c76 uvc-6635 \" data-hspacer=\"no_spacer\"  data-halign=\"left\" style=\"text-align:left\"><div class=\"uvc-heading-spacer no_spacer\" style=\"top\"><\/div><div class=\"uvc-main-heading ult-responsive\"  data-ultimate-target='.uvc-heading.ultimate-heading-530069d99994e0c76 h2'  data-responsive-json-new='{\"font-size\":\"desktop:24px;\",\"line-height\":\"desktop:30px;\"}' ><h2 style=\"font-weight:bold;margin-bottom:22px;\">L\u00e4\u00e4ketieteellisist\u00e4 palveluista<\/h2><\/div><\/div>[vc_column_text]<span style=\"font-weight: 400;\">Lihavuuskirurgia koostuu useista eri toimenpiteist\u00e4. Kaikkien toimintaperiaatteena on rajoittaa tavallisesti nautittavan ruoan m\u00e4\u00e4r\u00e4\u00e4 pienent\u00e4m\u00e4ll\u00e4 mahalaukun kokoa, muokkaamalla mahalaukkua pysyv\u00e4sti tai v\u00e4liaikaisesti tai lis\u00e4\u00e4m\u00e4ll\u00e4 l\u00e4\u00e4ketieteellisi\u00e4 laitteita, jotta vatsa t\u00e4yttyy nopeammin.<\/span><\/p>\n<p><span style=\"font-weight: 400;\">Oli valintasi sitten mik\u00e4 tahansa, kyseess\u00e4 ei ole oikotie laihuuteen, sill\u00e4 toimenpide ja uusi ruokavalio voivat osoittautua todellisiksi haasteiksi. Kyseess\u00e4 on kuitenkin suuri sys\u00e4ys parempaan el\u00e4m\u00e4ntapaan.<\/span><\/p>\n<p>[\/vc_column_text]<style type=\"text\/css\" data-type=\"the7_shortcodes-inline-css\">#default-btn-4908048cc189c1c2f9aa937ad0f51603.ico-right-side > i {\n  margin-right: 0px;\n  margin-left: 8px;\n}\n#default-btn-4908048cc189c1c2f9aa937ad0f51603 > i {\n  margin-right: 8px;\n}\n<\/style><a href=\"https:\/\/healthtravelguide.com\/fi\/lihavuusleikkausten\/lihavuusleikkauksen-soveltuvuuskysely\/\" class=\"default-btn-shortcode dt-btn dt-btn-m link-hover-off btn-inline-left  vc_custom_1568400762404\" id=\"default-btn-4908048cc189c1c2f9aa937ad0f51603\" title=\"Ota meihin yhteytt\u00e4!\"><span>Ota meihin yhteytt\u00e4!<\/span><\/a><div id=\"ultimate-heading-267269d99994e0d73\" class=\"uvc-heading ult-adjust-bottom-margin ultimate-heading-267269d99994e0d73 uvc-333 \" data-hspacer=\"no_spacer\"  data-halign=\"left\" style=\"text-align:left\"><div class=\"uvc-heading-spacer no_spacer\" style=\"top\"><\/div><div class=\"uvc-main-heading ult-responsive\"  data-ultimate-target='.uvc-heading.ultimate-heading-267269d99994e0d73 h2'  data-responsive-json-new='{\"font-size\":\"desktop:24px;\",\"line-height\":\"desktop:30px;\"}' ><h2 style=\"font-weight:bold;margin-top:20px;margin-bottom:20px;\">Alustava yleiskatsaus<\/h2><\/div><\/div>[vc_column_text css=&#8221;.vc_custom_1528976897982{margin-bottom: 30px !important;}&#8221;]<\/p>\n<table style=\"font-size: 14px; font-weight: normal;\">\n<tbody>\n<tr>\n<td><\/td>\n<td><b>Mahalaukun ohitusleikkaus<\/b><\/td>\n<td><b>Hihatypistys<\/b><\/td>\n<td><b>Pantaleikkaus<\/b><\/td>\n<td><b>Mahalaukun pienennys<\/b><\/td>\n<td><b>Laihdutuspallo<\/b><\/td>\n<\/tr>\n<tr>\n<td>Toimenpide<\/td>\n<td>Suolisto ohjataan pienemp\u00e4\u00e4n osaan mahalaukkua.<\/td>\n<td>Mahalaukusta poistetaan suuri osa, jolloin muodostuu hiha.<\/td>\n<td>Mahalaukun ymp\u00e4rille kiinnitet\u00e4\u00e4n panta.<\/td>\n<td>Mahalaukku taitetaan muhviksi.<\/td>\n<td>Mahalaukkuun asetetaan nesteell\u00e4 t\u00e4ytetty ilmapallo.<\/td>\n<\/tr>\n<tr>\n<td>Odotettu ylipainon pudotus (2 vuoden kuluessa)<\/td>\n<td>70-80 %<\/td>\n<td>60-70 %<\/td>\n<td>40-50 %<\/td>\n<td>30-55 %<\/td>\n<td>Riippuu el\u00e4m\u00e4ntapojen muutoksesta<\/td>\n<\/tr>\n<tr>\n<td>Onko toimenpiteell\u00e4 vaikutus ruoansulatuskanavaan?<\/td>\n<td>Kyll\u00e4<\/td>\n<td>Ei<\/td>\n<td>Ei<\/td>\n<td>Ei<\/td>\n<td>Ei<\/td>\n<\/tr>\n<tr>\n<td>Onko toimenpide peruttavissa?<\/td>\n<td>Kyll\u00e4<\/td>\n<td>Ei<\/td>\n<td>Kyll\u00e4<\/td>\n<td>Kyll\u00e4 (noin vuoden ajan toimenpiteen j\u00e4lkeen)<\/td>\n<td>Kyll\u00e4 (voidaan k\u00e4ytt\u00e4\u00e4 6 kuukaudesta vuoteen)<\/td>\n<\/tr>\n<tr>\n<td>Toipumisaika<\/td>\n<td>4-8 viikkoa<\/td>\n<td>4-6 viikkoa<\/td>\n<td>3-4 viikkoa<\/td>\n<td>Korkeintaan 4 viikkoa<\/td>\n<td>Korkeintaan 2 viikkoa<\/td>\n<\/tr>\n<\/tbody>\n<\/table>\n<p>[\/vc_column_text]<div id=\"ultimate-heading-40769d99994e0da0\" class=\"uvc-heading ult-adjust-bottom-margin ultimate-heading-40769d99994e0da0 uvc-196 \" data-hspacer=\"no_spacer\"  data-halign=\"left\" style=\"text-align:left\"><div class=\"uvc-heading-spacer no_spacer\" style=\"top\"><\/div><div class=\"uvc-main-heading ult-responsive\"  data-ultimate-target='.uvc-heading.ultimate-heading-40769d99994e0da0 h2'  data-responsive-json-new='{\"font-size\":\"desktop:24px;\",\"line-height\":\"desktop:30px;\"}' ><h2 style=\"font-weight:bold;margin-top:20px;margin-bottom:20px;\">Lihavuusleikkausten indikaatiot<\/h2><\/div><\/div>[vc_column_text css=&#8221;.vc_custom_1557914744438{margin-bottom: 30px !important;}&#8221;]<span style=\"font-weight: 400;\">Lihavuusleikkaus voi soveltua sinulle silloin, kun:<\/span><\/p>\n<ul>\n<li style=\"font-weight: 400;\"><span style=\"font-weight: 400;\">painoindeksisi on v\u00e4hint\u00e4\u00e4n 40.<\/span><\/li>\n<li style=\"font-weight: 400;\"><span style=\"font-weight: 400;\">painoindeksisi on v\u00e4hint\u00e4\u00e4n 30 ja sinulla on v\u00e4hint\u00e4\u00e4n yksi seuraavista oheissairauksista:<\/span>\n<ul>\n<li style=\"font-weight: 400;\"><span style=\"font-weight: 400;\">tyypin 2 diabetes<\/span><\/li>\n<li style=\"font-weight: 400;\"><span style=\"font-weight: 400;\">korkea verenpaine<\/span><\/li>\n<li style=\"font-weight: 400;\"><span style=\"font-weight: 400;\">niveltulehdus<\/span><\/li>\n<li style=\"font-weight: 400;\"><span style=\"font-weight: 400;\">uniapnea<\/span><\/li>\n<li style=\"font-weight: 400;\"><span style=\"font-weight: 400;\">syd\u00e4nsairaus<\/span><\/li>\n<li style=\"font-weight: 400;\"><span style=\"font-weight: 400;\">ruoansulatush\u00e4iri\u00f6<\/span><\/li>\n<li style=\"font-weight: 400;\"><span style=\"font-weight: 400;\">maksasairaus<\/span><\/li>\n<\/ul>\n<\/li>\n<li style=\"font-weight: 400;\"><span style=\"font-weight: 400;\">aiemmat yritykset liikunnan ja ruokavalion avulla ovat ep\u00e4onnistuneet.<\/span><\/li>\n<\/ul>\n<p><span style=\"font-weight: 400;\">Se, onko lihavuusleikkaus sinulle paras vaihtoehto ja mik\u00e4 toimenpide sinulle sopisi parhaiten, m\u00e4\u00e4ritet\u00e4\u00e4n aloituskonsultaatiossa valitsemasi kirurgin kanssa. <\/span><\/p>\n<p><span style=\"font-weight: 400;\">Lue lis\u00e4\u00e4 toimenpiteist\u00e4:<\/span><\/p>\n<ul>\n<li><a href=\"https:\/\/healthtravelguide.com\/fi\/lihavuusleikkausten\/mahalaukun-ohitusleikkauksesta\/\">Mahalaukun ohitusleikkaus<\/a><\/li>\n<li class=\"current\"><a href=\"https:\/\/healthtravelguide.com\/fi\/lihavuusleikkausten\/hihatypistyksesta\/\">Hihatypistyksest\u00e4<\/a><\/li>\n<li class=\"current\"><a href=\"https:\/\/healthtravelguide.com\/fi\/lihavuusleikkausten\/pantaleikkaus\/\">Pantaleikkaus<\/a><\/li>\n<li class=\"current\"><a href=\"https:\/\/healthtravelguide.com\/fi\/lihavuusleikkausten\/laihdutuspallo\/\">Laihdutuspallo<\/a><\/li>\n<li class=\"current\"><a href=\"https:\/\/healthtravelguide.com\/fi\/lihavuusleikkausten\/mahalaukun-pienennys\/\">Mahalaukun pienennys<\/a><\/li>\n<\/ul>\n<p>[\/vc_column_text]<style type=\"text\/css\" data-type=\"the7_shortcodes-inline-css\">#default-btn-4b9fbe1cba6520b8e03a244b3a5c0b38.ico-right-side > i {\n  margin-right: 0px;\n  margin-left: 8px;\n}\n#default-btn-4b9fbe1cba6520b8e03a244b3a5c0b38 > i {\n  margin-right: 8px;\n}\n<\/style><a href=\"https:\/\/healthtravelguide.com\/fi\/lihavuusleikkausten\/lihavuusleikkauksen-soveltuvuuskysely\/\" class=\"default-btn-shortcode dt-btn dt-btn-m link-hover-off btn-inline-left  vc_custom_1568400774076\" id=\"default-btn-4b9fbe1cba6520b8e03a244b3a5c0b38\" title=\"Ota meihin yhteytt\u00e4!\"><span>Ota meihin yhteytt\u00e4!<\/span><\/a>[\/vc_column][vc_column offset=&#8221;vc_col-lg-4 vc_col-md-4 vc_col-xs-12&#8243; el_class=&#8221;custom_sidebar&#8221; css=&#8221;.vc_custom_1474221370251{padding-bottom: 80px !important;}&#8221;][vc_row_inner css=&#8221;.vc_custom_1463573390268{padding-right: 25px !important;padding-bottom: 30px !important;padding-left: 25px !important;}&#8221;][vc_column_inner css=&#8221;.vc_custom_1462517200859{padding-top: 30px !important;padding-right: 30px !important;padding-bottom: 10px !important;padding-left: 30px !important;background-color: #f4f4f4 !important;}&#8221;]<div id=\"ultimate-heading-627469d99994e0e34\" class=\"uvc-heading ult-adjust-bottom-margin ultimate-heading-627469d99994e0e34 uvc-2405 \" data-hspacer=\"no_spacer\"  data-halign=\"left\" style=\"text-align:left\"><div class=\"uvc-heading-spacer no_spacer\" style=\"top\"><\/div><div class=\"uvc-main-heading ult-responsive\"  data-ultimate-target='.uvc-heading.ultimate-heading-627469d99994e0e34 h3'  data-responsive-json-new='{\"font-size\":\"desktop:20px;\",\"line-height\":\"desktop:26px;\"}' ><h3 style=\"font-weight:bold;margin-bottom:20px;\">Lis\u00e4\u00e4 palveluita<\/h3><\/div><\/div>[vc_widget_sidebar show_bg=&#8221;false&#8221; sidebar_id=&#8221;sidebar_3&#8243; el_class=&#8221;service_menu&#8221;]<div class=\"standard-arrow list-divider bullet-top\"><ul>\n<li><a href=\"https:\/\/healthtravelguide.com\/fi\/lihavuusleikkausten\/mahalaukun-ohitusleikkauksesta\/\">Mahalaukun ohitusleikkaus<\/a><\/li>\n<li class=\"current\"><a href=\"https:\/\/healthtravelguide.com\/fi\/lihavuusleikkausten\/hihatypistyksesta\/\">Hihatypistyksest\u00e4<\/a><\/li>\n<li class=\"current\"><a href=\"https:\/\/healthtravelguide.com\/fi\/lihavuusleikkausten\/pantaleikkaus\/\">Pantaleikkaus<\/a><\/li>\n<li class=\"current\"><a href=\"https:\/\/healthtravelguide.com\/fi\/lihavuusleikkausten\/laihdutuspallo\/\">Laihdutuspallo<\/a><\/li>\n<li class=\"current\"><a href=\"https:\/\/healthtravelguide.com\/fi\/lihavuusleikkausten\/mahalaukun-pienennys\/\">Mahalaukun pienennys<\/a><\/li>\n<li><a href=\"https:\/\/healthtravelguide.com\/fi\/kauneusleikkaukset\/rasvaimu\/\">Rasvaimu<\/a><\/li>\n<li><a href=\"https:\/\/healthtravelguide.com\/fi\/kauneusleikkaukset\/rasvansiirto\/\">Rasvansiirto<\/a><\/li>\n<\/ul>\n<\/div>[\/vc_column_inner][\/vc_row_inner][vc_row_inner css=&#8221;.vc_custom_1462516802446{padding-right: 25px !important;padding-left: 25px !important;}&#8221;][vc_column_inner css=&#8221;.vc_custom_1471295267122{padding-top: 30px !important;padding-right: 30px !important;padding-bottom: 20px !important;padding-left: 30px !important;background-color: #f4f4f4 !important;}&#8221;]<div id=\"ultimate-heading-634569d99994e0ec5\" class=\"uvc-heading ult-adjust-bottom-margin ultimate-heading-634569d99994e0ec5 uvc-8686  uvc-heading-default-font-sizes\" data-hspacer=\"no_spacer\"  data-halign=\"left\" style=\"text-align:left\"><div class=\"uvc-heading-spacer no_spacer\" style=\"top\"><\/div><div class=\"uvc-main-heading ult-responsive\"  data-ultimate-target='.uvc-heading.ultimate-heading-634569d99994e0ec5 h3'  data-responsive-json-new='{\"font-size\":\"\",\"line-height\":\"\"}' ><h3 style=\"font-weight:bold;margin-bottom:20px;\">Sovi tapaaminen<\/h3><\/div><\/div>[vc_column_text]Ota yhteytt\u00e4 meihin ja yhdist\u00e4mme sinut parhaille kirurgeille.[\/vc_column_text][vc_empty_space height=&#8221;30px&#8221;]\n<div class=\"wpcf7 no-js\" id=\"wpcf7-f3205-o1\" lang=\"en-US\" dir=\"ltr\" data-wpcf7-id=\"3205\">\n<div class=\"screen-reader-response\"><p role=\"status\" aria-live=\"polite\" aria-atomic=\"true\"><\/p> <ul><\/ul><\/div>\n<form action=\"\/fi\/wp-json\/wp\/v2\/pages\/2241#wpcf7-f3205-o1\" method=\"post\" class=\"wpcf7-form init\" aria-label=\"Contact form\" novalidate=\"novalidate\" data-status=\"init\">\n<div style=\"display: none;\">\n<input type=\"hidden\" name=\"_wpcf7\" value=\"3205\" \/>\n<input type=\"hidden\" name=\"_wpcf7_version\" value=\"6.0.4\" \/>\n<input type=\"hidden\" name=\"_wpcf7_locale\" value=\"en_US\" \/>\n<input type=\"hidden\" name=\"_wpcf7_unit_tag\" value=\"wpcf7-f3205-o1\" \/>\n<input type=\"hidden\" name=\"_wpcf7_container_post\" value=\"0\" \/>\n<input type=\"hidden\" name=\"_wpcf7_posted_data_hash\" value=\"\" \/>\n<input type=\"hidden\" name=\"_wpcf7_recaptcha_response\" value=\"\" \/>\n<\/div>\n<p><label><span class=\"wpcf7-form-control-wrap\" data-name=\"your-name\"><input size=\"40\" maxlength=\"400\" class=\"wpcf7-form-control wpcf7-text wpcf7-validates-as-required\" aria-required=\"true\" aria-invalid=\"false\" placeholder=\"Koko nimi (vaaditaan)\" value=\"\" type=\"text\" name=\"your-name\" \/><\/span> <\/label><br \/>\n<label><span class=\"wpcf7-form-control-wrap\" data-name=\"your-email\"><input size=\"40\" maxlength=\"400\" class=\"wpcf7-form-control wpcf7-email wpcf7-validates-as-required wpcf7-text wpcf7-validates-as-email\" aria-required=\"true\" aria-invalid=\"false\" placeholder=\"S\u00e4hk\u00f6posti (vaaditaan)\" value=\"\" type=\"email\" name=\"your-email\" \/><\/span> <\/label><br \/>\n<label><span class=\"wpcf7-form-control-wrap\" data-name=\"tel-137\"><input size=\"40\" maxlength=\"400\" class=\"wpcf7-form-control wpcf7-tel wpcf7-text wpcf7-validates-as-tel\" aria-invalid=\"false\" placeholder=\"Puhelin\" value=\"\" type=\"tel\" name=\"tel-137\" \/><\/span><\/label><br \/>\n<label><span class=\"wpcf7-form-control-wrap\" data-name=\"your-message\"><textarea cols=\"40\" rows=\"3\" maxlength=\"2000\" class=\"wpcf7-form-control wpcf7-textarea\" aria-invalid=\"false\" placeholder=\"Viesti\" name=\"your-message\"><\/textarea><\/span> <\/label><br \/>\n<span id=\"wpcf7-69d99994e1e88-wrapper\" class=\"wpcf7-form-control-wrap city-856-wrap\" style=\"display:none !important; visibility:hidden !important;\"><label for=\"wpcf7-69d99994e1e88-field\" class=\"hp-message\">Please leave this field empty.<\/label><input id=\"wpcf7-69d99994e1e88-field\"  class=\"wpcf7-form-control wpcf7-text\" type=\"text\" name=\"city-856\" value=\"\" size=\"40\" tabindex=\"-1\" autocomplete=\"new-password\" \/><\/span><br \/>\n<span class=\"wpcf7-form-control-wrap\" data-name=\"acceptance-100\"><span class=\"wpcf7-form-control wpcf7-acceptance\"><span class=\"wpcf7-list-item\"><label><input type=\"checkbox\" name=\"acceptance-100\" value=\"1\" aria-invalid=\"false\" \/><span class=\"wpcf7-list-item-label\">Olen samaa mielt\u00e4 Health Travel Guide <a href=\"https:\/\/healthtravelguide.com\/privacy-policy\/\" target=\"_blank\">Tietosuojak\u00e4yt\u00e4nn\u00f6st\u00e4.*<\/a><\/span><\/label><\/span><\/span><\/span>\n<\/p>\n<p><input class=\"wpcf7-form-control wpcf7-submit has-spinner\" type=\"submit\" value=\"L\u00e4het\u00e4\" \/>\n<\/p><div class=\"wpcf7-response-output\" aria-hidden=\"true\"><\/div>\n<\/form>\n<\/div>\n[\/vc_column_inner][\/vc_row_inner][\/vc_column][\/vc_row]<\/p>\n","protected":false},"excerpt":{"rendered":"<p>[vc_row type=&#8221;vc_default&#8221; css=&#8221;.vc_custom_1474221376872{margin-bottom: -80px !important;}&#8221;][vc_column offset=&#8221;vc_col-lg-8 vc_col-md-8 vc_col-xs-12&#8243; css=&#8221;.vc_custom_1463573458077{margin-bottom: 80px !important;}&#8221;][vc_column_text]Lihavuuskirurgia koostuu useista eri toimenpiteist\u00e4. Kaikkien toimintaperiaatteena on rajoittaa tavallisesti nautittavan ruoan m\u00e4\u00e4r\u00e4\u00e4 pienent\u00e4m\u00e4ll\u00e4 mahalaukun kokoa, muokkaamalla mahalaukkua pysyv\u00e4sti tai v\u00e4liaikaisesti tai lis\u00e4\u00e4m\u00e4ll\u00e4 l\u00e4\u00e4ketieteellisi\u00e4 laitteita, jotta vatsa t\u00e4yttyy nopeammin. Oli valintasi sitten mik\u00e4 tahansa, kyseess\u00e4 ei ole oikotie laihuuteen, sill\u00e4 toimenpide ja uusi ruokavalio voivat&hellip;<\/p>\n","protected":false},"author":2,"featured_media":0,"parent":0,"menu_order":20,"comment_status":"closed","ping_status":"closed","template":"","meta":{"footnotes":""},"class_list":["post-2241","page","type-page","status-publish","hentry","description-off"],"yoast_head":"<!-- This site is optimized with the Yoast SEO plugin v24.4 - https:\/\/yoast.com\/wordpress\/plugins\/seo\/ -->\n<title>Bariatric kirurgia ulkomailla, edullinen - Health Travel Guide<\/title>\n<meta name=\"description\" content=\"Lihavuuskirurgia koostuu useista eri toimenpiteist\u00e4. Kaikkien toimintaperiaatteena on rajoittaa tavallisesti nautittavan ruoan m\u00e4\u00e4r\u00e4\u00e4 pienent\u00e4m\u00e4ll\u00e4 mahalaukun kokoa, muokkaamalla mahalaukkua pysyv\u00e4sti tai v\u00e4liaikaisesti tai lis\u00e4\u00e4m\u00e4ll\u00e4 l\u00e4\u00e4ketieteellisi\u00e4 laitteita, jotta vatsa t\u00e4yttyy nopeammin.\" \/>\n<meta name=\"robots\" content=\"index, follow, max-snippet:-1, max-image-preview:large, max-video-preview:-1\" \/>\n<link rel=\"canonical\" href=\"https:\/\/healthtravelguide.com\/lihavuusleikkausten\/\" \/>\n<meta property=\"og:locale\" content=\"fi_FI\" \/>\n<meta property=\"og:type\" content=\"article\" \/>\n<meta property=\"og:title\" content=\"Bariatric kirurgia ulkomailla, edullinen - Health Travel Guide\" \/>\n<meta property=\"og:description\" content=\"Lihavuuskirurgia koostuu useista eri toimenpiteist\u00e4. Kaikkien toimintaperiaatteena on rajoittaa tavallisesti nautittavan ruoan m\u00e4\u00e4r\u00e4\u00e4 pienent\u00e4m\u00e4ll\u00e4 mahalaukun kokoa, muokkaamalla mahalaukkua pysyv\u00e4sti tai v\u00e4liaikaisesti tai lis\u00e4\u00e4m\u00e4ll\u00e4 l\u00e4\u00e4ketieteellisi\u00e4 laitteita, jotta vatsa t\u00e4yttyy nopeammin.\" \/>\n<meta property=\"og:url\" content=\"https:\/\/healthtravelguide.com\/lihavuusleikkausten\/\" \/>\n<meta property=\"og:site_name\" content=\"Health Travel Guide\" \/>\n<meta property=\"article:modified_time\" content=\"2019-09-13T18:52:56+00:00\" \/>\n<meta name=\"twitter:card\" content=\"summary_large_image\" \/>\n<meta name=\"twitter:label1\" content=\"Arvioitu lukuaika\" \/>\n\t<meta name=\"twitter:data1\" content=\"4 minuuttia\" \/>\n<script type=\"application\/ld+json\" class=\"yoast-schema-graph\">{\"@context\":\"https:\/\/schema.org\",\"@graph\":[{\"@type\":\"WebPage\",\"@id\":\"https:\/\/healthtravelguide.com\/lihavuusleikkausten\/\",\"url\":\"https:\/\/healthtravelguide.com\/lihavuusleikkausten\/\",\"name\":\"Bariatric kirurgia ulkomailla, edullinen - Health Travel Guide\",\"isPartOf\":{\"@id\":\"https:\/\/healthtravelguide.com\/#website\"},\"datePublished\":\"2018-07-28T10:11:26+00:00\",\"dateModified\":\"2019-09-13T18:52:56+00:00\",\"description\":\"Lihavuuskirurgia koostuu useista eri toimenpiteist\u00e4. Kaikkien toimintaperiaatteena on rajoittaa tavallisesti nautittavan ruoan m\u00e4\u00e4r\u00e4\u00e4 pienent\u00e4m\u00e4ll\u00e4 mahalaukun kokoa, muokkaamalla mahalaukkua pysyv\u00e4sti tai v\u00e4liaikaisesti tai lis\u00e4\u00e4m\u00e4ll\u00e4 l\u00e4\u00e4ketieteellisi\u00e4 laitteita, jotta vatsa t\u00e4yttyy nopeammin.\",\"breadcrumb\":{\"@id\":\"https:\/\/healthtravelguide.com\/lihavuusleikkausten\/#breadcrumb\"},\"inLanguage\":\"fi\",\"potentialAction\":[{\"@type\":\"ReadAction\",\"target\":[\"https:\/\/healthtravelguide.com\/lihavuusleikkausten\/\"]}]},{\"@type\":\"BreadcrumbList\",\"@id\":\"https:\/\/healthtravelguide.com\/lihavuusleikkausten\/#breadcrumb\",\"itemListElement\":[{\"@type\":\"ListItem\",\"position\":1,\"name\":\"Home\",\"item\":\"https:\/\/healthtravelguide.com\/etusivu\/\"},{\"@type\":\"ListItem\",\"position\":2,\"name\":\"Lihavuusleikkausten\"}]},{\"@type\":\"WebSite\",\"@id\":\"https:\/\/healthtravelguide.com\/#website\",\"url\":\"https:\/\/healthtravelguide.com\/\",\"name\":\"Health Travel Guide\",\"description\":\"Get first class medical treatment for less!\",\"potentialAction\":[{\"@type\":\"SearchAction\",\"target\":{\"@type\":\"EntryPoint\",\"urlTemplate\":\"https:\/\/healthtravelguide.com\/?s={search_term_string}\"},\"query-input\":{\"@type\":\"PropertyValueSpecification\",\"valueRequired\":true,\"valueName\":\"search_term_string\"}}],\"inLanguage\":\"fi\"}]}<\/script>\n<!-- \/ Yoast SEO plugin. -->","yoast_head_json":{"title":"Bariatric kirurgia ulkomailla, edullinen - Health Travel Guide","description":"Lihavuuskirurgia koostuu useista eri toimenpiteist\u00e4. Kaikkien toimintaperiaatteena on rajoittaa tavallisesti nautittavan ruoan m\u00e4\u00e4r\u00e4\u00e4 pienent\u00e4m\u00e4ll\u00e4 mahalaukun kokoa, muokkaamalla mahalaukkua pysyv\u00e4sti tai v\u00e4liaikaisesti tai lis\u00e4\u00e4m\u00e4ll\u00e4 l\u00e4\u00e4ketieteellisi\u00e4 laitteita, jotta vatsa t\u00e4yttyy nopeammin.","robots":{"index":"index","follow":"follow","max-snippet":"max-snippet:-1","max-image-preview":"max-image-preview:large","max-video-preview":"max-video-preview:-1"},"canonical":"https:\/\/healthtravelguide.com\/lihavuusleikkausten\/","og_locale":"fi_FI","og_type":"article","og_title":"Bariatric kirurgia ulkomailla, edullinen - Health Travel Guide","og_description":"Lihavuuskirurgia koostuu useista eri toimenpiteist\u00e4. Kaikkien toimintaperiaatteena on rajoittaa tavallisesti nautittavan ruoan m\u00e4\u00e4r\u00e4\u00e4 pienent\u00e4m\u00e4ll\u00e4 mahalaukun kokoa, muokkaamalla mahalaukkua pysyv\u00e4sti tai v\u00e4liaikaisesti tai lis\u00e4\u00e4m\u00e4ll\u00e4 l\u00e4\u00e4ketieteellisi\u00e4 laitteita, jotta vatsa t\u00e4yttyy nopeammin.","og_url":"https:\/\/healthtravelguide.com\/lihavuusleikkausten\/","og_site_name":"Health Travel Guide","article_modified_time":"2019-09-13T18:52:56+00:00","twitter_card":"summary_large_image","twitter_misc":{"Arvioitu lukuaika":"4 minuuttia"},"schema":{"@context":"https:\/\/schema.org","@graph":[{"@type":"WebPage","@id":"https:\/\/healthtravelguide.com\/lihavuusleikkausten\/","url":"https:\/\/healthtravelguide.com\/lihavuusleikkausten\/","name":"Bariatric kirurgia ulkomailla, edullinen - Health Travel Guide","isPartOf":{"@id":"https:\/\/healthtravelguide.com\/#website"},"datePublished":"2018-07-28T10:11:26+00:00","dateModified":"2019-09-13T18:52:56+00:00","description":"Lihavuuskirurgia koostuu useista eri toimenpiteist\u00e4. Kaikkien toimintaperiaatteena on rajoittaa tavallisesti nautittavan ruoan m\u00e4\u00e4r\u00e4\u00e4 pienent\u00e4m\u00e4ll\u00e4 mahalaukun kokoa, muokkaamalla mahalaukkua pysyv\u00e4sti tai v\u00e4liaikaisesti tai lis\u00e4\u00e4m\u00e4ll\u00e4 l\u00e4\u00e4ketieteellisi\u00e4 laitteita, jotta vatsa t\u00e4yttyy nopeammin.","breadcrumb":{"@id":"https:\/\/healthtravelguide.com\/lihavuusleikkausten\/#breadcrumb"},"inLanguage":"fi","potentialAction":[{"@type":"ReadAction","target":["https:\/\/healthtravelguide.com\/lihavuusleikkausten\/"]}]},{"@type":"BreadcrumbList","@id":"https:\/\/healthtravelguide.com\/lihavuusleikkausten\/#breadcrumb","itemListElement":[{"@type":"ListItem","position":1,"name":"Home","item":"https:\/\/healthtravelguide.com\/etusivu\/"},{"@type":"ListItem","position":2,"name":"Lihavuusleikkausten"}]},{"@type":"WebSite","@id":"https:\/\/healthtravelguide.com\/#website","url":"https:\/\/healthtravelguide.com\/","name":"Health Travel Guide","description":"Get first class medical treatment for less!","potentialAction":[{"@type":"SearchAction","target":{"@type":"EntryPoint","urlTemplate":"https:\/\/healthtravelguide.com\/?s={search_term_string}"},"query-input":{"@type":"PropertyValueSpecification","valueRequired":true,"valueName":"search_term_string"}}],"inLanguage":"fi"}]}},"_links":{"self":[{"href":"https:\/\/healthtravelguide.com\/fi\/wp-json\/wp\/v2\/pages\/2241","targetHints":{"allow":["GET"]}}],"collection":[{"href":"https:\/\/healthtravelguide.com\/fi\/wp-json\/wp\/v2\/pages"}],"about":[{"href":"https:\/\/healthtravelguide.com\/fi\/wp-json\/wp\/v2\/types\/page"}],"author":[{"embeddable":true,"href":"https:\/\/healthtravelguide.com\/fi\/wp-json\/wp\/v2\/users\/2"}],"replies":[{"embeddable":true,"href":"https:\/\/healthtravelguide.com\/fi\/wp-json\/wp\/v2\/comments?post=2241"}],"version-history":[{"count":19,"href":"https:\/\/healthtravelguide.com\/fi\/wp-json\/wp\/v2\/pages\/2241\/revisions"}],"predecessor-version":[{"id":3228,"href":"https:\/\/healthtravelguide.com\/fi\/wp-json\/wp\/v2\/pages\/2241\/revisions\/3228"}],"wp:attachment":[{"href":"https:\/\/healthtravelguide.com\/fi\/wp-json\/wp\/v2\/media?parent=2241"}],"curies":[{"name":"wp","href":"https:\/\/api.w.org\/{rel}","templated":true}]}}