{"id":4196,"date":"2020-12-29T09:18:12","date_gmt":"2020-12-29T09:18:12","guid":{"rendered":"https:\/\/healthtravelguide.com\/eestist-lahemalt\/"},"modified":"2020-12-30T10:50:58","modified_gmt":"2020-12-30T10:50:58","slug":"eestist-lahemalt","status":"publish","type":"page","link":"https:\/\/healthtravelguide.com\/et\/eestist-lahemalt\/","title":{"rendered":"Eestist l\u00e4hemalt"},"content":{"rendered":"<p>[vc_row type=&#8221;vc_default&#8221; css=&#8221;.vc_custom_1474221376872{margin-bottom: -80px !important;}&#8221;][vc_column offset=&#8221;vc_col-lg-8 vc_col-md-8 vc_col-xs-12&#8243; css=&#8221;.vc_custom_1463573458077{margin-bottom: 80px !important;}&#8221;]<div id=\"ultimate-heading-961669d99960b4843\" class=\"uvc-heading ult-adjust-bottom-margin ultimate-heading-961669d99960b4843 uvc-6106 \" data-hspacer=\"no_spacer\"  data-halign=\"left\" style=\"text-align:left\"><div class=\"uvc-heading-spacer no_spacer\" style=\"top\"><\/div><div class=\"uvc-main-heading ult-responsive\"  data-ultimate-target='.uvc-heading.ultimate-heading-961669d99960b4843 h2'  data-responsive-json-new='{\"font-size\":\"desktop:24px;\",\"line-height\":\"desktop:30px;\"}' ><h2 style=\"font-weight:bold;margin-top:20px;margin-bottom:20px;\">Miks just Eesti?<\/h2><\/div><\/div>[vc_column_text]Eesti meditsiiniteenused on <strong>maailmatasemel ja konkurentsiv\u00f5imelise hinnaga<\/strong>. Viimastel aastatel on suurenenud L\u00e4\u00e4ne-Euroopast ja P\u00f5hjamaadest saabuvate reisijate hulk, kes kasutavad Eestis pakutavaid terviseteenuseid.[\/vc_column_text]<div id=\"ultimate-heading-312569d99960b4897\" class=\"uvc-heading ult-adjust-bottom-margin ultimate-heading-312569d99960b4897 uvc-1829 \" data-hspacer=\"no_spacer\"  data-halign=\"left\" style=\"text-align:left\"><div class=\"uvc-heading-spacer no_spacer\" style=\"top\"><\/div><div class=\"uvc-main-heading ult-responsive\"  data-ultimate-target='.uvc-heading.ultimate-heading-312569d99960b4897 h3'  data-responsive-json-new='{\"font-size\":\"desktop:24px;\",\"line-height\":\"desktop:30px;\"}' ><h3 style=\"font-weight:bold;margin-top:20px;margin-bottom:20px;\">Unusta ootej\u00e4rjekorrad<\/h3><\/div><\/div>[vc_column_text css=&#8221;.vc_custom_1609323814367{margin-bottom: 30px !important;}&#8221;]K\u00f5ige sagedasem p\u00f5hjus, miks patsiendid eelistavad arstiabi saada v\u00e4lismaal, on pikad operatsioonide ja protseduuride j\u00e4rjekorrad nende kodumaal. <strong>Elukvaliteedi parandamisel<\/strong> on aeg otsustava t\u00e4htsusega, eriti n\u00e4iteks bariaatriliste ravimeetodite ootamisel. Suure kehakaalu t\u00f5ttu tekkinud terviseprobleemid pole lihtsalt niisama m\u00f6\u00f6duvad ja on t\u00e4iesti loomulik, et soovitakse kiiremaid lahendusi.<\/p>\n<p>Kuna Eestis elab veidi \u00fcle miljoni inimese ja Tartu \u00dclikooli arstiteaduskonna l\u00f5petavad igal aastal sajad meditsiinivaldkonna spetsialistid, pole s\u00fcsteem selles valdkonnas \u00fclekoormatud. Aeg, mis kulub spetsialistiga kontakti saamiseks ja operatsioonilauale p\u00e4\u00e4semiseks, v\u00f5ib olla palju l\u00fchem kui teistes riikides.[\/vc_column_text]<div id=\"ultimate-heading-318369d99960b48c5\" class=\"uvc-heading ult-adjust-bottom-margin ultimate-heading-318369d99960b48c5 uvc-8597 \" data-hspacer=\"no_spacer\"  data-halign=\"left\" style=\"text-align:left\"><div class=\"uvc-heading-spacer no_spacer\" style=\"top\"><\/div><div class=\"uvc-main-heading ult-responsive\"  data-ultimate-target='.uvc-heading.ultimate-heading-318369d99960b48c5 h3'  data-responsive-json-new='{\"font-size\":\"desktop:24px;\",\"line-height\":\"desktop:30px;\"}' ><h3 style=\"font-weight:bold;margin-top:20px;margin-bottom:20px;\">Madal riskitase ja tipptasemel meditsiinilised teenused<\/h3><\/div><\/div>[vc_column_text css=&#8221;.vc_custom_1609323893649{margin-bottom: 30px !important;}&#8221;]Mitmed Eesti kliinikud on spetsialiseerunud nii ilu- kui ka bariaatriakirurgidele, kes teevad <strong>igal aastal sadu operatsioone<\/strong>, sealjuures v\u00e4ga madala komplikatsioonide esinemisega. V\u00e4lismaalt p\u00e4rit kui ka kohalike inimeste jaoks, kes Eestis ravi soovivad, t\u00e4hendab praegune teenuste standard lisaks protseduurile:<\/p>\n<ul>\n<li>P\u00f5hjalikku konsultatsiooni kirurgiga<\/li>\n<li>Majutuse korraldamist<\/li>\n<li>Sinu vajaduste eest hoolitsemist kogu reisi v\u00e4ltel<\/li>\n<li>Koju minnes teavet ja n\u00e4pun\u00e4iteid elu kohta p\u00e4rast protseduuri<\/li>\n<li>J\u00e4relkonsultatsioone p\u00e4rast protseduuri<\/li>\n<\/ul>\n<p>Eestis pakutavate meditsiiniteenuste eesm\u00e4rk on tagada, et sind v\u00f5etakse kuulda, sul oleks turvaline ja et sa oleksid <strong>valmis oma uut elu alustama.<\/strong>[\/vc_column_text]<div id=\"ultimate-heading-926069d99960b48ee\" class=\"uvc-heading ult-adjust-bottom-margin ultimate-heading-926069d99960b48ee uvc-3472 \" data-hspacer=\"no_spacer\"  data-halign=\"left\" style=\"text-align:left\"><div class=\"uvc-heading-spacer no_spacer\" style=\"top\"><\/div><div class=\"uvc-main-heading ult-responsive\"  data-ultimate-target='.uvc-heading.ultimate-heading-926069d99960b48ee h2'  data-responsive-json-new='{\"font-size\":\"desktop:24px;\",\"line-height\":\"desktop:30px;\"}' ><h2 style=\"font-weight:bold;margin-top:20px;margin-bottom:20px;\">Miks just Eesti?<\/h2><\/div><\/div>[vc_column_text css=&#8221;.vc_custom_1526550126288{margin-bottom: 30px !important;}&#8221;]Meie eesm\u00e4rk on pakkuda inimestele soovitud meditsiiniteenuseid v\u00e4iksema kuluga. Miks? Kohalikud v\u00f5tavad sageli s\u00fcdameasjaks jagada infot selle kohta, mis on siin h\u00e4sti ja mida <strong>tasub teistega jagada<\/strong>. Meie aastatepikkune koost\u00f6\u00f6 erinevate ettev\u00f5tetega on aidanud meil olla kontaktis paljude spetsialistidega ning meditsiinivaldkond on meile alati k\u00f5ige rohkem muljet avaldanud.<\/p>\n<p><strong>Bariaatriline kirurgia muudab elu<\/strong>, parandades elukvaliteeti ja aidates probleeme leevendada. Meditsiiniturism on Balti riikides viimastel aastatel h\u00fcppeliselt kasvanud, eriti bariaatria osas, ja seda p\u00f5hjusega. Aitame sul leida sobiva spetsialisti ja saada konsultatsiooni, et teha protseduur sinu vajadustele k\u00f5ige sobivamaks.[\/vc_column_text]<div id=\"ultimate-heading-638569d99960b4919\" class=\"uvc-heading ult-adjust-bottom-margin ultimate-heading-638569d99960b4919 uvc-2158 \" data-hspacer=\"no_spacer\"  data-halign=\"left\" style=\"text-align:left\"><div class=\"uvc-heading-spacer no_spacer\" style=\"top\"><\/div><div class=\"uvc-main-heading ult-responsive\"  data-ultimate-target='.uvc-heading.ultimate-heading-638569d99960b4919 h3'  data-responsive-json-new='{\"font-size\":\"desktop:24px;\",\"line-height\":\"desktop:30px;\"}' ><h3 style=\"font-weight:bold;margin-top:20px;margin-bottom:20px;\">P\u00fchenda endale aega<\/h3><\/div><\/div>[vc_column_text css=&#8221;.vc_custom_1559894522918{margin-bottom: 30px !important;}&#8221;]T\u00e4nap\u00e4eval on lihtsam kui kunagi varem aeg maha v\u00f5tta ja oma elu muuta. Eesti on selleks eesm\u00e4rgiks <strong>suurep\u00e4rane sihtkoht<\/strong>. V\u00e4ikesed hubased kohad sobivad suurep\u00e4raselt ainult iseendale keskendumiseks ja Eesti on \u00fcks nendest. Elukvaliteeti parandavate meditsiiniliste protseduuride jaoks on \u00fclioluline, et saaksid igap\u00e4evastest toimetustest puhata. Reis riiki, kus rahvahulgad, liiklus v\u00f5i j\u00e4rjekorrad ei ole kunagi nii ulatuslikud kui suurlinnades, sobib selleks suurep\u00e4raselt, kuna k\u00f5ik on <strong>alati k\u00e4eulatuses, taskukohane ja ligip\u00e4\u00e4setav<\/strong>.<\/p>\n<p>Bariaatriline kirurgia ja iluprotseduurid viiakse Eestis l\u00e4bi nii kvaliteetsetes riiklikes kui ka erakliinikutes, s\u00f5ltuvalt valitud teenusest. Teenuse kvaliteet ja meditsiinivaldkonna spetsialistide professionaalsus on v\u00f5rreldavad P\u00f5hjamaade tervishoiustandarditega. Operatsioon ise on vaid \u00fcks samm, iga vastava spetsialisti eesm\u00e4rk on veenduda, et su vajadusi v\u00f5etakse kuulda ja t\u00e4idetakse nii enne kui ka p\u00e4rast protseduuri.[\/vc_column_text]<div id=\"ultimate-heading-247469d99960b493e\" class=\"uvc-heading ult-adjust-bottom-margin ultimate-heading-247469d99960b493e uvc-7885 \" data-hspacer=\"no_spacer\"  data-halign=\"left\" style=\"text-align:left\"><div class=\"uvc-heading-spacer no_spacer\" style=\"top\"><\/div><div class=\"uvc-main-heading ult-responsive\"  data-ultimate-target='.uvc-heading.ultimate-heading-247469d99960b493e h3'  data-responsive-json-new='{\"font-size\":\"desktop:24px;\",\"line-height\":\"desktop:30px;\"}' ><h3 style=\"font-weight:bold;margin-top:20px;margin-bottom:20px;\">Aga riik ise?<\/h3><\/div><\/div>[vc_column_text css=&#8221;.vc_custom_1559894562555{margin-bottom: 30px !important;}&#8221;]Eesti <strong>k\u00f5rgetasemeline meditsiinis\u00fcsteem<\/strong> tuleneb suuresti ajaloost. N\u00f5ukogude Liidu lagunemise j\u00e4rellainetus oli tegelikult viljakas pinnas leidlikele lahendustele. T\u00e4nap\u00e4eval on paljud avalikud teenused digitaliseeritud, valimistest maksudeklaratsioonideni, ja t\u00f5epoolest, isegi meditsiinis\u00fcsteemi paberimajandus ja ravimiretseptid.<\/p>\n<p>Riigis on rohkesti idufirmasid ja IT-maastik on pehmelt \u00f6eldes elav, kuid kahjuks pole m\u00fc\u00fct kohalike puude kohta, mis WiFi-t levitavad, (veel) t\u00f5si. Siiski v\u00f5id Eestis olles m\u00e4rgata head 4G leviala ja tasuta avalikku WiFit, mis on kaubanduskeskustes ja erinevates asutustes \u00fcsna tavaline n\u00e4htus.<\/p>\n<p>Loodame, et saad v\u00f5imaluse oma reisi jooksul nautida, mida riik pakub. Kui ei, siis oled alati tagasi oodatud ja loodetavasti saad v\u00e4hemalt Tallinna vanalinnaga tutvuda![\/vc_column_text]<div id=\"ultimate-heading-844469d99960b4961\" class=\"uvc-heading ult-adjust-bottom-margin ultimate-heading-844469d99960b4961 uvc-1877 \" data-hspacer=\"no_spacer\"  data-halign=\"left\" style=\"text-align:left\"><div class=\"uvc-heading-spacer no_spacer\" style=\"top\"><\/div><div class=\"uvc-main-heading ult-responsive\"  data-ultimate-target='.uvc-heading.ultimate-heading-844469d99960b4961 h3'  data-responsive-json-new='{\"font-size\":\"desktop:24px;\",\"line-height\":\"desktop:30px;\"}' ><h3 style=\"font-weight:bold;margin-top:20px;margin-bottom:20px;\">Pakub huvi?<\/h3><\/div><\/div>[vc_column_text css=&#8221;.vc_custom_1559894590396{margin-bottom: 30px !important;}&#8221;]Health Travel Guide aitab sul juba t\u00e4na Eestis operatsiooni l\u00e4bimiseks korraldusi teha. V\u00f5ta meiega \u00fchendust![\/vc_column_text]<style type=\"text\/css\" data-type=\"the7_shortcodes-inline-css\">#default-btn-09372d0baeafdc678fbf7ea54d03ff6d.ico-right-side > i {\n  margin-right: 0px;\n  margin-left: 8px;\n}\n#default-btn-09372d0baeafdc678fbf7ea54d03ff6d > i {\n  margin-right: 8px;\n}\n<\/style><a href=\"https:\/\/healthtravelguide.com\/bariatric-surgery\/survey\/\" class=\"default-btn-shortcode dt-btn dt-btn-m link-hover-off btn-inline-left  vc_custom_1529049496046\" id=\"default-btn-09372d0baeafdc678fbf7ea54d03ff6d\" title=\"Contact us now\"><span>Contact Us Now!<\/span><\/a>[\/vc_column][vc_column offset=&#8221;vc_col-lg-4 vc_col-md-4 vc_col-xs-12&#8243; el_class=&#8221;custom_sidebar&#8221; css=&#8221;.vc_custom_1474221370251{padding-bottom: 80px !important;}&#8221;][vc_row_inner css=&#8221;.vc_custom_1463573390268{padding-right: 25px !important;padding-bottom: 30px !important;padding-left: 25px !important;}&#8221;][vc_column_inner css=&#8221;.vc_custom_1462517200859{padding-top: 30px !important;padding-right: 30px !important;padding-bottom: 10px !important;padding-left: 30px !important;background-color: #f4f4f4 !important;}&#8221;]<div id=\"ultimate-heading-183169d99960b4a4e\" class=\"uvc-heading ult-adjust-bottom-margin ultimate-heading-183169d99960b4a4e uvc-7174 \" data-hspacer=\"no_spacer\"  data-halign=\"left\" style=\"text-align:left\"><div class=\"uvc-heading-spacer no_spacer\" style=\"top\"><\/div><div class=\"uvc-main-heading ult-responsive\"  data-ultimate-target='.uvc-heading.ultimate-heading-183169d99960b4a4e h3'  data-responsive-json-new='{\"font-size\":\"desktop:20px;\",\"line-height\":\"desktop:26px;\"}' ><h3 style=\"font-weight:bold;margin-bottom:20px;\">Meie teenused:<\/h3><\/div><\/div>[vc_widget_sidebar show_bg=&#8221;false&#8221; sidebar_id=&#8221;sidebar_3&#8243; el_class=&#8221;service_menu&#8221;]<div class=\"standard-arrow bullet-top\"><ul>\n<li><a href=\"https:\/\/healthtravelguide.com\/et\/bariaatriline-kirurgia\/maost-moodajuhtiv-operatsioon\/\" target=\"_blank\" rel=\"noopener\">Maost m\u00f6\u00f6dajuhtiv operatsioon<\/a><\/li>\n<li><a href=\"https:\/\/healthtravelguide.com\/et\/bariaatriline-kirurgia\/mao-pikisuunaline-resektsioon\/\" target=\"_blank\" rel=\"noopener\">Mao pikisuunaline resektsioon<\/a><\/li>\n<li><a href=\"https:\/\/healthtravelguide.com\/et\/bariaatriline-kirurgia\/maobandaaz\/\" target=\"_blank\" rel=\"noopener\">Maobandaa\u017e<\/a><\/li>\n<li><a href=\"https:\/\/healthtravelguide.com\/et\/bariaatriline-kirurgia\/maoballoon\/\" target=\"_blank\" rel=\"noopener\">Maoballoon<\/a><\/li>\n<li><a href=\"https:\/\/healthtravelguide.com\/et\/bariaatriline-kirurgia\/mao-plikatsioon\/\" target=\"_blank\" rel=\"noopener\">Mao plikatsioon<\/a><\/li>\n<li><a href=\"https:\/\/healthtravelguide.com\/et\/plastiline-kirurgia\/rindade-suurendamine\/\" target=\"_blank\" rel=\"noopener\">Rindade suurendamine<\/a><\/li>\n<li><a href=\"https:\/\/healthtravelguide.com\/et\/plastiline-kirurgia\/rasvaimu\/\" target=\"_blank\" rel=\"noopener\">Rasvaimu<\/a><\/li>\n<li><a href=\"https:\/\/healthtravelguide.com\/et\/plastiline-kirurgia\/rasva-siirdamine\/\" target=\"_blank\" rel=\"noopener\">Rasvasiirdamine<\/a><\/li>\n<\/ul>\n<\/div>[\/vc_column_inner][\/vc_row_inner][vc_row_inner css=&#8221;.vc_custom_1462516802446{padding-right: 25px !important;padding-left: 25px !important;}&#8221;][vc_column_inner css=&#8221;.vc_custom_1471295267122{padding-top: 30px !important;padding-right: 30px !important;padding-bottom: 20px !important;padding-left: 30px !important;background-color: #f4f4f4 !important;}&#8221;]<div id=\"ultimate-heading-315669d99960b4ae4\" class=\"uvc-heading ult-adjust-bottom-margin ultimate-heading-315669d99960b4ae4 uvc-2000  uvc-heading-default-font-sizes\" data-hspacer=\"no_spacer\"  data-halign=\"left\" style=\"text-align:left\"><div class=\"uvc-heading-spacer no_spacer\" style=\"top\"><\/div><div class=\"uvc-main-heading ult-responsive\"  data-ultimate-target='.uvc-heading.ultimate-heading-315669d99960b4ae4 h3'  data-responsive-json-new='{\"font-size\":\"\",\"line-height\":\"\"}' ><h3 style=\"font-weight:bold;margin-bottom:20px;\">Broneeri konsultatsioon<\/h3><\/div><\/div>[vc_column_text]<em>V\u00f5ta meiega \u00fchendust ja aitame sul kasutada Eesti parimate ilukirurgide teenuseid.<\/em>[\/vc_column_text][vc_empty_space height=&#8221;30px&#8221;]\n<div class=\"wpcf7 no-js\" id=\"wpcf7-f3559-o1\" lang=\"en-US\" dir=\"ltr\" data-wpcf7-id=\"3559\">\n<div class=\"screen-reader-response\"><p role=\"status\" aria-live=\"polite\" aria-atomic=\"true\"><\/p> <ul><\/ul><\/div>\n<form action=\"\/et\/wp-json\/wp\/v2\/pages\/4196#wpcf7-f3559-o1\" method=\"post\" class=\"wpcf7-form init\" aria-label=\"Contact form\" novalidate=\"novalidate\" data-status=\"init\">\n<div style=\"display: none;\">\n<input type=\"hidden\" name=\"_wpcf7\" value=\"3559\" \/>\n<input type=\"hidden\" name=\"_wpcf7_version\" value=\"6.0.4\" \/>\n<input type=\"hidden\" name=\"_wpcf7_locale\" value=\"en_US\" \/>\n<input type=\"hidden\" name=\"_wpcf7_unit_tag\" value=\"wpcf7-f3559-o1\" \/>\n<input type=\"hidden\" name=\"_wpcf7_container_post\" value=\"0\" \/>\n<input type=\"hidden\" name=\"_wpcf7_posted_data_hash\" value=\"\" \/>\n<input type=\"hidden\" name=\"_wpcf7_recaptcha_response\" value=\"\" \/>\n<\/div>\n<p><label><span class=\"wpcf7-form-control-wrap\" data-name=\"your-name\"><input size=\"40\" maxlength=\"400\" class=\"wpcf7-form-control wpcf7-text wpcf7-validates-as-required\" aria-required=\"true\" aria-invalid=\"false\" placeholder=\"Teie nimi (vajalik)\" value=\"\" type=\"text\" name=\"your-name\" \/><\/span> <\/label><br \/>\n<label><span class=\"wpcf7-form-control-wrap\" data-name=\"your-email\"><input size=\"40\" maxlength=\"400\" class=\"wpcf7-form-control wpcf7-email wpcf7-validates-as-required wpcf7-text wpcf7-validates-as-email\" aria-required=\"true\" aria-invalid=\"false\" placeholder=\"Teie e-post (vajalik)\" value=\"\" type=\"email\" name=\"your-email\" \/><\/span> <\/label><br \/>\n<label><span class=\"wpcf7-form-control-wrap\" data-name=\"tel-137\"><input size=\"40\" maxlength=\"400\" class=\"wpcf7-form-control wpcf7-tel wpcf7-text wpcf7-validates-as-tel\" aria-invalid=\"false\" placeholder=\"Telefon\" value=\"\" type=\"tel\" name=\"tel-137\" \/><\/span><\/label><br \/>\n<label><span class=\"wpcf7-form-control-wrap\" data-name=\"your-message\"><textarea cols=\"40\" rows=\"3\" maxlength=\"2000\" class=\"wpcf7-form-control wpcf7-textarea\" aria-invalid=\"false\" placeholder=\"S\u00f5num\" name=\"your-message\"><\/textarea><\/span> <\/label><br \/>\n<span id=\"wpcf7-69d99960b5b06-wrapper\" class=\"wpcf7-form-control-wrap city-856-wrap\" style=\"display:none !important; visibility:hidden !important;\"><label for=\"wpcf7-69d99960b5b06-field\" class=\"hp-message\">Please leave this field empty.<\/label><input id=\"wpcf7-69d99960b5b06-field\"  class=\"wpcf7-form-control wpcf7-text\" type=\"text\" name=\"city-856\" value=\"\" size=\"40\" tabindex=\"-1\" autocomplete=\"new-password\" \/><\/span><br \/>\n<span class=\"wpcf7-form-control-wrap\" data-name=\"acceptance-100\"><span class=\"wpcf7-form-control wpcf7-acceptance\"><span class=\"wpcf7-list-item\"><label><input type=\"checkbox\" name=\"acceptance-100\" value=\"1\" aria-invalid=\"false\" \/><span class=\"wpcf7-list-item-label\">Olen n\u00f5us Health Travel Guide <a href=\"https:\/\/healthtravelguide.com\/et\/privaatsuspoliitika\/\" target=\"_blank\">Privaatsuspoliitikaga.<\/a><\/span><\/label><\/span><\/span><\/span>\n<\/p>\n<p><input class=\"wpcf7-form-control wpcf7-submit has-spinner\" type=\"submit\" value=\"Saada\" \/>\n<\/p><div class=\"wpcf7-response-output\" aria-hidden=\"true\"><\/div>\n<\/form>\n<\/div>\n[\/vc_column_inner][\/vc_row_inner][\/vc_column][\/vc_row]<\/p>\n","protected":false},"excerpt":{"rendered":"<p>[vc_row type=&#8221;vc_default&#8221; css=&#8221;.vc_custom_1474221376872{margin-bottom: -80px !important;}&#8221;][vc_column offset=&#8221;vc_col-lg-8 vc_col-md-8 vc_col-xs-12&#8243; css=&#8221;.vc_custom_1463573458077{margin-bottom: 80px !important;}&#8221;][vc_column_text]Eesti meditsiiniteenused on maailmatasemel ja konkurentsiv\u00f5imelise hinnaga. Viimastel aastatel on suurenenud L\u00e4\u00e4ne-Euroopast ja P\u00f5hjamaadest saabuvate reisijate hulk, kes kasutavad Eestis pakutavaid terviseteenuseid.[\/vc_column_text][vc_column_text css=&#8221;.vc_custom_1609323814367{margin-bottom: 30px !important;}&#8221;]K\u00f5ige sagedasem p\u00f5hjus, miks patsiendid eelistavad arstiabi saada v\u00e4lismaal, on pikad operatsioonide ja protseduuride j\u00e4rjekorrad nende kodumaal. Elukvaliteedi parandamisel on aeg&hellip;<\/p>\n","protected":false},"author":2,"featured_media":0,"parent":0,"menu_order":20,"comment_status":"closed","ping_status":"closed","template":"","meta":{"footnotes":""},"class_list":["post-4196","page","type-page","status-publish","hentry","description-off"],"yoast_head":"<!-- This site is optimized with the Yoast SEO plugin v24.4 - https:\/\/yoast.com\/wordpress\/plugins\/seo\/ -->\n<title>Avasta Eestit - Health Travel Guide<\/title>\n<meta name=\"description\" content=\"Eesti meditsiiniteenused on maailmatasemel ja konkurentsiv\u00f5imelise hinnaga. Viimastel aastatel on suurenenud L\u00e4\u00e4ne-Euroopast ja P\u00f5hjamaadest saabuvate reisijate hulk, kes kasutavad Eestis pakutavaid terviseteenuseid.\" \/>\n<meta name=\"robots\" content=\"index, follow, max-snippet:-1, max-image-preview:large, max-video-preview:-1\" \/>\n<link rel=\"canonical\" href=\"https:\/\/healthtravelguide.com\/eestist-lahemalt\/\" \/>\n<meta property=\"og:locale\" content=\"et_EE\" \/>\n<meta property=\"og:type\" content=\"article\" \/>\n<meta property=\"og:title\" content=\"Avasta Eestit - Health Travel Guide\" \/>\n<meta property=\"og:description\" content=\"Eesti meditsiiniteenused on maailmatasemel ja konkurentsiv\u00f5imelise hinnaga. Viimastel aastatel on suurenenud L\u00e4\u00e4ne-Euroopast ja P\u00f5hjamaadest saabuvate reisijate hulk, kes kasutavad Eestis pakutavaid terviseteenuseid.\" \/>\n<meta property=\"og:url\" content=\"https:\/\/healthtravelguide.com\/eestist-lahemalt\/\" \/>\n<meta property=\"og:site_name\" content=\"Health Travel Guide\" \/>\n<meta property=\"article:modified_time\" content=\"2020-12-30T10:50:58+00:00\" \/>\n<meta name=\"twitter:card\" content=\"summary_large_image\" \/>\n<meta name=\"twitter:label1\" content=\"Est. reading time\" \/>\n\t<meta name=\"twitter:data1\" content=\"7 minutit\" \/>\n<script type=\"application\/ld+json\" class=\"yoast-schema-graph\">{\"@context\":\"https:\/\/schema.org\",\"@graph\":[{\"@type\":\"WebPage\",\"@id\":\"https:\/\/healthtravelguide.com\/eestist-lahemalt\/\",\"url\":\"https:\/\/healthtravelguide.com\/eestist-lahemalt\/\",\"name\":\"Avasta Eestit - Health Travel Guide\",\"isPartOf\":{\"@id\":\"https:\/\/healthtravelguide.com\/#website\"},\"datePublished\":\"2020-12-29T09:18:12+00:00\",\"dateModified\":\"2020-12-30T10:50:58+00:00\",\"description\":\"Eesti meditsiiniteenused on maailmatasemel ja konkurentsiv\u00f5imelise hinnaga. Viimastel aastatel on suurenenud L\u00e4\u00e4ne-Euroopast ja P\u00f5hjamaadest saabuvate reisijate hulk, kes kasutavad Eestis pakutavaid terviseteenuseid.\",\"breadcrumb\":{\"@id\":\"https:\/\/healthtravelguide.com\/eestist-lahemalt\/#breadcrumb\"},\"inLanguage\":\"et\",\"potentialAction\":[{\"@type\":\"ReadAction\",\"target\":[\"https:\/\/healthtravelguide.com\/eestist-lahemalt\/\"]}]},{\"@type\":\"BreadcrumbList\",\"@id\":\"https:\/\/healthtravelguide.com\/eestist-lahemalt\/#breadcrumb\",\"itemListElement\":[{\"@type\":\"ListItem\",\"position\":1,\"name\":\"Home\",\"item\":\"https:\/\/healthtravelguide.com\/et\/\"},{\"@type\":\"ListItem\",\"position\":2,\"name\":\"Eestist l\u00e4hemalt\"}]},{\"@type\":\"WebSite\",\"@id\":\"https:\/\/healthtravelguide.com\/#website\",\"url\":\"https:\/\/healthtravelguide.com\/\",\"name\":\"Health Travel Guide\",\"description\":\"Get first class medical treatment for less!\",\"potentialAction\":[{\"@type\":\"SearchAction\",\"target\":{\"@type\":\"EntryPoint\",\"urlTemplate\":\"https:\/\/healthtravelguide.com\/?s={search_term_string}\"},\"query-input\":{\"@type\":\"PropertyValueSpecification\",\"valueRequired\":true,\"valueName\":\"search_term_string\"}}],\"inLanguage\":\"et\"}]}<\/script>\n<!-- \/ Yoast SEO plugin. -->","yoast_head_json":{"title":"Avasta Eestit - Health Travel Guide","description":"Eesti meditsiiniteenused on maailmatasemel ja konkurentsiv\u00f5imelise hinnaga. Viimastel aastatel on suurenenud L\u00e4\u00e4ne-Euroopast ja P\u00f5hjamaadest saabuvate reisijate hulk, kes kasutavad Eestis pakutavaid terviseteenuseid.","robots":{"index":"index","follow":"follow","max-snippet":"max-snippet:-1","max-image-preview":"max-image-preview:large","max-video-preview":"max-video-preview:-1"},"canonical":"https:\/\/healthtravelguide.com\/eestist-lahemalt\/","og_locale":"et_EE","og_type":"article","og_title":"Avasta Eestit - Health Travel Guide","og_description":"Eesti meditsiiniteenused on maailmatasemel ja konkurentsiv\u00f5imelise hinnaga. Viimastel aastatel on suurenenud L\u00e4\u00e4ne-Euroopast ja P\u00f5hjamaadest saabuvate reisijate hulk, kes kasutavad Eestis pakutavaid terviseteenuseid.","og_url":"https:\/\/healthtravelguide.com\/eestist-lahemalt\/","og_site_name":"Health Travel Guide","article_modified_time":"2020-12-30T10:50:58+00:00","twitter_card":"summary_large_image","twitter_misc":{"Est. reading time":"7 minutit"},"schema":{"@context":"https:\/\/schema.org","@graph":[{"@type":"WebPage","@id":"https:\/\/healthtravelguide.com\/eestist-lahemalt\/","url":"https:\/\/healthtravelguide.com\/eestist-lahemalt\/","name":"Avasta Eestit - Health Travel Guide","isPartOf":{"@id":"https:\/\/healthtravelguide.com\/#website"},"datePublished":"2020-12-29T09:18:12+00:00","dateModified":"2020-12-30T10:50:58+00:00","description":"Eesti meditsiiniteenused on maailmatasemel ja konkurentsiv\u00f5imelise hinnaga. Viimastel aastatel on suurenenud L\u00e4\u00e4ne-Euroopast ja P\u00f5hjamaadest saabuvate reisijate hulk, kes kasutavad Eestis pakutavaid terviseteenuseid.","breadcrumb":{"@id":"https:\/\/healthtravelguide.com\/eestist-lahemalt\/#breadcrumb"},"inLanguage":"et","potentialAction":[{"@type":"ReadAction","target":["https:\/\/healthtravelguide.com\/eestist-lahemalt\/"]}]},{"@type":"BreadcrumbList","@id":"https:\/\/healthtravelguide.com\/eestist-lahemalt\/#breadcrumb","itemListElement":[{"@type":"ListItem","position":1,"name":"Home","item":"https:\/\/healthtravelguide.com\/et\/"},{"@type":"ListItem","position":2,"name":"Eestist l\u00e4hemalt"}]},{"@type":"WebSite","@id":"https:\/\/healthtravelguide.com\/#website","url":"https:\/\/healthtravelguide.com\/","name":"Health Travel Guide","description":"Get first class medical treatment for less!","potentialAction":[{"@type":"SearchAction","target":{"@type":"EntryPoint","urlTemplate":"https:\/\/healthtravelguide.com\/?s={search_term_string}"},"query-input":{"@type":"PropertyValueSpecification","valueRequired":true,"valueName":"search_term_string"}}],"inLanguage":"et"}]}},"_links":{"self":[{"href":"https:\/\/healthtravelguide.com\/et\/wp-json\/wp\/v2\/pages\/4196","targetHints":{"allow":["GET"]}}],"collection":[{"href":"https:\/\/healthtravelguide.com\/et\/wp-json\/wp\/v2\/pages"}],"about":[{"href":"https:\/\/healthtravelguide.com\/et\/wp-json\/wp\/v2\/types\/page"}],"author":[{"embeddable":true,"href":"https:\/\/healthtravelguide.com\/et\/wp-json\/wp\/v2\/users\/2"}],"replies":[{"embeddable":true,"href":"https:\/\/healthtravelguide.com\/et\/wp-json\/wp\/v2\/comments?post=4196"}],"version-history":[{"count":7,"href":"https:\/\/healthtravelguide.com\/et\/wp-json\/wp\/v2\/pages\/4196\/revisions"}],"predecessor-version":[{"id":4213,"href":"https:\/\/healthtravelguide.com\/et\/wp-json\/wp\/v2\/pages\/4196\/revisions\/4213"}],"wp:attachment":[{"href":"https:\/\/healthtravelguide.com\/et\/wp-json\/wp\/v2\/media?parent=4196"}],"curies":[{"name":"wp","href":"https:\/\/api.w.org\/{rel}","templated":true}]}}