{"id":3580,"date":"2020-07-30T15:46:31","date_gmt":"2020-07-30T15:46:31","guid":{"rendered":"https:\/\/healthtravelguide.com\/blogi\/"},"modified":"2020-07-30T15:46:31","modified_gmt":"2020-07-30T15:46:31","slug":"blogi","status":"publish","type":"page","link":"https:\/\/healthtravelguide.com\/et\/blogi\/","title":{"rendered":"Blogi"},"content":{"rendered":"","protected":false},"excerpt":{"rendered":"","protected":false},"author":2,"featured_media":0,"parent":0,"menu_order":7,"comment_status":"closed","ping_status":"closed","template":"template-blog-list.php","meta":{"footnotes":""},"class_list":["post-3580","page","type-page","status-publish","hentry","description-off"],"yoast_head":"<!-- This site is optimized with the Yoast SEO plugin v24.4 - https:\/\/yoast.com\/wordpress\/plugins\/seo\/ -->\n<title>Kaalukaotuse ja bariaatriliste operatsioonide blogi, Health Travel Guide<\/title>\n<meta name=\"description\" content=\"Kaalukaotuse teekond v\u00f5ib tunduda \u00fcksik ja ilma tugeva tugis\u00fcsteemita. Meie blogi saab aidata ning anda teile inspiratsiooni ja motivatsiooni edasiliikumiseks\" \/>\n<meta name=\"robots\" content=\"index, follow, max-snippet:-1, max-image-preview:large, max-video-preview:-1\" \/>\n<link rel=\"canonical\" href=\"https:\/\/healthtravelguide.com\/blogi\/\" \/>\n<meta property=\"og:locale\" content=\"et_EE\" \/>\n<meta property=\"og:type\" content=\"article\" \/>\n<meta property=\"og:title\" content=\"Kaalukaotuse ja bariaatriliste operatsioonide blogi, Health Travel Guide\" \/>\n<meta property=\"og:description\" content=\"Kaalukaotuse teekond v\u00f5ib tunduda \u00fcksik ja ilma tugeva tugis\u00fcsteemita. Meie blogi saab aidata ning anda teile inspiratsiooni ja motivatsiooni edasiliikumiseks\" \/>\n<meta property=\"og:url\" content=\"https:\/\/healthtravelguide.com\/blogi\/\" \/>\n<meta property=\"og:site_name\" content=\"Health Travel Guide\" \/>\n<meta name=\"twitter:card\" content=\"summary_large_image\" \/>\n<script type=\"application\/ld+json\" class=\"yoast-schema-graph\">{\"@context\":\"https:\/\/schema.org\",\"@graph\":[{\"@type\":\"WebPage\",\"@id\":\"https:\/\/healthtravelguide.com\/blogi\/\",\"url\":\"https:\/\/healthtravelguide.com\/blogi\/\",\"name\":\"Kaalukaotuse ja bariaatriliste operatsioonide blogi, Health Travel Guide\",\"isPartOf\":{\"@id\":\"https:\/\/healthtravelguide.com\/#website\"},\"datePublished\":\"2020-07-30T15:46:31+00:00\",\"description\":\"Kaalukaotuse teekond v\u00f5ib tunduda \u00fcksik ja ilma tugeva tugis\u00fcsteemita. Meie blogi saab aidata ning anda teile inspiratsiooni ja motivatsiooni edasiliikumiseks\",\"breadcrumb\":{\"@id\":\"https:\/\/healthtravelguide.com\/blogi\/#breadcrumb\"},\"inLanguage\":\"et\",\"potentialAction\":[{\"@type\":\"ReadAction\",\"target\":[\"https:\/\/healthtravelguide.com\/blogi\/\"]}]},{\"@type\":\"BreadcrumbList\",\"@id\":\"https:\/\/healthtravelguide.com\/blogi\/#breadcrumb\",\"itemListElement\":[{\"@type\":\"ListItem\",\"position\":1,\"name\":\"Home\",\"item\":\"https:\/\/healthtravelguide.com\/et\/\"},{\"@type\":\"ListItem\",\"position\":2,\"name\":\"Blogi\"}]},{\"@type\":\"WebSite\",\"@id\":\"https:\/\/healthtravelguide.com\/#website\",\"url\":\"https:\/\/healthtravelguide.com\/\",\"name\":\"Health Travel Guide\",\"description\":\"Get first class medical treatment for less!\",\"potentialAction\":[{\"@type\":\"SearchAction\",\"target\":{\"@type\":\"EntryPoint\",\"urlTemplate\":\"https:\/\/healthtravelguide.com\/?s={search_term_string}\"},\"query-input\":{\"@type\":\"PropertyValueSpecification\",\"valueRequired\":true,\"valueName\":\"search_term_string\"}}],\"inLanguage\":\"et\"}]}<\/script>\n<!-- \/ Yoast SEO plugin. -->","yoast_head_json":{"title":"Kaalukaotuse ja bariaatriliste operatsioonide blogi, Health Travel Guide","description":"Kaalukaotuse teekond v\u00f5ib tunduda \u00fcksik ja ilma tugeva tugis\u00fcsteemita. Meie blogi saab aidata ning anda teile inspiratsiooni ja motivatsiooni edasiliikumiseks","robots":{"index":"index","follow":"follow","max-snippet":"max-snippet:-1","max-image-preview":"max-image-preview:large","max-video-preview":"max-video-preview:-1"},"canonical":"https:\/\/healthtravelguide.com\/blogi\/","og_locale":"et_EE","og_type":"article","og_title":"Kaalukaotuse ja bariaatriliste operatsioonide blogi, Health Travel Guide","og_description":"Kaalukaotuse teekond v\u00f5ib tunduda \u00fcksik ja ilma tugeva tugis\u00fcsteemita. Meie blogi saab aidata ning anda teile inspiratsiooni ja motivatsiooni edasiliikumiseks","og_url":"https:\/\/healthtravelguide.com\/blogi\/","og_site_name":"Health Travel Guide","twitter_card":"summary_large_image","schema":{"@context":"https:\/\/schema.org","@graph":[{"@type":"WebPage","@id":"https:\/\/healthtravelguide.com\/blogi\/","url":"https:\/\/healthtravelguide.com\/blogi\/","name":"Kaalukaotuse ja bariaatriliste operatsioonide blogi, Health Travel Guide","isPartOf":{"@id":"https:\/\/healthtravelguide.com\/#website"},"datePublished":"2020-07-30T15:46:31+00:00","description":"Kaalukaotuse teekond v\u00f5ib tunduda \u00fcksik ja ilma tugeva tugis\u00fcsteemita. Meie blogi saab aidata ning anda teile inspiratsiooni ja motivatsiooni edasiliikumiseks","breadcrumb":{"@id":"https:\/\/healthtravelguide.com\/blogi\/#breadcrumb"},"inLanguage":"et","potentialAction":[{"@type":"ReadAction","target":["https:\/\/healthtravelguide.com\/blogi\/"]}]},{"@type":"BreadcrumbList","@id":"https:\/\/healthtravelguide.com\/blogi\/#breadcrumb","itemListElement":[{"@type":"ListItem","position":1,"name":"Home","item":"https:\/\/healthtravelguide.com\/et\/"},{"@type":"ListItem","position":2,"name":"Blogi"}]},{"@type":"WebSite","@id":"https:\/\/healthtravelguide.com\/#website","url":"https:\/\/healthtravelguide.com\/","name":"Health Travel Guide","description":"Get first class medical treatment for less!","potentialAction":[{"@type":"SearchAction","target":{"@type":"EntryPoint","urlTemplate":"https:\/\/healthtravelguide.com\/?s={search_term_string}"},"query-input":{"@type":"PropertyValueSpecification","valueRequired":true,"valueName":"search_term_string"}}],"inLanguage":"et"}]}},"_links":{"self":[{"href":"https:\/\/healthtravelguide.com\/et\/wp-json\/wp\/v2\/pages\/3580","targetHints":{"allow":["GET"]}}],"collection":[{"href":"https:\/\/healthtravelguide.com\/et\/wp-json\/wp\/v2\/pages"}],"about":[{"href":"https:\/\/healthtravelguide.com\/et\/wp-json\/wp\/v2\/types\/page"}],"author":[{"embeddable":true,"href":"https:\/\/healthtravelguide.com\/et\/wp-json\/wp\/v2\/users\/2"}],"replies":[{"embeddable":true,"href":"https:\/\/healthtravelguide.com\/et\/wp-json\/wp\/v2\/comments?post=3580"}],"version-history":[{"count":0,"href":"https:\/\/healthtravelguide.com\/et\/wp-json\/wp\/v2\/pages\/3580\/revisions"}],"wp:attachment":[{"href":"https:\/\/healthtravelguide.com\/et\/wp-json\/wp\/v2\/media?parent=3580"}],"curies":[{"name":"wp","href":"https:\/\/api.w.org\/{rel}","templated":true}]}}