{"id":2810,"date":"2019-04-14T20:19:25","date_gmt":"2019-04-14T20:19:25","guid":{"rendered":"https:\/\/healthtravelguide.com\/bariaatriline-kirurgia\/bariatric-surgery-suitability-survey\/"},"modified":"2020-07-30T12:27:29","modified_gmt":"2020-07-30T12:27:29","slug":"sobivuse-kusitlus","status":"publish","type":"page","link":"https:\/\/healthtravelguide.com\/et\/bariaatriline-kirurgia\/sobivuse-kusitlus\/","title":{"rendered":"Bariaatrilise kirurgia sobivuse k\u00fcsitlus"},"content":{"rendered":"<p>[vc_row][vc_column width=&#8221;1\/6&#8243;][\/vc_column][vc_column width=&#8221;2\/3&#8243;][vc_column_text css=&#8221;.vc_custom_1524335812878{padding-bottom: 40px !important;}&#8221;]Selle vormi t\u00e4itmine ei kohusta teid mingil viisil. Vormi saate t\u00e4ita ka siis, kui te pole otsustanud v\u00f5i pole kindel, kas vajate bariaatrilist operatsiooni.[\/vc_column_text]\n<div class=\"wpcf7 no-js\" id=\"wpcf7-f3552-o1\" lang=\"en-US\" dir=\"ltr\" data-wpcf7-id=\"3552\">\n<div class=\"screen-reader-response\"><p role=\"status\" aria-live=\"polite\" aria-atomic=\"true\"><\/p> <ul><\/ul><\/div>\n<form action=\"\/et\/wp-json\/wp\/v2\/pages\/2810#wpcf7-f3552-o1\" method=\"post\" class=\"wpcf7-form init wpcf7-acceptance-as-validation\" aria-label=\"Contact form\" novalidate=\"novalidate\" data-status=\"init\">\n<div style=\"display: none;\">\n<input type=\"hidden\" name=\"_wpcf7\" value=\"3552\" \/>\n<input type=\"hidden\" name=\"_wpcf7_version\" value=\"6.0.4\" \/>\n<input type=\"hidden\" name=\"_wpcf7_locale\" value=\"en_US\" \/>\n<input type=\"hidden\" name=\"_wpcf7_unit_tag\" value=\"wpcf7-f3552-o1\" \/>\n<input type=\"hidden\" name=\"_wpcf7_container_post\" value=\"0\" \/>\n<input type=\"hidden\" name=\"_wpcf7_posted_data_hash\" value=\"\" \/>\n<input type=\"hidden\" name=\"_wpcf7_recaptcha_response\" value=\"\" \/>\n<\/div>\n<p><label> Vanus<br \/>\n<span class=\"wpcf7-form-control-wrap\" data-name=\"your-age\"><input size=\"40\" maxlength=\"400\" class=\"wpcf7-form-control wpcf7-text wpcf7-validates-as-required\" aria-required=\"true\" aria-invalid=\"false\" value=\"\" type=\"text\" name=\"your-age\" \/><\/span> <\/label>\n<\/p>\n<p><label> Pikkus (cm)<br \/>\n<span class=\"wpcf7-form-control-wrap\" data-name=\"your-height\"><input size=\"40\" maxlength=\"400\" class=\"wpcf7-form-control wpcf7-text wpcf7-validates-as-required\" aria-required=\"true\" aria-invalid=\"false\" value=\"\" type=\"text\" name=\"your-height\" \/><\/span> <\/label>\n<\/p>\n<p><label> Kehakaal hetkel (kg)<br \/>\n<span class=\"wpcf7-form-control-wrap\" data-name=\"currnet-weight\"><input size=\"40\" maxlength=\"400\" class=\"wpcf7-form-control wpcf7-text wpcf7-validates-as-required\" aria-required=\"true\" aria-invalid=\"false\" value=\"\" type=\"text\" name=\"currnet-weight\" \/><\/span> <\/label>\n<\/p>\n<p><label> Suurim kehakaal (kg)<br \/>\n<span class=\"wpcf7-form-control-wrap\" data-name=\"max-weight\"><input size=\"40\" maxlength=\"400\" class=\"wpcf7-form-control wpcf7-text wpcf7-validates-as-required\" aria-required=\"true\" aria-invalid=\"false\" value=\"\" type=\"text\" name=\"max-weight\" \/><\/span> <\/label>\n<\/p>\n<p><label> Loetlege k\u00f5ik terviseh\u00e4ired, sealhulgas s\u00fcdame, kroonilised haigused, mao- ja muud haigused.<br \/>\n<span class=\"wpcf7-form-control-wrap\" data-name=\"your-conditions\"><textarea cols=\"40\" rows=\"4\" maxlength=\"2000\" class=\"wpcf7-form-control wpcf7-textarea\" aria-invalid=\"false\" name=\"your-conditions\"><\/textarea><\/span> <\/label>\n<\/p>\n<p><label> T\u00e4isnimi<br \/>\n<span class=\"wpcf7-form-control-wrap\" data-name=\"your-name\"><input size=\"40\" maxlength=\"400\" class=\"wpcf7-form-control wpcf7-text wpcf7-validates-as-required\" aria-required=\"true\" aria-invalid=\"false\" value=\"\" type=\"text\" name=\"your-name\" \/><\/span> <\/label>\n<\/p>\n<p><label> E-post<br \/>\n<span class=\"wpcf7-form-control-wrap\" data-name=\"your-email\"><input size=\"40\" maxlength=\"400\" class=\"wpcf7-form-control wpcf7-email wpcf7-validates-as-required wpcf7-text wpcf7-validates-as-email\" aria-required=\"true\" aria-invalid=\"false\" value=\"\" type=\"email\" name=\"your-email\" \/><\/span> <\/label>\n<\/p>\n<p><label> Telefoninumber (koos riigikoodiga)<br \/>\n<span class=\"wpcf7-form-control-wrap\" data-name=\"phone-number\"><input size=\"40\" maxlength=\"400\" class=\"wpcf7-form-control wpcf7-text wpcf7-validates-as-required\" aria-required=\"true\" aria-invalid=\"false\" value=\"\" type=\"text\" name=\"phone-number\" \/><\/span> <\/label>\n<\/p>\n<p><label> Lisateave v\u00f5i k\u00fcsimused<br \/>\n<span class=\"wpcf7-form-control-wrap\" data-name=\"your-message\"><textarea cols=\"40\" rows=\"4\" maxlength=\"2000\" class=\"wpcf7-form-control wpcf7-textarea\" aria-invalid=\"false\" name=\"your-message\"><\/textarea><\/span> <\/label><br \/>\n<span id=\"wpcf7-69d983d2aa7d5-wrapper\" class=\"wpcf7-form-control-wrap city-856-wrap\" style=\"display:none !important; visibility:hidden !important;\"><label for=\"wpcf7-69d983d2aa7d5-field\" class=\"hp-message\">Please leave this field empty.<\/label><input id=\"wpcf7-69d983d2aa7d5-field\"  class=\"wpcf7-form-control wpcf7-text\" type=\"text\" name=\"city-856\" value=\"\" size=\"40\" tabindex=\"-1\" autocomplete=\"new-password\" \/><\/span><br \/>\n<span class=\"wpcf7-form-control-wrap\" data-name=\"acceptance-100\"><span class=\"wpcf7-form-control wpcf7-acceptance\"><span class=\"wpcf7-list-item\"><label><input type=\"checkbox\" name=\"acceptance-100\" value=\"1\" aria-invalid=\"false\" \/><span class=\"wpcf7-list-item-label\">Olen n\u00f5us Health Travel Guide <a href=\"https:\/\/healthtravelguide.com\/et\/privaatsuspoliitika\/\" target=\"_blank\">Privaatsuspoliitikaga.<\/a><\/span><\/label><\/span><\/span><\/span>\n<\/p>\n<p><input class=\"wpcf7-form-control wpcf7-submit has-spinner\" type=\"submit\" value=\"Saada\" \/>\n<\/p><div class=\"wpcf7-response-output\" aria-hidden=\"true\"><\/div>\n<\/form>\n<\/div>\n[\/vc_column][vc_column width=&#8221;1\/6&#8243;][\/vc_column][\/vc_row]<\/p>\n","protected":false},"excerpt":{"rendered":"<p>[vc_row][vc_column width=&#8221;1\/6&#8243;][\/vc_column][vc_column width=&#8221;2\/3&#8243;][vc_column_text css=&#8221;.vc_custom_1524335812878{padding-bottom: 40px !important;}&#8221;]Selle vormi t\u00e4itmine ei kohusta teid mingil viisil. Vormi saate t\u00e4ita ka siis, kui te pole otsustanud v\u00f5i pole kindel, kas vajate bariaatrilist operatsiooni.[\/vc_column_text][\/vc_column][vc_column width=&#8221;1\/6&#8243;][\/vc_column][\/vc_row]<\/p>\n","protected":false},"author":2,"featured_media":0,"parent":2699,"menu_order":0,"comment_status":"closed","ping_status":"closed","template":"","meta":{"footnotes":""},"class_list":["post-2810","page","type-page","status-publish","hentry","description-off"],"yoast_head":"<!-- This site is optimized with the Yoast SEO plugin v24.4 - https:\/\/yoast.com\/wordpress\/plugins\/seo\/ -->\n<title>Bariaatrilise kirurgia sobivuse k\u00fcsitlus - Health Travel Guide<\/title>\n<meta name=\"description\" content=\"Bariaatrilise kirurgia protseduurid aitavad eri moel v\u00e4hendada tarbitavat toidukogust. T\u00e4ida \u00e4ra k\u00fcsitlus ja saa teada, kas kaalukirurgia sulle sobib.\" \/>\n<meta name=\"robots\" content=\"index, follow, max-snippet:-1, max-image-preview:large, max-video-preview:-1\" \/>\n<link rel=\"canonical\" href=\"https:\/\/healthtravelguide.com\/bariaatriline-kirurgia\/sobivuse-kusitlus\/\" \/>\n<meta property=\"og:locale\" content=\"et_EE\" \/>\n<meta property=\"og:type\" content=\"article\" \/>\n<meta property=\"og:title\" content=\"Bariaatrilise kirurgia sobivuse k\u00fcsitlus - Health Travel Guide\" \/>\n<meta property=\"og:description\" content=\"Bariaatrilise kirurgia protseduurid aitavad eri moel v\u00e4hendada tarbitavat toidukogust. T\u00e4ida \u00e4ra k\u00fcsitlus ja saa teada, kas kaalukirurgia sulle sobib.\" \/>\n<meta property=\"og:url\" content=\"https:\/\/healthtravelguide.com\/bariaatriline-kirurgia\/sobivuse-kusitlus\/\" \/>\n<meta property=\"og:site_name\" content=\"Health Travel Guide\" \/>\n<meta property=\"article:modified_time\" content=\"2020-07-30T12:27:29+00:00\" \/>\n<meta name=\"twitter:card\" content=\"summary_large_image\" \/>\n<script type=\"application\/ld+json\" class=\"yoast-schema-graph\">{\"@context\":\"https:\/\/schema.org\",\"@graph\":[{\"@type\":\"WebPage\",\"@id\":\"https:\/\/healthtravelguide.com\/bariaatriline-kirurgia\/sobivuse-kusitlus\/\",\"url\":\"https:\/\/healthtravelguide.com\/bariaatriline-kirurgia\/sobivuse-kusitlus\/\",\"name\":\"Bariaatrilise kirurgia sobivuse k\u00fcsitlus - Health Travel Guide\",\"isPartOf\":{\"@id\":\"https:\/\/healthtravelguide.com\/#website\"},\"datePublished\":\"2019-04-14T20:19:25+00:00\",\"dateModified\":\"2020-07-30T12:27:29+00:00\",\"description\":\"Bariaatrilise kirurgia protseduurid aitavad eri moel v\u00e4hendada tarbitavat toidukogust. T\u00e4ida \u00e4ra k\u00fcsitlus ja saa teada, kas kaalukirurgia sulle sobib.\",\"breadcrumb\":{\"@id\":\"https:\/\/healthtravelguide.com\/bariaatriline-kirurgia\/sobivuse-kusitlus\/#breadcrumb\"},\"inLanguage\":\"et\",\"potentialAction\":[{\"@type\":\"ReadAction\",\"target\":[\"https:\/\/healthtravelguide.com\/bariaatriline-kirurgia\/sobivuse-kusitlus\/\"]}]},{\"@type\":\"BreadcrumbList\",\"@id\":\"https:\/\/healthtravelguide.com\/bariaatriline-kirurgia\/sobivuse-kusitlus\/#breadcrumb\",\"itemListElement\":[{\"@type\":\"ListItem\",\"position\":1,\"name\":\"Home\",\"item\":\"https:\/\/healthtravelguide.com\/et\/\"},{\"@type\":\"ListItem\",\"position\":2,\"name\":\"Bariaatriline kirurgia\",\"item\":\"https:\/\/healthtravelguide.com\/bariaatriline-kirurgia\/\"},{\"@type\":\"ListItem\",\"position\":3,\"name\":\"Bariaatrilise kirurgia sobivuse k\u00fcsitlus\"}]},{\"@type\":\"WebSite\",\"@id\":\"https:\/\/healthtravelguide.com\/#website\",\"url\":\"https:\/\/healthtravelguide.com\/\",\"name\":\"Health Travel Guide\",\"description\":\"Get first class medical treatment for less!\",\"potentialAction\":[{\"@type\":\"SearchAction\",\"target\":{\"@type\":\"EntryPoint\",\"urlTemplate\":\"https:\/\/healthtravelguide.com\/?s={search_term_string}\"},\"query-input\":{\"@type\":\"PropertyValueSpecification\",\"valueRequired\":true,\"valueName\":\"search_term_string\"}}],\"inLanguage\":\"et\"}]}<\/script>\n<!-- \/ Yoast SEO plugin. -->","yoast_head_json":{"title":"Bariaatrilise kirurgia sobivuse k\u00fcsitlus - Health Travel Guide","description":"Bariaatrilise kirurgia protseduurid aitavad eri moel v\u00e4hendada tarbitavat toidukogust. T\u00e4ida \u00e4ra k\u00fcsitlus ja saa teada, kas kaalukirurgia sulle sobib.","robots":{"index":"index","follow":"follow","max-snippet":"max-snippet:-1","max-image-preview":"max-image-preview:large","max-video-preview":"max-video-preview:-1"},"canonical":"https:\/\/healthtravelguide.com\/bariaatriline-kirurgia\/sobivuse-kusitlus\/","og_locale":"et_EE","og_type":"article","og_title":"Bariaatrilise kirurgia sobivuse k\u00fcsitlus - Health Travel Guide","og_description":"Bariaatrilise kirurgia protseduurid aitavad eri moel v\u00e4hendada tarbitavat toidukogust. T\u00e4ida \u00e4ra k\u00fcsitlus ja saa teada, kas kaalukirurgia sulle sobib.","og_url":"https:\/\/healthtravelguide.com\/bariaatriline-kirurgia\/sobivuse-kusitlus\/","og_site_name":"Health Travel Guide","article_modified_time":"2020-07-30T12:27:29+00:00","twitter_card":"summary_large_image","schema":{"@context":"https:\/\/schema.org","@graph":[{"@type":"WebPage","@id":"https:\/\/healthtravelguide.com\/bariaatriline-kirurgia\/sobivuse-kusitlus\/","url":"https:\/\/healthtravelguide.com\/bariaatriline-kirurgia\/sobivuse-kusitlus\/","name":"Bariaatrilise kirurgia sobivuse k\u00fcsitlus - Health Travel Guide","isPartOf":{"@id":"https:\/\/healthtravelguide.com\/#website"},"datePublished":"2019-04-14T20:19:25+00:00","dateModified":"2020-07-30T12:27:29+00:00","description":"Bariaatrilise kirurgia protseduurid aitavad eri moel v\u00e4hendada tarbitavat toidukogust. T\u00e4ida \u00e4ra k\u00fcsitlus ja saa teada, kas kaalukirurgia sulle sobib.","breadcrumb":{"@id":"https:\/\/healthtravelguide.com\/bariaatriline-kirurgia\/sobivuse-kusitlus\/#breadcrumb"},"inLanguage":"et","potentialAction":[{"@type":"ReadAction","target":["https:\/\/healthtravelguide.com\/bariaatriline-kirurgia\/sobivuse-kusitlus\/"]}]},{"@type":"BreadcrumbList","@id":"https:\/\/healthtravelguide.com\/bariaatriline-kirurgia\/sobivuse-kusitlus\/#breadcrumb","itemListElement":[{"@type":"ListItem","position":1,"name":"Home","item":"https:\/\/healthtravelguide.com\/et\/"},{"@type":"ListItem","position":2,"name":"Bariaatriline kirurgia","item":"https:\/\/healthtravelguide.com\/bariaatriline-kirurgia\/"},{"@type":"ListItem","position":3,"name":"Bariaatrilise kirurgia sobivuse k\u00fcsitlus"}]},{"@type":"WebSite","@id":"https:\/\/healthtravelguide.com\/#website","url":"https:\/\/healthtravelguide.com\/","name":"Health Travel Guide","description":"Get first class medical treatment for less!","potentialAction":[{"@type":"SearchAction","target":{"@type":"EntryPoint","urlTemplate":"https:\/\/healthtravelguide.com\/?s={search_term_string}"},"query-input":{"@type":"PropertyValueSpecification","valueRequired":true,"valueName":"search_term_string"}}],"inLanguage":"et"}]}},"_links":{"self":[{"href":"https:\/\/healthtravelguide.com\/et\/wp-json\/wp\/v2\/pages\/2810","targetHints":{"allow":["GET"]}}],"collection":[{"href":"https:\/\/healthtravelguide.com\/et\/wp-json\/wp\/v2\/pages"}],"about":[{"href":"https:\/\/healthtravelguide.com\/et\/wp-json\/wp\/v2\/types\/page"}],"author":[{"embeddable":true,"href":"https:\/\/healthtravelguide.com\/et\/wp-json\/wp\/v2\/users\/2"}],"replies":[{"embeddable":true,"href":"https:\/\/healthtravelguide.com\/et\/wp-json\/wp\/v2\/comments?post=2810"}],"version-history":[{"count":3,"href":"https:\/\/healthtravelguide.com\/et\/wp-json\/wp\/v2\/pages\/2810\/revisions"}],"predecessor-version":[{"id":3554,"href":"https:\/\/healthtravelguide.com\/et\/wp-json\/wp\/v2\/pages\/2810\/revisions\/3554"}],"up":[{"embeddable":true,"href":"https:\/\/healthtravelguide.com\/et\/wp-json\/wp\/v2\/pages\/2699"}],"wp:attachment":[{"href":"https:\/\/healthtravelguide.com\/et\/wp-json\/wp\/v2\/media?parent=2810"}],"curies":[{"name":"wp","href":"https:\/\/api.w.org\/{rel}","templated":true}]}}