{"id":2716,"date":"2019-04-14T18:11:58","date_gmt":"2019-04-14T18:11:58","guid":{"rendered":"https:\/\/healthtravelguide.com\/plastiline-kirurgia\/"},"modified":"2020-10-17T08:08:07","modified_gmt":"2020-10-17T08:08:07","slug":"plastiline-kirurgia","status":"publish","type":"page","link":"https:\/\/healthtravelguide.com\/et\/plastiline-kirurgia\/","title":{"rendered":"Plastiline kirurgia"},"content":{"rendered":"<p>[vc_row type=&#8221;vc_default&#8221; css=&#8221;.vc_custom_1474221376872{margin-bottom: -80px !important;}&#8221;][vc_column offset=&#8221;vc_col-lg-8 vc_col-md-8 vc_col-xs-12&#8243; css=&#8221;.vc_custom_1463573458077{margin-bottom: 80px !important;}&#8221;]<div id=\"ultimate-heading-619069d9998a6c951\" class=\"uvc-heading ult-adjust-bottom-margin ultimate-heading-619069d9998a6c951 uvc-9082 \" data-hspacer=\"no_spacer\"  data-halign=\"left\" style=\"text-align:left\"><div class=\"uvc-heading-spacer no_spacer\" style=\"top\"><\/div><div class=\"uvc-main-heading ult-responsive\"  data-ultimate-target='.uvc-heading.ultimate-heading-619069d9998a6c951 h2'  data-responsive-json-new='{\"font-size\":\"desktop:24px;\",\"line-height\":\"desktop:30px;\"}' ><h2 style=\"font-weight:bold;margin-top:20px;margin-bottom:20px;\">Mis on plastiline kirurgia?<\/h2><\/div><\/div>[vc_column_text]Kosmeetilise kirurgia protseduurid, tehnikad ja p\u00f5him\u00f5tted on t\u00e4ielikult suunatud patsiendi v\u00e4limuse parandamisele. Esteetilise atraktiivsuse, s\u00fcmmeetria ja proportsiooni parandamine on peamised eesm\u00e4rgid. Kosmeetilist operatsiooni saab teha k\u00f5igil pea-, kaela- ja kehapiirkondadel. Kosmeetilist kirurgiat praktiseerivad paljude meditsiinivaldkondade arstid, sealhulgas plastikakirurgid.[\/vc_column_text]<div id=\"ultimate-heading-588569d9998a6c9a1\" class=\"uvc-heading ult-adjust-bottom-margin ultimate-heading-588569d9998a6c9a1 uvc-2458 \" data-hspacer=\"no_spacer\"  data-halign=\"left\" style=\"text-align:left\"><div class=\"uvc-heading-spacer no_spacer\" style=\"top\"><\/div><div class=\"uvc-main-heading ult-responsive\"  data-ultimate-target='.uvc-heading.ultimate-heading-588569d9998a6c9a1 h2'  data-responsive-json-new='{\"font-size\":\"desktop:24px;\",\"line-height\":\"desktop:30px;\"}' ><h2 style=\"font-weight:bold;margin-top:20px;margin-bottom:20px;\">Kosmeetilise kirurgia protseduuride ulatus h\u00f5lmab:<\/h2><\/div><\/div>[vc_row_inner css=&#8221;.vc_custom_1462354927208{padding-top: 22px !important;padding-bottom: 20px !important;}&#8221;][vc_column_inner width=&#8221;1\/2&#8243;]<div class=\"standard-arrow bullet-top\"><ul>\n<li>Rindade kohandamine: suurendamine, t\u00f5stmine, v\u00e4hendamine.<\/li>\n<li>N\u00e4o kontuurimine: rinoplastika, l\u00f5ua v\u00f5i p\u00f5se tugevdamine.<\/li>\n<li>N\u00e4o noorendamine: Facelift, silmalaugude t\u00f5stmine, kaelalift, kulmude t\u00f5stmine.<\/li>\n<\/ul>\n<\/div>[\/vc_column_inner][vc_column_inner width=&#8221;1\/2&#8243;]<div class=\"standard-arrow bullet-top\"><ul>\n<li>Keha kontuurimine: k\u00f5huplastika, rasvaimu, g\u00fcnekomastia ravi<\/li>\n<li>Naha noorendamine: laserv\u00e4rvimine, Botox\u00ae, t\u00e4iteravi<\/li>\n<\/ul>\n<\/div>[\/vc_column_inner][\/vc_row_inner]<style type=\"text\/css\" data-type=\"the7_shortcodes-inline-css\">#default-btn-58955f829cb9c3f5177dda9cf72db4bc.ico-right-side > i {\n  margin-right: 0px;\n  margin-left: 8px;\n}\n#default-btn-58955f829cb9c3f5177dda9cf72db4bc > i {\n  margin-right: 8px;\n}\n<\/style><a href=\"https:\/\/healthtravelguide.com\/et\/kontaktid\/\" class=\"default-btn-shortcode dt-btn dt-btn-m link-hover-off btn-inline-left  vc_custom_1602922086179\" id=\"default-btn-58955f829cb9c3f5177dda9cf72db4bc\" title=\"V\u00f5ta meiega \u00fchendust!\"><span>V\u00f5ta meiega \u00fchendust!<\/span><\/a>[\/vc_column][vc_column offset=&#8221;vc_col-lg-4 vc_col-md-4 vc_col-xs-12&#8243; el_class=&#8221;custom_sidebar&#8221; css=&#8221;.vc_custom_1474221370251{padding-bottom: 80px !important;}&#8221;][vc_row_inner css=&#8221;.vc_custom_1463573390268{padding-right: 25px !important;padding-bottom: 30px !important;padding-left: 25px !important;}&#8221;][vc_column_inner css=&#8221;.vc_custom_1462517200859{padding-top: 30px !important;padding-right: 30px !important;padding-bottom: 10px !important;padding-left: 30px !important;background-color: #f4f4f4 !important;}&#8221;]<div id=\"ultimate-heading-412169d9998a6cb1f\" class=\"uvc-heading ult-adjust-bottom-margin ultimate-heading-412169d9998a6cb1f uvc-6335 \" data-hspacer=\"no_spacer\"  data-halign=\"left\" style=\"text-align:left\"><div class=\"uvc-heading-spacer no_spacer\" style=\"top\"><\/div><div class=\"uvc-main-heading ult-responsive\"  data-ultimate-target='.uvc-heading.ultimate-heading-412169d9998a6cb1f h3'  data-responsive-json-new='{\"font-size\":\"desktop:20px;\",\"line-height\":\"desktop:26px;\"}' ><h3 style=\"font-weight:bold;margin-bottom:20px;\">Veel teenuseid<\/h3><\/div><\/div>[vc_widget_sidebar show_bg=&#8221;false&#8221; sidebar_id=&#8221;sidebar_3&#8243; el_class=&#8221;service_menu&#8221;]<div class=\"standard-arrow bullet-top\"><ul>\n<li class=\"current\"><a href=\"https:\/\/healthtravelguide.com\/et\/bariaatriline-kirurgia\/maost-moodajuhtiv-operatsioon\/\">Maost m\u00f6\u00f6dajuhtiv operatsioon<\/a><\/li>\n<li class=\"current\"><a href=\"https:\/\/healthtravelguide.com\/et\/bariaatriline-kirurgia\/mao-pikisuunaline-resektsioon\/\">Mao pikisuunaline resektsioon<\/a><\/li>\n<li><a href=\"https:\/\/healthtravelguide.com\/et\/bariaatriline-kirurgia\/maobandaaz\/\">Maobandaa\u017e<\/a><\/li>\n<li class=\"current\"><a href=\"https:\/\/healthtravelguide.com\/et\/bariaatriline-kirurgia\/maoballoon\/\">Maoballoon<\/a><\/li>\n<li class=\"current\"><a href=\"https:\/\/healthtravelguide.com\/et\/bariaatriline-kirurgia\/mao-plikatsioon\/\">Mao Plikatsioon<\/a><\/li>\n<li><a href=\"https:\/\/healthtravelguide.com\/et\/plastiline-kirurgia\/rasvaimu\/\">Rasvaimu<\/a><\/li>\n<li><a href=\"https:\/\/healthtravelguide.com\/et\/plastiline-kirurgia\/rasva-siirdamine\/\">Rasva Siirdamine<\/a><\/li>\n<\/ul>\n<\/div>[\/vc_column_inner][\/vc_row_inner][vc_row_inner css=&#8221;.vc_custom_1462516802446{padding-right: 25px !important;padding-left: 25px !important;}&#8221;][vc_column_inner css=&#8221;.vc_custom_1471295267122{padding-top: 30px !important;padding-right: 30px !important;padding-bottom: 20px !important;padding-left: 30px !important;background-color: #f4f4f4 !important;}&#8221;]<div id=\"ultimate-heading-50569d9998a6cba6\" class=\"uvc-heading ult-adjust-bottom-margin ultimate-heading-50569d9998a6cba6 uvc-2717  uvc-heading-default-font-sizes\" data-hspacer=\"no_spacer\"  data-halign=\"left\" style=\"text-align:left\"><div class=\"uvc-heading-spacer no_spacer\" style=\"top\"><\/div><div class=\"uvc-main-heading ult-responsive\"  data-ultimate-target='.uvc-heading.ultimate-heading-50569d9998a6cba6 h3'  data-responsive-json-new='{\"font-size\":\"\",\"line-height\":\"\"}' ><h3 style=\"font-weight:bold;margin-bottom:20px;\">Saada p\u00e4ring<\/h3><\/div><\/div>[vc_column_text]<em>V\u00f5ta meiega \u00fchendust ja me viime Sind kokku parimate plastiliste kirurgidega Eestis.<\/em><\/p>\n<p><em><span style=\"font-weight: 400;\">\u00a0<\/span><\/em>[\/vc_column_text][vc_empty_space height=&#8221;30px&#8221;]\n<div class=\"wpcf7 no-js\" id=\"wpcf7-f3559-o1\" lang=\"en-US\" dir=\"ltr\" data-wpcf7-id=\"3559\">\n<div class=\"screen-reader-response\"><p role=\"status\" aria-live=\"polite\" aria-atomic=\"true\"><\/p> <ul><\/ul><\/div>\n<form action=\"\/et\/wp-json\/wp\/v2\/pages\/2716#wpcf7-f3559-o1\" method=\"post\" class=\"wpcf7-form init\" aria-label=\"Contact form\" novalidate=\"novalidate\" data-status=\"init\">\n<div style=\"display: none;\">\n<input type=\"hidden\" name=\"_wpcf7\" value=\"3559\" \/>\n<input type=\"hidden\" name=\"_wpcf7_version\" value=\"6.0.4\" \/>\n<input type=\"hidden\" name=\"_wpcf7_locale\" value=\"en_US\" \/>\n<input type=\"hidden\" name=\"_wpcf7_unit_tag\" value=\"wpcf7-f3559-o1\" \/>\n<input type=\"hidden\" name=\"_wpcf7_container_post\" value=\"0\" \/>\n<input type=\"hidden\" name=\"_wpcf7_posted_data_hash\" value=\"\" \/>\n<input type=\"hidden\" name=\"_wpcf7_recaptcha_response\" value=\"\" \/>\n<\/div>\n<p><label><span class=\"wpcf7-form-control-wrap\" data-name=\"your-name\"><input size=\"40\" maxlength=\"400\" class=\"wpcf7-form-control wpcf7-text wpcf7-validates-as-required\" aria-required=\"true\" aria-invalid=\"false\" placeholder=\"Teie nimi (vajalik)\" value=\"\" type=\"text\" name=\"your-name\" \/><\/span> <\/label><br \/>\n<label><span class=\"wpcf7-form-control-wrap\" data-name=\"your-email\"><input size=\"40\" maxlength=\"400\" class=\"wpcf7-form-control wpcf7-email wpcf7-validates-as-required wpcf7-text wpcf7-validates-as-email\" aria-required=\"true\" aria-invalid=\"false\" placeholder=\"Teie e-post (vajalik)\" value=\"\" type=\"email\" name=\"your-email\" \/><\/span> <\/label><br \/>\n<label><span class=\"wpcf7-form-control-wrap\" data-name=\"tel-137\"><input size=\"40\" maxlength=\"400\" class=\"wpcf7-form-control wpcf7-tel wpcf7-text wpcf7-validates-as-tel\" aria-invalid=\"false\" placeholder=\"Telefon\" value=\"\" type=\"tel\" name=\"tel-137\" \/><\/span><\/label><br \/>\n<label><span class=\"wpcf7-form-control-wrap\" data-name=\"your-message\"><textarea cols=\"40\" rows=\"3\" maxlength=\"2000\" class=\"wpcf7-form-control wpcf7-textarea\" aria-invalid=\"false\" placeholder=\"S\u00f5num\" name=\"your-message\"><\/textarea><\/span> <\/label><br \/>\n<span id=\"wpcf7-69d9998a6dba2-wrapper\" class=\"wpcf7-form-control-wrap city-856-wrap\" style=\"display:none !important; visibility:hidden !important;\"><label for=\"wpcf7-69d9998a6dba2-field\" class=\"hp-message\">Please leave this field empty.<\/label><input id=\"wpcf7-69d9998a6dba2-field\"  class=\"wpcf7-form-control wpcf7-text\" type=\"text\" name=\"city-856\" value=\"\" size=\"40\" tabindex=\"-1\" autocomplete=\"new-password\" \/><\/span><br \/>\n<span class=\"wpcf7-form-control-wrap\" data-name=\"acceptance-100\"><span class=\"wpcf7-form-control wpcf7-acceptance\"><span class=\"wpcf7-list-item\"><label><input type=\"checkbox\" name=\"acceptance-100\" value=\"1\" aria-invalid=\"false\" \/><span class=\"wpcf7-list-item-label\">Olen n\u00f5us Health Travel Guide <a href=\"https:\/\/healthtravelguide.com\/et\/privaatsuspoliitika\/\" target=\"_blank\">Privaatsuspoliitikaga.<\/a><\/span><\/label><\/span><\/span><\/span>\n<\/p>\n<p><input class=\"wpcf7-form-control wpcf7-submit has-spinner\" type=\"submit\" value=\"Saada\" \/>\n<\/p><div class=\"wpcf7-response-output\" aria-hidden=\"true\"><\/div>\n<\/form>\n<\/div>\n[\/vc_column_inner][\/vc_row_inner][\/vc_column][\/vc_row]<\/p>\n","protected":false},"excerpt":{"rendered":"<p>[vc_row type=&#8221;vc_default&#8221; css=&#8221;.vc_custom_1474221376872{margin-bottom: -80px !important;}&#8221;][vc_column offset=&#8221;vc_col-lg-8 vc_col-md-8 vc_col-xs-12&#8243; css=&#8221;.vc_custom_1463573458077{margin-bottom: 80px !important;}&#8221;][vc_column_text]Kosmeetilise kirurgia protseduurid, tehnikad ja p\u00f5him\u00f5tted on t\u00e4ielikult suunatud patsiendi v\u00e4limuse parandamisele. Esteetilise atraktiivsuse, s\u00fcmmeetria ja proportsiooni parandamine on peamised eesm\u00e4rgid. Kosmeetilist operatsiooni saab teha k\u00f5igil pea-, kaela- ja kehapiirkondadel. Kosmeetilist kirurgiat praktiseerivad paljude meditsiinivaldkondade arstid, sealhulgas plastikakirurgid.[\/vc_column_text][vc_row_inner css=&#8221;.vc_custom_1462354927208{padding-top: 22px !important;padding-bottom: 20px !important;}&#8221;][vc_column_inner width=&#8221;1\/2&#8243;][\/vc_column_inner][vc_column_inner width=&#8221;1\/2&#8243;][\/vc_column_inner][\/vc_row_inner][\/vc_column][vc_column&hellip;<\/p>\n","protected":false},"author":1,"featured_media":0,"parent":0,"menu_order":20,"comment_status":"closed","ping_status":"closed","template":"","meta":{"footnotes":""},"class_list":["post-2716","page","type-page","status-publish","hentry","description-off"],"yoast_head":"<!-- This site is optimized with the Yoast SEO plugin v24.4 - https:\/\/yoast.com\/wordpress\/plugins\/seo\/ -->\n<title>Plastiline Kirurgia Eestis ja V\u00e4lismaal - Health Travel Guide<\/title>\n<meta name=\"description\" content=\"Liposuction is an effective way to shape your body in a manner that best suits you. Sometimes parts of your body don\u2019t respond to changes as you like.\" \/>\n<meta name=\"robots\" content=\"index, follow, max-snippet:-1, max-image-preview:large, max-video-preview:-1\" \/>\n<link rel=\"canonical\" href=\"https:\/\/healthtravelguide.com\/plastiline-kirurgia\/\" \/>\n<meta property=\"og:locale\" content=\"et_EE\" \/>\n<meta property=\"og:type\" content=\"article\" \/>\n<meta property=\"og:title\" content=\"Plastiline Kirurgia Eestis ja V\u00e4lismaal - Health Travel Guide\" \/>\n<meta property=\"og:description\" content=\"Liposuction is an effective way to shape your body in a manner that best suits you. Sometimes parts of your body don\u2019t respond to changes as you like.\" \/>\n<meta property=\"og:url\" content=\"https:\/\/healthtravelguide.com\/plastiline-kirurgia\/\" \/>\n<meta property=\"og:site_name\" content=\"Health Travel Guide\" \/>\n<meta property=\"article:modified_time\" content=\"2020-10-17T08:08:07+00:00\" \/>\n<meta name=\"twitter:card\" content=\"summary_large_image\" \/>\n<meta name=\"twitter:label1\" content=\"Est. reading time\" \/>\n\t<meta name=\"twitter:data1\" content=\"3 minutit\" \/>\n<script type=\"application\/ld+json\" class=\"yoast-schema-graph\">{\"@context\":\"https:\/\/schema.org\",\"@graph\":[{\"@type\":\"WebPage\",\"@id\":\"https:\/\/healthtravelguide.com\/plastiline-kirurgia\/\",\"url\":\"https:\/\/healthtravelguide.com\/plastiline-kirurgia\/\",\"name\":\"Plastiline Kirurgia Eestis ja V\u00e4lismaal - Health Travel Guide\",\"isPartOf\":{\"@id\":\"https:\/\/healthtravelguide.com\/#website\"},\"datePublished\":\"2019-04-14T18:11:58+00:00\",\"dateModified\":\"2020-10-17T08:08:07+00:00\",\"description\":\"Liposuction is an effective way to shape your body in a manner that best suits you. Sometimes parts of your body don\u2019t respond to changes as you like.\",\"breadcrumb\":{\"@id\":\"https:\/\/healthtravelguide.com\/plastiline-kirurgia\/#breadcrumb\"},\"inLanguage\":\"et\",\"potentialAction\":[{\"@type\":\"ReadAction\",\"target\":[\"https:\/\/healthtravelguide.com\/plastiline-kirurgia\/\"]}]},{\"@type\":\"BreadcrumbList\",\"@id\":\"https:\/\/healthtravelguide.com\/plastiline-kirurgia\/#breadcrumb\",\"itemListElement\":[{\"@type\":\"ListItem\",\"position\":1,\"name\":\"Home\",\"item\":\"https:\/\/healthtravelguide.com\/et\/\"},{\"@type\":\"ListItem\",\"position\":2,\"name\":\"Plastiline kirurgia\"}]},{\"@type\":\"WebSite\",\"@id\":\"https:\/\/healthtravelguide.com\/#website\",\"url\":\"https:\/\/healthtravelguide.com\/\",\"name\":\"Health Travel Guide\",\"description\":\"Get first class medical treatment for less!\",\"potentialAction\":[{\"@type\":\"SearchAction\",\"target\":{\"@type\":\"EntryPoint\",\"urlTemplate\":\"https:\/\/healthtravelguide.com\/?s={search_term_string}\"},\"query-input\":{\"@type\":\"PropertyValueSpecification\",\"valueRequired\":true,\"valueName\":\"search_term_string\"}}],\"inLanguage\":\"et\"}]}<\/script>\n<!-- \/ Yoast SEO plugin. -->","yoast_head_json":{"title":"Plastiline Kirurgia Eestis ja V\u00e4lismaal - Health Travel Guide","description":"Liposuction is an effective way to shape your body in a manner that best suits you. Sometimes parts of your body don\u2019t respond to changes as you like.","robots":{"index":"index","follow":"follow","max-snippet":"max-snippet:-1","max-image-preview":"max-image-preview:large","max-video-preview":"max-video-preview:-1"},"canonical":"https:\/\/healthtravelguide.com\/plastiline-kirurgia\/","og_locale":"et_EE","og_type":"article","og_title":"Plastiline Kirurgia Eestis ja V\u00e4lismaal - Health Travel Guide","og_description":"Liposuction is an effective way to shape your body in a manner that best suits you. Sometimes parts of your body don\u2019t respond to changes as you like.","og_url":"https:\/\/healthtravelguide.com\/plastiline-kirurgia\/","og_site_name":"Health Travel Guide","article_modified_time":"2020-10-17T08:08:07+00:00","twitter_card":"summary_large_image","twitter_misc":{"Est. reading time":"3 minutit"},"schema":{"@context":"https:\/\/schema.org","@graph":[{"@type":"WebPage","@id":"https:\/\/healthtravelguide.com\/plastiline-kirurgia\/","url":"https:\/\/healthtravelguide.com\/plastiline-kirurgia\/","name":"Plastiline Kirurgia Eestis ja V\u00e4lismaal - Health Travel Guide","isPartOf":{"@id":"https:\/\/healthtravelguide.com\/#website"},"datePublished":"2019-04-14T18:11:58+00:00","dateModified":"2020-10-17T08:08:07+00:00","description":"Liposuction is an effective way to shape your body in a manner that best suits you. Sometimes parts of your body don\u2019t respond to changes as you like.","breadcrumb":{"@id":"https:\/\/healthtravelguide.com\/plastiline-kirurgia\/#breadcrumb"},"inLanguage":"et","potentialAction":[{"@type":"ReadAction","target":["https:\/\/healthtravelguide.com\/plastiline-kirurgia\/"]}]},{"@type":"BreadcrumbList","@id":"https:\/\/healthtravelguide.com\/plastiline-kirurgia\/#breadcrumb","itemListElement":[{"@type":"ListItem","position":1,"name":"Home","item":"https:\/\/healthtravelguide.com\/et\/"},{"@type":"ListItem","position":2,"name":"Plastiline kirurgia"}]},{"@type":"WebSite","@id":"https:\/\/healthtravelguide.com\/#website","url":"https:\/\/healthtravelguide.com\/","name":"Health Travel Guide","description":"Get first class medical treatment for less!","potentialAction":[{"@type":"SearchAction","target":{"@type":"EntryPoint","urlTemplate":"https:\/\/healthtravelguide.com\/?s={search_term_string}"},"query-input":{"@type":"PropertyValueSpecification","valueRequired":true,"valueName":"search_term_string"}}],"inLanguage":"et"}]}},"_links":{"self":[{"href":"https:\/\/healthtravelguide.com\/et\/wp-json\/wp\/v2\/pages\/2716","targetHints":{"allow":["GET"]}}],"collection":[{"href":"https:\/\/healthtravelguide.com\/et\/wp-json\/wp\/v2\/pages"}],"about":[{"href":"https:\/\/healthtravelguide.com\/et\/wp-json\/wp\/v2\/types\/page"}],"author":[{"embeddable":true,"href":"https:\/\/healthtravelguide.com\/et\/wp-json\/wp\/v2\/users\/1"}],"replies":[{"embeddable":true,"href":"https:\/\/healthtravelguide.com\/et\/wp-json\/wp\/v2\/comments?post=2716"}],"version-history":[{"count":10,"href":"https:\/\/healthtravelguide.com\/et\/wp-json\/wp\/v2\/pages\/2716\/revisions"}],"predecessor-version":[{"id":3710,"href":"https:\/\/healthtravelguide.com\/et\/wp-json\/wp\/v2\/pages\/2716\/revisions\/3710"}],"wp:attachment":[{"href":"https:\/\/healthtravelguide.com\/et\/wp-json\/wp\/v2\/media?parent=2716"}],"curies":[{"name":"wp","href":"https:\/\/api.w.org\/{rel}","templated":true}]}}