{"id":2714,"date":"2019-04-14T17:55:01","date_gmt":"2019-04-14T17:55:01","guid":{"rendered":"https:\/\/healthtravelguide.com\/bariaatriline-kirurgia\/mao-plikatsioon\/"},"modified":"2020-07-30T14:52:28","modified_gmt":"2020-07-30T14:52:28","slug":"mao-plikatsioon","status":"publish","type":"page","link":"https:\/\/healthtravelguide.com\/et\/bariaatriline-kirurgia\/mao-plikatsioon\/","title":{"rendered":"Mao plikatsioon"},"content":{"rendered":"<p>[vc_row type=&#8221;vc_default&#8221; css=&#8221;.vc_custom_1474221376872{margin-bottom: -80px !important;}&#8221;][vc_column offset=&#8221;vc_col-lg-8 vc_col-md-8 vc_col-xs-12&#8243; css=&#8221;.vc_custom_1463573458077{margin-bottom: 80px !important;}&#8221;]<div id=\"ultimate-heading-740469e35ea1d7d5d\" class=\"uvc-heading ult-adjust-bottom-margin ultimate-heading-740469e35ea1d7d5d uvc-1991 \" data-hspacer=\"no_spacer\"  data-halign=\"left\" style=\"text-align:left\"><div class=\"uvc-heading-spacer no_spacer\" style=\"top\"><\/div><div class=\"uvc-main-heading ult-responsive\"  data-ultimate-target='.uvc-heading.ultimate-heading-740469e35ea1d7d5d h2'  data-responsive-json-new='{\"font-size\":\"desktop:24px;\",\"line-height\":\"desktop:30px;\"}' ><h2 style=\"font-weight:bold;margin-bottom:22px;\">Mao plikatsioon<\/h2><\/div><\/div>[vc_column_text]Mao plikatsioon on uudne bariaatrilise kirurgia protseduur, mis on v\u00f5rdlemisi sarnane mao pikisuunalisele resektsioonile. Protseduur t\u00e4hendab mao kokku voltimist, t\u00e4nu millele v\u00e4heneb toidu tarbimine. Erinevalt teistest kaalukirurgia protseduuridest ei ole vaja eemaldada osa maost ega soolestikku \u00fcmber struktureerida.<\/p>\n<p>Peale taastumist v\u00e4heneb toiduisu ning Sa rahuldud v\u00e4iksemate kogustega. See v\u00f5imaldab Sul omakorda <strong>kaotada kaalu kiiremini<\/strong> ning liikuda tervema elustiili suunas.<\/p>\n<p>Vaata j\u00e4rgi, kas see sobib Sulle.[\/vc_column_text]<style type=\"text\/css\" data-type=\"the7_shortcodes-inline-css\">#default-btn-7b00f10cd584b4c38b66346891aece34.ico-right-side > i {\n  margin-right: 0px;\n  margin-left: 8px;\n}\n#default-btn-7b00f10cd584b4c38b66346891aece34 > i {\n  margin-right: 8px;\n}\n<\/style><a href=\"https:\/\/healthtravelguide.com\/et\/bariaatriline-kirurgia\/sobivuse-kusitlus\/\" class=\"default-btn-shortcode dt-btn dt-btn-m link-hover-off btn-inline-left  vc_custom_1596120715708\" target=\"_blank\" id=\"default-btn-7b00f10cd584b4c38b66346891aece34\" title=\"V\u00f5ta meiega \u00fchendust!\" rel=\"noopener\"><span>V\u00f5ta meiega \u00fchendust!<\/span><\/a><div id=\"ultimate-heading-529069e35ea1d7ea5\" class=\"uvc-heading ult-adjust-bottom-margin ultimate-heading-529069e35ea1d7ea5 uvc-5934 \" data-hspacer=\"no_spacer\"  data-halign=\"left\" style=\"text-align:left\"><div class=\"uvc-heading-spacer no_spacer\" style=\"top\"><\/div><div class=\"uvc-main-heading ult-responsive\"  data-ultimate-target='.uvc-heading.ultimate-heading-529069e35ea1d7ea5 h2'  data-responsive-json-new='{\"font-size\":\"desktop:24px;\",\"line-height\":\"desktop:30px;\"}' ><h2 style=\"font-weight:bold;margin-top:20px;margin-bottom:20px;\">Kuidas protseduur v\u00e4lja n\u00e4eb?<\/h2><\/div><\/div>[vc_column_text css=&#8221;.vc_custom_1525765314272{margin-bottom: 30px !important;}&#8221;]Mao plikatsioon t\u00e4hendab, et Sinu maost volditakse n-\u00f6 taskuks v\u00f5i varrukaks, t\u00e4nu millele mahutab magu tunduvalt v\u00e4hem toitu ning seedib seda ka palju aeglasemalt. Vastupidiselt mao pikisuunalisele resektsioonile ei eemaldata osa maost, vaid \u00f5mmeldakse osa sellest kokku.<\/p>\n<p>See t\u00e4hendab, et m\u00f5nda aega (<i>ca<\/i> aasta hetkel olemasoleva info p\u00f5hjal) on protseduur ilma suuremate riskideta ka <strong>tagasip\u00f6\u00f6ratav<\/strong> ehk v\u00f5imalik on taastada mao esialgne kuju. Puudub vajadus osa maost eemaldada, see \u00fcmber struktureerida v\u00f5i v\u00f5\u00f5robjekte sisestada.<\/p>\n<p>Kuna operatsioon ei puuduta seedetrakti, ei kaasne protseduuriga ka toitainete imendumise probleeme. Tulemuseks on vajadus v\u00e4iksemate koguste ja harvemate s\u00f6\u00f6gikordade j\u00e4rele. R\u00f5hutame aga veelkord, et tegemist on v\u00f5rdlemisi uue protseduuriga ning uuringud on alles k\u00e4imas.[\/vc_column_text]<div id=\"ultimate-heading-790169e35ea1d7ef7\" class=\"uvc-heading ult-adjust-bottom-margin ultimate-heading-790169e35ea1d7ef7 uvc-6502 \" data-hspacer=\"no_spacer\"  data-halign=\"left\" style=\"text-align:left\"><div class=\"uvc-heading-spacer no_spacer\" style=\"top\"><\/div><div class=\"uvc-main-heading ult-responsive\"  data-ultimate-target='.uvc-heading.ultimate-heading-790169e35ea1d7ef7 h2'  data-responsive-json-new='{\"font-size\":\"desktop:24px;\",\"line-height\":\"desktop:30px;\"}' ><h2 style=\"font-weight:bold;margin-top:20px;margin-bottom:20px;\">Eelised<\/h2><\/div><\/div>[vc_row_inner css=&#8221;.vc_custom_1462354927208{padding-top: 22px !important;padding-bottom: 20px !important;}&#8221;][vc_column_inner width=&#8221;1\/2&#8243;]<div class=\"standard-arrow bullet-top\"><ul>\n<li>Ei ole vaja eemaldada osa maost<\/li>\n<li>Seedetrakti t\u00f6\u00f6sse ei sekkuta<\/li>\n<li>Makku ei sisestata v\u00f5\u00f5robjekte<\/li>\n<li>Puudub vajadus klammerdamise j\u00e4rele<\/li>\n<\/ul>\n<\/div>[\/vc_column_inner][vc_column_inner width=&#8221;1\/2&#8243;]<div class=\"standard-arrow bullet-top\"><ul>\n<li>Teatud aja jooksul tagasip\u00f6\u00f6ratav<\/li>\n<li>V\u00e4hendab toidu tarbimist m\u00e4rkimisv\u00e4\u00e4rselt<\/li>\n<li>V\u00e4hem piiranguid dieedi osas<\/li>\n<\/ul>\n<\/div>[\/vc_column_inner][\/vc_row_inner]<div id=\"ultimate-heading-851169e35ea1d8025\" class=\"uvc-heading ult-adjust-bottom-margin ultimate-heading-851169e35ea1d8025 uvc-2688 \" data-hspacer=\"no_spacer\"  data-halign=\"left\" style=\"text-align:left\"><div class=\"uvc-heading-spacer no_spacer\" style=\"top\"><\/div><div class=\"uvc-main-heading ult-responsive\"  data-ultimate-target='.uvc-heading.ultimate-heading-851169e35ea1d8025 h2'  data-responsive-json-new='{\"font-size\":\"desktop:24px;\",\"line-height\":\"desktop:30px;\"}' ><h2 style=\"font-weight:bold;margin-top:20px;margin-bottom:20px;\">Puudused<\/h2><\/div><\/div>[vc_row_inner css=&#8221;.vc_custom_1462354927208{padding-top: 22px !important;padding-bottom: 20px !important;}&#8221;][vc_column_inner width=&#8221;1\/2&#8243;]<div class=\"standard-arrow bullet-top\"><ul>\n<li>V\u00f5ib p\u00f5hjustada pikaajalist iiveldust (kuni kuu peale protseduuri)<\/li>\n<li>V\u00f5ib p\u00f5hjustada v\u00e4iksemat kaalukaotust, kui teised bariaatrilised protseduurid<\/li>\n<\/ul>\n<\/div>[\/vc_column_inner][vc_column_inner width=&#8221;1\/2&#8243;]<div class=\"standard-arrow bullet-top\"><ul>\n<li>Endiselt teostatakse uuringuid<\/li>\n<li>Harvad lekke riskid<\/li>\n<\/ul>\n<\/div>[\/vc_column_inner][\/vc_row_inner]<div id=\"ultimate-heading-52269e35ea1d80ec\" class=\"uvc-heading ult-adjust-bottom-margin ultimate-heading-52269e35ea1d80ec uvc-8837 \" data-hspacer=\"no_spacer\"  data-halign=\"left\" style=\"text-align:left\"><div class=\"uvc-heading-spacer no_spacer\" style=\"top\"><\/div><div class=\"uvc-main-heading ult-responsive\"  data-ultimate-target='.uvc-heading.ultimate-heading-52269e35ea1d80ec h2'  data-responsive-json-new='{\"font-size\":\"desktop:24px;\",\"line-height\":\"desktop:30px;\"}' ><h2 style=\"font-weight:bold;margin-top:20px;margin-bottom:20px;\">Kellele sobib?<\/h2><\/div><\/div>[vc_column_text css=&#8221;.vc_custom_1525765571219{margin-bottom: 30px !important;}&#8221;]Mao plikatsioon sobib neile, kelle <strong>kehamassiindeks on 30 v\u00f5i suurem<\/strong>. Sobib ka k\u00f5ikidele inimestele, kes vaevlevad h\u00fcpertensiooni, diabeedi, artriidi jms k\u00e4es.<\/p>\n<p><strong>Enne, kui Sa otsuse teed, aitab bariaatriline kirurg<\/strong> Sul k\u00f5ik v\u00f5imalused l\u00e4bi arutada ja soovitab Sulle parima lahenduse.<\/p>\n<p>Hea v\u00f5imalus neile, kellele teised bariaatrilised protseduurid erinevate riskitegurite t\u00f5ttu ei sobi. Riskitegurid saab eelneva konsultatsiooni k\u00e4igus v\u00e4lja selgitada.[\/vc_column_text]<div id=\"ultimate-heading-786669e35ea1d8116\" class=\"uvc-heading ult-adjust-bottom-margin ultimate-heading-786669e35ea1d8116 uvc-2022 \" data-hspacer=\"no_spacer\"  data-halign=\"left\" style=\"text-align:left\"><div class=\"uvc-heading-spacer no_spacer\" style=\"top\"><\/div><div class=\"uvc-main-heading ult-responsive\"  data-ultimate-target='.uvc-heading.ultimate-heading-786669e35ea1d8116 h2'  data-responsive-json-new='{\"font-size\":\"desktop:24px;\",\"line-height\":\"desktop:30px;\"}' ><h2 style=\"font-weight:bold;margin-top:20px;margin-bottom:20px;\">Operatsioonist taastumine<\/h2><\/div><\/div>[vc_column_text css=&#8221;.vc_custom_1525765607201{margin-bottom: 30px !important;}&#8221;]<\/p>\n<ul>\n<li>Operatsiooni kestus: ca 1 tund<\/li>\n<li>Haiglas veedetud aeg: 2 p\u00e4eva<\/li>\n<li>Taastumisaeg: 4 n\u00e4dalat<\/li>\n<li>T\u00f6\u00f6lt eemal olemise aeg: 1-2 n\u00e4dalat<\/li>\n<\/ul>\n<p>P\u00e4rast operatsiooni peab olema vedelal dieedil v\u00e4hemalt n\u00e4dal aega. J\u00e4rgnevatel n\u00e4dalatel v\u00f5ib tarbida ka suppe ja mahlu ning poolpehmeid toite. Peale nelja n\u00e4dala m\u00f6\u00f6dumist tuleb alustada uue dieedi ja v\u00e4iksemate portsjonitega. <strong>Tulemuseks on v\u00e4iksem kehakaal<\/strong>.<\/p>\n<p>Mao plikatsiooniga kaasneb veidi k\u00f5rgem risk kogeda pikaajalist iiveldust. \u00dcldiselt m\u00f6\u00f6dub see k\u00fcll n\u00e4dala v\u00f5i paariga, kuid v\u00f5ib kesta ka kuu aega. Kui komplikatsioon esineb koheselt peale protseduuri, siis hoitakse Sind m\u00f5ned p\u00e4evad haiglas.<\/p>\n<p>Et alustada uut elu annab kirurg v\u00f5i \u00f5de Sulle <strong>toitumisplaani ja juhendid<\/strong> ning hoiab Sul regulaarsete kontrollide abil silma peal.[\/vc_column_text]<div id=\"ultimate-heading-862169e35ea1d813c\" class=\"uvc-heading ult-adjust-bottom-margin ultimate-heading-862169e35ea1d813c uvc-8226 \" data-hspacer=\"no_spacer\"  data-halign=\"left\" style=\"text-align:left\"><div class=\"uvc-heading-spacer no_spacer\" style=\"top\"><\/div><div class=\"uvc-main-heading ult-responsive\"  data-ultimate-target='.uvc-heading.ultimate-heading-862169e35ea1d813c h2'  data-responsive-json-new='{\"font-size\":\"desktop:24px;\",\"line-height\":\"desktop:30px;\"}' ><h2 style=\"font-weight:bold;margin-top:20px;margin-bottom:20px;\">Mao plikatsiooni endiselt veel uuritakse<\/h2><\/div><\/div>[vc_column_text css=&#8221;.vc_custom_1526371864253{margin-bottom: 30px !important;}&#8221;]Oluline on \u00e4ra m\u00e4rkida, et mao plikatsioon on endiselt veel \u00fcsna uus operatsioon ning seda <strong>uuritakse j\u00e4tkuvalt<\/strong>. Kui Sa kaalud just seda protseduuri, saab kirurg Sind k\u00f5igi tekkivate k\u00fcsimuste osas aidata. Kuna protseduur on teatud aja jooksul tagasip\u00f6\u00f6ratav, saab v\u00f5imalikke tekkivaid komplikatsioone koheselt ka ravida.<\/p>\n<p>M\u00f5ned uuringud n\u00e4itavad, et kaalu kaotamise m\u00e4\u00e4r on sama k\u00f5rge kui teiste bariaatriliste operatsioonide puhul. M\u00f5ned uuringud on n\u00e4idanud, et esineb v\u00e4iksem kaalukaotus kui maost m\u00f6\u00f6dajuhtiva operatsiooni ja maobandaa\u017ei puhul, kuid suurem m\u00f5ju kui maoballooni puhul. Protseduuri kohta on patsientidel vastakaid arvamusi, osad kiidavad kiiret kaalukaotust, teised kurdavad komplikatsioonide \u00fcle.<\/p>\n<p>Protseduur on j\u00e4tkuvalt kirurgide ja patsientide huviorbiidis kuna see ei ole invasiivne ning puudub vajadus osa maost eemaldada v\u00f5i see \u00fcmber struktureerida. Kirurg <strong>aitab Sul konsultatsiooni k\u00e4igus selgust saada<\/strong>, kas mao plikatsioon on Sinu jaoks sobilik protseduur.[\/vc_column_text]<style type=\"text\/css\" data-type=\"the7_shortcodes-inline-css\">#default-btn-7b00f10cd584b4c38b66346891aece34.ico-right-side > i {\n  margin-right: 0px;\n  margin-left: 8px;\n}\n#default-btn-7b00f10cd584b4c38b66346891aece34 > i {\n  margin-right: 8px;\n}\n<\/style><a href=\"https:\/\/healthtravelguide.com\/et\/bariaatriline-kirurgia\/sobivuse-kusitlus\/\" class=\"default-btn-shortcode dt-btn dt-btn-m link-hover-off btn-inline-left  vc_custom_1596120715708\" target=\"_blank\" id=\"default-btn-7b00f10cd584b4c38b66346891aece34\" title=\"V\u00f5ta meiega \u00fchendust!\" rel=\"noopener\"><span>V\u00f5ta meiega \u00fchendust!<\/span><\/a>[\/vc_column][vc_column offset=&#8221;vc_col-lg-4 vc_col-md-4 vc_col-xs-12&#8243; el_class=&#8221;custom_sidebar&#8221; css=&#8221;.vc_custom_1474221370251{padding-bottom: 80px !important;}&#8221;][vc_row_inner css=&#8221;.vc_custom_1463573390268{padding-right: 25px !important;padding-bottom: 30px !important;padding-left: 25px !important;}&#8221;][vc_column_inner css=&#8221;.vc_custom_1462517200859{padding-top: 30px !important;padding-right: 30px !important;padding-bottom: 10px !important;padding-left: 30px !important;background-color: #f4f4f4 !important;}&#8221;]<div id=\"ultimate-heading-113669e35ea1d81f1\" class=\"uvc-heading ult-adjust-bottom-margin ultimate-heading-113669e35ea1d81f1 uvc-7989 \" data-hspacer=\"no_spacer\"  data-halign=\"left\" style=\"text-align:left\"><div class=\"uvc-heading-spacer no_spacer\" style=\"top\"><\/div><div class=\"uvc-main-heading ult-responsive\"  data-ultimate-target='.uvc-heading.ultimate-heading-113669e35ea1d81f1 h3'  data-responsive-json-new='{\"font-size\":\"desktop:20px;\",\"line-height\":\"desktop:26px;\"}' ><h3 style=\"font-weight:bold;margin-bottom:20px;\">Veel teenuseid<\/h3><\/div><\/div>[vc_widget_sidebar show_bg=&#8221;false&#8221; sidebar_id=&#8221;sidebar_3&#8243; el_class=&#8221;service_menu&#8221;]<div class=\"standard-arrow bullet-top\"><ul>\n<li class=\"current\"><a href=\"https:\/\/healthtravelguide.com\/et\/bariaatriline-kirurgia\/maost-moodajuhtiv-operatsioon\/\">Maost m\u00f6\u00f6dajuhtiv operatsioon<\/a><\/li>\n<li class=\"current\"><a href=\"https:\/\/healthtravelguide.com\/et\/bariaatriline-kirurgia\/mao-pikisuunaline-resektsioon\/\">Mao pikisuunaline resektsioon<\/a><\/li>\n<li><a href=\"https:\/\/healthtravelguide.com\/et\/bariaatriline-kirurgia\/maobandaaz\/\">Maobandaa\u017e<\/a><\/li>\n<li class=\"current\"><a href=\"https:\/\/healthtravelguide.com\/et\/bariaatriline-kirurgia\/maoballoon\/\">Maoballoon<\/a><\/li>\n<li><a href=\"https:\/\/healthtravelguide.com\/et\/plastiline-kirurgia\/rasvaimu\/\">Rasvaimu<\/a><\/li>\n<li><a href=\"https:\/\/healthtravelguide.com\/et\/plastiline-kirurgia\/rasva-siirdamine\/\">Rasva Siirdamine<\/a><\/li>\n<\/ul>\n<\/div>[\/vc_column_inner][\/vc_row_inner][vc_row_inner css=&#8221;.vc_custom_1462516802446{padding-right: 25px !important;padding-left: 25px !important;}&#8221;][vc_column_inner css=&#8221;.vc_custom_1471295267122{padding-top: 30px !important;padding-right: 30px !important;padding-bottom: 20px !important;padding-left: 30px !important;background-color: #f4f4f4 !important;}&#8221;]<div id=\"ultimate-heading-372569e35ea1d826b\" class=\"uvc-heading ult-adjust-bottom-margin ultimate-heading-372569e35ea1d826b uvc-574  uvc-heading-default-font-sizes\" data-hspacer=\"no_spacer\"  data-halign=\"left\" style=\"text-align:left\"><div class=\"uvc-heading-spacer no_spacer\" style=\"top\"><\/div><div class=\"uvc-main-heading ult-responsive\"  data-ultimate-target='.uvc-heading.ultimate-heading-372569e35ea1d826b h3'  data-responsive-json-new='{\"font-size\":\"\",\"line-height\":\"\"}' ><h3 style=\"font-weight:bold;margin-bottom:20px;\">Saada p\u00e4ring<\/h3><\/div><\/div>[vc_column_text]V\u00f5ta meiega \u00fchendust ja me viime Sind kokku parimate bariaatriliste kirurgidega Eestis.[\/vc_column_text][vc_empty_space height=&#8221;30px&#8221;]\n<div class=\"wpcf7 no-js\" id=\"wpcf7-f3559-o1\" lang=\"en-US\" dir=\"ltr\" data-wpcf7-id=\"3559\">\n<div class=\"screen-reader-response\"><p role=\"status\" aria-live=\"polite\" aria-atomic=\"true\"><\/p> <ul><\/ul><\/div>\n<form action=\"\/et\/wp-json\/wp\/v2\/pages\/2714#wpcf7-f3559-o1\" method=\"post\" class=\"wpcf7-form init\" aria-label=\"Contact form\" novalidate=\"novalidate\" data-status=\"init\">\n<div style=\"display: none;\">\n<input type=\"hidden\" name=\"_wpcf7\" value=\"3559\" \/>\n<input type=\"hidden\" name=\"_wpcf7_version\" value=\"6.0.4\" \/>\n<input type=\"hidden\" name=\"_wpcf7_locale\" value=\"en_US\" \/>\n<input type=\"hidden\" name=\"_wpcf7_unit_tag\" value=\"wpcf7-f3559-o1\" \/>\n<input type=\"hidden\" name=\"_wpcf7_container_post\" value=\"0\" \/>\n<input type=\"hidden\" name=\"_wpcf7_posted_data_hash\" value=\"\" \/>\n<input type=\"hidden\" name=\"_wpcf7_recaptcha_response\" value=\"\" \/>\n<\/div>\n<p><label><span class=\"wpcf7-form-control-wrap\" data-name=\"your-name\"><input size=\"40\" maxlength=\"400\" class=\"wpcf7-form-control wpcf7-text wpcf7-validates-as-required\" aria-required=\"true\" aria-invalid=\"false\" placeholder=\"Teie nimi (vajalik)\" value=\"\" type=\"text\" name=\"your-name\" \/><\/span> <\/label><br \/>\n<label><span class=\"wpcf7-form-control-wrap\" data-name=\"your-email\"><input size=\"40\" maxlength=\"400\" class=\"wpcf7-form-control wpcf7-email wpcf7-validates-as-required wpcf7-text wpcf7-validates-as-email\" aria-required=\"true\" aria-invalid=\"false\" placeholder=\"Teie e-post (vajalik)\" value=\"\" type=\"email\" name=\"your-email\" \/><\/span> <\/label><br \/>\n<label><span class=\"wpcf7-form-control-wrap\" data-name=\"tel-137\"><input size=\"40\" maxlength=\"400\" class=\"wpcf7-form-control wpcf7-tel wpcf7-text wpcf7-validates-as-tel\" aria-invalid=\"false\" placeholder=\"Telefon\" value=\"\" type=\"tel\" name=\"tel-137\" \/><\/span><\/label><br \/>\n<label><span class=\"wpcf7-form-control-wrap\" data-name=\"your-message\"><textarea cols=\"40\" rows=\"3\" maxlength=\"2000\" class=\"wpcf7-form-control wpcf7-textarea\" aria-invalid=\"false\" placeholder=\"S\u00f5num\" name=\"your-message\"><\/textarea><\/span> <\/label><br \/>\n<span id=\"wpcf7-69e35ea1d952b-wrapper\" class=\"wpcf7-form-control-wrap city-856-wrap\" style=\"display:none !important; visibility:hidden !important;\"><label for=\"wpcf7-69e35ea1d952b-field\" class=\"hp-message\">Please leave this field empty.<\/label><input id=\"wpcf7-69e35ea1d952b-field\"  class=\"wpcf7-form-control wpcf7-text\" type=\"text\" name=\"city-856\" value=\"\" size=\"40\" tabindex=\"-1\" autocomplete=\"new-password\" \/><\/span><br \/>\n<span class=\"wpcf7-form-control-wrap\" data-name=\"acceptance-100\"><span class=\"wpcf7-form-control wpcf7-acceptance\"><span class=\"wpcf7-list-item\"><label><input type=\"checkbox\" name=\"acceptance-100\" value=\"1\" aria-invalid=\"false\" \/><span class=\"wpcf7-list-item-label\">Olen n\u00f5us Health Travel Guide <a href=\"https:\/\/healthtravelguide.com\/et\/privaatsuspoliitika\/\" target=\"_blank\">Privaatsuspoliitikaga.<\/a><\/span><\/label><\/span><\/span><\/span>\n<\/p>\n<p><input class=\"wpcf7-form-control wpcf7-submit has-spinner\" type=\"submit\" value=\"Saada\" \/>\n<\/p><div class=\"wpcf7-response-output\" aria-hidden=\"true\"><\/div>\n<\/form>\n<\/div>\n[\/vc_column_inner][\/vc_row_inner][\/vc_column][\/vc_row]<\/p>\n","protected":false},"excerpt":{"rendered":"<p>[vc_row type=&#8221;vc_default&#8221; css=&#8221;.vc_custom_1474221376872{margin-bottom: -80px !important;}&#8221;][vc_column offset=&#8221;vc_col-lg-8 vc_col-md-8 vc_col-xs-12&#8243; css=&#8221;.vc_custom_1463573458077{margin-bottom: 80px !important;}&#8221;][vc_column_text]Mao plikatsioon on uudne bariaatrilise kirurgia protseduur, mis on v\u00f5rdlemisi sarnane mao pikisuunalisele resektsioonile. Protseduur t\u00e4hendab mao kokku voltimist, t\u00e4nu millele v\u00e4heneb toidu tarbimine. Erinevalt teistest kaalukirurgia protseduuridest ei ole vaja eemaldada osa maost ega soolestikku \u00fcmber struktureerida. Peale taastumist v\u00e4heneb toiduisu ning Sa rahuldud&hellip;<\/p>\n","protected":false},"author":2,"featured_media":0,"parent":2699,"menu_order":20,"comment_status":"closed","ping_status":"closed","template":"","meta":{"footnotes":""},"class_list":["post-2714","page","type-page","status-publish","hentry","description-off"],"yoast_head":"<!-- This site is optimized with the Yoast SEO plugin v24.4 - https:\/\/yoast.com\/wordpress\/plugins\/seo\/ -->\n<title>Mao plikatsioon: \u00dclevaade, Riskid ja Hinnad - Health Travel Guide<\/title>\n<meta name=\"description\" content=\"Mao plikatsioon on uudne bariaatrilise kirurgia protseduur, mis on v\u00f5rdlemisi sarnane mao pikisuunalisele resektsioonile.\" \/>\n<meta name=\"robots\" content=\"index, follow, max-snippet:-1, max-image-preview:large, max-video-preview:-1\" \/>\n<link rel=\"canonical\" href=\"https:\/\/healthtravelguide.com\/bariaatriline-kirurgia\/mao-plikatsioon\/\" \/>\n<meta property=\"og:locale\" content=\"et_EE\" \/>\n<meta property=\"og:type\" content=\"article\" \/>\n<meta property=\"og:title\" content=\"Mao plikatsioon: \u00dclevaade, Riskid ja Hinnad - Health Travel Guide\" \/>\n<meta property=\"og:description\" content=\"Mao plikatsioon on uudne bariaatrilise kirurgia protseduur, mis on v\u00f5rdlemisi sarnane mao pikisuunalisele resektsioonile.\" \/>\n<meta property=\"og:url\" content=\"https:\/\/healthtravelguide.com\/bariaatriline-kirurgia\/mao-plikatsioon\/\" \/>\n<meta property=\"og:site_name\" content=\"Health Travel Guide\" \/>\n<meta property=\"article:modified_time\" content=\"2020-07-30T14:52:28+00:00\" \/>\n<meta name=\"twitter:card\" content=\"summary_large_image\" \/>\n<meta name=\"twitter:label1\" content=\"Est. reading time\" \/>\n\t<meta name=\"twitter:data1\" content=\"7 minutit\" \/>\n<script type=\"application\/ld+json\" class=\"yoast-schema-graph\">{\"@context\":\"https:\/\/schema.org\",\"@graph\":[{\"@type\":\"WebPage\",\"@id\":\"https:\/\/healthtravelguide.com\/bariaatriline-kirurgia\/mao-plikatsioon\/\",\"url\":\"https:\/\/healthtravelguide.com\/bariaatriline-kirurgia\/mao-plikatsioon\/\",\"name\":\"Mao plikatsioon: \u00dclevaade, Riskid ja Hinnad - Health Travel Guide\",\"isPartOf\":{\"@id\":\"https:\/\/healthtravelguide.com\/#website\"},\"datePublished\":\"2019-04-14T17:55:01+00:00\",\"dateModified\":\"2020-07-30T14:52:28+00:00\",\"description\":\"Mao plikatsioon on uudne bariaatrilise kirurgia protseduur, mis on v\u00f5rdlemisi sarnane mao pikisuunalisele resektsioonile.\",\"breadcrumb\":{\"@id\":\"https:\/\/healthtravelguide.com\/bariaatriline-kirurgia\/mao-plikatsioon\/#breadcrumb\"},\"inLanguage\":\"et\",\"potentialAction\":[{\"@type\":\"ReadAction\",\"target\":[\"https:\/\/healthtravelguide.com\/bariaatriline-kirurgia\/mao-plikatsioon\/\"]}]},{\"@type\":\"BreadcrumbList\",\"@id\":\"https:\/\/healthtravelguide.com\/bariaatriline-kirurgia\/mao-plikatsioon\/#breadcrumb\",\"itemListElement\":[{\"@type\":\"ListItem\",\"position\":1,\"name\":\"Home\",\"item\":\"https:\/\/healthtravelguide.com\/et\/\"},{\"@type\":\"ListItem\",\"position\":2,\"name\":\"Bariaatriline kirurgia\",\"item\":\"https:\/\/healthtravelguide.com\/bariaatriline-kirurgia\/\"},{\"@type\":\"ListItem\",\"position\":3,\"name\":\"Mao plikatsioon\"}]},{\"@type\":\"WebSite\",\"@id\":\"https:\/\/healthtravelguide.com\/#website\",\"url\":\"https:\/\/healthtravelguide.com\/\",\"name\":\"Health Travel Guide\",\"description\":\"Get first class medical treatment for less!\",\"potentialAction\":[{\"@type\":\"SearchAction\",\"target\":{\"@type\":\"EntryPoint\",\"urlTemplate\":\"https:\/\/healthtravelguide.com\/?s={search_term_string}\"},\"query-input\":{\"@type\":\"PropertyValueSpecification\",\"valueRequired\":true,\"valueName\":\"search_term_string\"}}],\"inLanguage\":\"et\"}]}<\/script>\n<!-- \/ Yoast SEO plugin. -->","yoast_head_json":{"title":"Mao plikatsioon: \u00dclevaade, Riskid ja Hinnad - Health Travel Guide","description":"Mao plikatsioon on uudne bariaatrilise kirurgia protseduur, mis on v\u00f5rdlemisi sarnane mao pikisuunalisele resektsioonile.","robots":{"index":"index","follow":"follow","max-snippet":"max-snippet:-1","max-image-preview":"max-image-preview:large","max-video-preview":"max-video-preview:-1"},"canonical":"https:\/\/healthtravelguide.com\/bariaatriline-kirurgia\/mao-plikatsioon\/","og_locale":"et_EE","og_type":"article","og_title":"Mao plikatsioon: \u00dclevaade, Riskid ja Hinnad - Health Travel Guide","og_description":"Mao plikatsioon on uudne bariaatrilise kirurgia protseduur, mis on v\u00f5rdlemisi sarnane mao pikisuunalisele resektsioonile.","og_url":"https:\/\/healthtravelguide.com\/bariaatriline-kirurgia\/mao-plikatsioon\/","og_site_name":"Health Travel Guide","article_modified_time":"2020-07-30T14:52:28+00:00","twitter_card":"summary_large_image","twitter_misc":{"Est. reading time":"7 minutit"},"schema":{"@context":"https:\/\/schema.org","@graph":[{"@type":"WebPage","@id":"https:\/\/healthtravelguide.com\/bariaatriline-kirurgia\/mao-plikatsioon\/","url":"https:\/\/healthtravelguide.com\/bariaatriline-kirurgia\/mao-plikatsioon\/","name":"Mao plikatsioon: \u00dclevaade, Riskid ja Hinnad - Health Travel Guide","isPartOf":{"@id":"https:\/\/healthtravelguide.com\/#website"},"datePublished":"2019-04-14T17:55:01+00:00","dateModified":"2020-07-30T14:52:28+00:00","description":"Mao plikatsioon on uudne bariaatrilise kirurgia protseduur, mis on v\u00f5rdlemisi sarnane mao pikisuunalisele resektsioonile.","breadcrumb":{"@id":"https:\/\/healthtravelguide.com\/bariaatriline-kirurgia\/mao-plikatsioon\/#breadcrumb"},"inLanguage":"et","potentialAction":[{"@type":"ReadAction","target":["https:\/\/healthtravelguide.com\/bariaatriline-kirurgia\/mao-plikatsioon\/"]}]},{"@type":"BreadcrumbList","@id":"https:\/\/healthtravelguide.com\/bariaatriline-kirurgia\/mao-plikatsioon\/#breadcrumb","itemListElement":[{"@type":"ListItem","position":1,"name":"Home","item":"https:\/\/healthtravelguide.com\/et\/"},{"@type":"ListItem","position":2,"name":"Bariaatriline kirurgia","item":"https:\/\/healthtravelguide.com\/bariaatriline-kirurgia\/"},{"@type":"ListItem","position":3,"name":"Mao plikatsioon"}]},{"@type":"WebSite","@id":"https:\/\/healthtravelguide.com\/#website","url":"https:\/\/healthtravelguide.com\/","name":"Health Travel Guide","description":"Get first class medical treatment for less!","potentialAction":[{"@type":"SearchAction","target":{"@type":"EntryPoint","urlTemplate":"https:\/\/healthtravelguide.com\/?s={search_term_string}"},"query-input":{"@type":"PropertyValueSpecification","valueRequired":true,"valueName":"search_term_string"}}],"inLanguage":"et"}]}},"_links":{"self":[{"href":"https:\/\/healthtravelguide.com\/et\/wp-json\/wp\/v2\/pages\/2714","targetHints":{"allow":["GET"]}}],"collection":[{"href":"https:\/\/healthtravelguide.com\/et\/wp-json\/wp\/v2\/pages"}],"about":[{"href":"https:\/\/healthtravelguide.com\/et\/wp-json\/wp\/v2\/types\/page"}],"author":[{"embeddable":true,"href":"https:\/\/healthtravelguide.com\/et\/wp-json\/wp\/v2\/users\/2"}],"replies":[{"embeddable":true,"href":"https:\/\/healthtravelguide.com\/et\/wp-json\/wp\/v2\/comments?post=2714"}],"version-history":[{"count":5,"href":"https:\/\/healthtravelguide.com\/et\/wp-json\/wp\/v2\/pages\/2714\/revisions"}],"predecessor-version":[{"id":3569,"href":"https:\/\/healthtravelguide.com\/et\/wp-json\/wp\/v2\/pages\/2714\/revisions\/3569"}],"up":[{"embeddable":true,"href":"https:\/\/healthtravelguide.com\/et\/wp-json\/wp\/v2\/pages\/2699"}],"wp:attachment":[{"href":"https:\/\/healthtravelguide.com\/et\/wp-json\/wp\/v2\/media?parent=2714"}],"curies":[{"name":"wp","href":"https:\/\/api.w.org\/{rel}","templated":true}]}}