{"id":2699,"date":"2019-04-14T15:20:42","date_gmt":"2019-04-14T15:20:42","guid":{"rendered":"https:\/\/healthtravelguide.com\/bariaatriline-kirurgia\/"},"modified":"2020-07-30T13:19:27","modified_gmt":"2020-07-30T13:19:27","slug":"bariaatriline-kirurgia","status":"publish","type":"page","link":"https:\/\/healthtravelguide.com\/et\/bariaatriline-kirurgia\/","title":{"rendered":"Bariaatriline kirurgia"},"content":{"rendered":"<p>[vc_row type=&#8221;vc_default&#8221; css=&#8221;.vc_custom_1474221376872{margin-bottom: -80px !important;}&#8221;][vc_column offset=&#8221;vc_col-lg-8 vc_col-md-8 vc_col-xs-12&#8243; css=&#8221;.vc_custom_1463573458077{margin-bottom: 80px !important;}&#8221;]<div id=\"ultimate-heading-98869e1c0ba4e13f\" class=\"uvc-heading ult-adjust-bottom-margin ultimate-heading-98869e1c0ba4e13f uvc-8262 \" data-hspacer=\"no_spacer\"  data-halign=\"left\" style=\"text-align:left\"><div class=\"uvc-heading-spacer no_spacer\" style=\"top\"><\/div><div class=\"uvc-main-heading ult-responsive\"  data-ultimate-target='.uvc-heading.ultimate-heading-98869e1c0ba4e13f h2'  data-responsive-json-new='{\"font-size\":\"desktop:24px;\",\"line-height\":\"desktop:30px;\"}' ><h2 style=\"font-weight:bold;margin-bottom:22px;\">Meditsiinilisest teenustest<\/h2><\/div><\/div>[vc_column_text]Bariaatrilise kirurgia protseduurid aitavad eri moel v\u00e4hendada tarbitavat toidukogust. Sinu magu v\u00e4hendatakse, re-struktureeritakse p\u00fcsivalt v\u00f5i ajutiselt v\u00f5i paigaldatakse makku meditsiinilised seadmed, et tekitada t\u00e4isk\u00f5hutunnet.<\/p>\n<p>Olenemata protseduurist on \u00e4\u00e4rmiselt oluline, et Sa oleksid protsessile t\u00e4ielikult p\u00fchendunud. Kuigi taastumine ja uus dieet v\u00f5ivad olla parajad v\u00e4ljakutsed, on protseduuride n\u00e4ol tegemist siiski tugeva stiimuliga, mis aitab Sul oma elu paremuse suunas muuta.[\/vc_column_text]<style type=\"text\/css\" data-type=\"the7_shortcodes-inline-css\">#default-btn-4a3a02dc7c3971e0b4ad23b4087539c6.ico-right-side > i {\n  margin-right: 0px;\n  margin-left: 8px;\n}\n#default-btn-4a3a02dc7c3971e0b4ad23b4087539c6 > i {\n  margin-right: 8px;\n}\n<\/style><a href=\"https:\/\/healthtravelguide.com\/et\/bariaatriline-kirurgia\/sobivuse-kusitlus\/\" class=\"default-btn-shortcode dt-btn dt-btn-m link-hover-off anchor-link btn-inline-left  vc_custom_1596113764461\" target=\"_blank\" id=\"default-btn-4a3a02dc7c3971e0b4ad23b4087539c6\" title=\"Contact us now\" rel=\"noopener\"><span>V\u00f5ta meiega \u00fchendust!<\/span><\/a><div id=\"ultimate-heading-919969e1c0ba4e249\" class=\"uvc-heading ult-adjust-bottom-margin ultimate-heading-919969e1c0ba4e249 uvc-6461 \" data-hspacer=\"no_spacer\"  data-halign=\"left\" style=\"text-align:left\"><div class=\"uvc-heading-spacer no_spacer\" style=\"top\"><\/div><div class=\"uvc-main-heading ult-responsive\"  data-ultimate-target='.uvc-heading.ultimate-heading-919969e1c0ba4e249 h2'  data-responsive-json-new='{\"font-size\":\"desktop:24px;\",\"line-height\":\"desktop:30px;\"}' ><h2 style=\"font-weight:bold;margin-top:20px;margin-bottom:20px;\">\u00dclevaade<\/h2><\/div><\/div>[vc_column_text css=&#8221;.vc_custom_1528976897982{margin-bottom: 30px !important;}&#8221;]<\/p>\n<table>\n<tbody>\n<tr>\n<td><\/td>\n<td><strong>Maost m\u00f6\u00f6dajuhtiv operatsioon<\/strong><\/td>\n<td><strong>Mao pikisuunaline resektsioon<\/strong><\/td>\n<td><strong>Maobandaa\u017e<\/strong><\/td>\n<td><strong>Mao plikatsioon<\/strong><\/td>\n<td><strong>Maoballoon<\/strong><\/td>\n<\/tr>\n<tr>\n<td><span style=\"font-weight: 400;\">Protseduur<\/span><\/td>\n<td><span style=\"font-weight: 400;\">Juhib soolestikku vaid v\u00e4ikese osa toidust.<\/span><\/td>\n<td><span style=\"font-weight: 400;\">Eemaldab suure osa Sinu maost ning loob eraldiseisva n-\u00f6 varruka kujulise osa.<\/span><\/td>\n<td><span style=\"font-weight: 400;\">Mao \u00fcmber paigaldatakse bandaa\u017e. <\/span><\/td>\n<td><span style=\"font-weight: 400;\">Magu volditakse n-\u00f6 varrukaks.<\/span><\/td>\n<td><span style=\"font-weight: 400;\">Makku sisestatakse vedelikuga t\u00e4idetud balloon.<\/span><\/td>\n<\/tr>\n<tr>\n<td><span style=\"font-weight: 400;\">Oodatav kaalukaotus (kahe aasta jooksul)<\/span><\/td>\n<td><span style=\"font-weight: 400;\">70-80%<\/span><\/td>\n<td><span style=\"font-weight: 400;\">60-70%<\/span><\/td>\n<td><span style=\"font-weight: 400;\">40-50%<\/span><\/td>\n<td><span style=\"font-weight: 400;\">30-55%<\/span><\/td>\n<td><span style=\"font-weight: 400;\">Oleneb Sinu elustiililistest muudatustest<\/span><\/td>\n<\/tr>\n<tr>\n<td><span style=\"font-weight: 400;\">Kas m\u00f5jutab ka seedetrakti?<\/span><\/td>\n<td><span style=\"font-weight: 400;\">Jah<\/span><\/td>\n<td><span style=\"font-weight: 400;\">Ei<\/span><\/td>\n<td><span style=\"font-weight: 400;\">Ei<\/span><\/td>\n<td><span style=\"font-weight: 400;\">Ei<\/span><\/td>\n<td><span style=\"font-weight: 400;\">Ei<\/span><\/td>\n<\/tr>\n<tr>\n<td><span style=\"font-weight: 400;\">Kas on tagasip\u00f6\u00f6ratav?<\/span><\/td>\n<td><span style=\"font-weight: 400;\">Jah<\/span><\/td>\n<td><span style=\"font-weight: 400;\">Ei<\/span><\/td>\n<td><span style=\"font-weight: 400;\">Jah<\/span><\/td>\n<td><span style=\"font-weight: 400;\">Jah (\u00fcks aasta peale protseduuri) <\/span><\/td>\n<td><span style=\"font-weight: 400;\">Jah (kuus kuud kuni aasta)<\/span><\/td>\n<\/tr>\n<tr>\n<td><span style=\"font-weight: 400;\">Taastumisaeg<\/span><\/td>\n<td><span style=\"font-weight: 400;\">4-8 n\u00e4dalat<\/span><\/td>\n<td><span style=\"font-weight: 400;\">4-6 n\u00e4dalat<\/span><\/td>\n<td><span style=\"font-weight: 400;\">3-4 n\u00e4dalat<\/span><\/td>\n<td><span style=\"font-weight: 400;\">Kuni 4 n\u00e4dalat<\/span><\/td>\n<td><span style=\"font-weight: 400;\">Kuni 2 n\u00e4dalat<\/span><\/td>\n<\/tr>\n<\/tbody>\n<\/table>\n<p>[\/vc_column_text]<div id=\"ultimate-heading-957669e1c0ba4e279\" class=\"uvc-heading ult-adjust-bottom-margin ultimate-heading-957669e1c0ba4e279 uvc-6600 \" data-hspacer=\"no_spacer\"  data-halign=\"left\" style=\"text-align:left\"><div class=\"uvc-heading-spacer no_spacer\" style=\"top\"><\/div><div class=\"uvc-main-heading ult-responsive\"  data-ultimate-target='.uvc-heading.ultimate-heading-957669e1c0ba4e279 h2'  data-responsive-json-new='{\"font-size\":\"desktop:24px;\",\"line-height\":\"desktop:30px;\"}' ><h2 style=\"font-weight:bold;margin-top:20px;margin-bottom:20px;\">Bariaatrilise kirurgia n\u00e4idustused<\/h2><\/div><\/div>[vc_column_text css=&#8221;.vc_custom_1526459684257{margin-bottom: 30px !important;}&#8221;]Bariaatriline kirurgia sobib Sulle, kui:<\/p>\n<ul>\n<li>Sinu kehamassiindeks on 40 v\u00f5i rohkem<\/li>\n<li>Sinu kehamassiindeks on 30 v\u00f5i rohkem ning lisaks esineb v\u00e4hemalt \u00fcks kaasuv konditsioon:\n<ul>\n<li>II t\u00fc\u00fcbi diabeet<\/li>\n<li>H\u00fcpertensioon<\/li>\n<li>Artriit<\/li>\n<li>Uneapnoe<\/li>\n<li>S\u00fcdamerike<\/li>\n<li>Seedetrakti h\u00e4ired<\/li>\n<li>Maksahaigus<\/li>\n<\/ul>\n<\/li>\n<li>Eelnevad katsed trenni teha ja dieeti pidada ei ole olnud edukad.<\/li>\n<\/ul>\n<p>Bariaatrilise kirurgia vajalikkuse ja Sulle k\u00f5ige sobilikuma protseduuri \u00fcle otsustatakse esmase konsultatsiooni k\u00e4igus.<\/p>\n<p>Loe rohkem protseduuride kohta:<\/p>\n<ul>\n<li>Maost m\u00f6\u00f6dajuhtiv operatsioon<\/li>\n<li>Mao pikisuunaline resektsioon<\/li>\n<li>Maobandaa\u017e<\/li>\n<li>Maoballoon<\/li>\n<li>Mao plikatsioon<\/li>\n<\/ul>\n<p>[\/vc_column_text]<style type=\"text\/css\" data-type=\"the7_shortcodes-inline-css\">#default-btn-c812e599132b76a20bb9736098e0b77d.ico-right-side > i {\n  margin-right: 0px;\n  margin-left: 8px;\n}\n#default-btn-c812e599132b76a20bb9736098e0b77d > i {\n  margin-right: 8px;\n}\n<\/style><a href=\"https:\/\/healthtravelguide.com\/et\/bariaatriline-kirurgia\/sobivuse-kusitlus\/\" class=\"default-btn-shortcode dt-btn dt-btn-m link-hover-off btn-inline-left  vc_custom_1596113787970\" target=\"_blank\" id=\"default-btn-c812e599132b76a20bb9736098e0b77d\" title=\"V\u00f5ta meiega \u00fchendust!\" rel=\"noopener\"><span>V\u00f5ta meiega \u00fchendust!<\/span><\/a>[\/vc_column][vc_column offset=&#8221;vc_col-lg-4 vc_col-md-4 vc_col-xs-12&#8243; el_class=&#8221;custom_sidebar&#8221; css=&#8221;.vc_custom_1474221370251{padding-bottom: 80px !important;}&#8221;][vc_row_inner css=&#8221;.vc_custom_1463573390268{padding-right: 25px !important;padding-bottom: 30px !important;padding-left: 25px !important;}&#8221;][vc_column_inner css=&#8221;.vc_custom_1462517200859{padding-top: 30px !important;padding-right: 30px !important;padding-bottom: 10px !important;padding-left: 30px !important;background-color: #f4f4f4 !important;}&#8221;]<div id=\"ultimate-heading-231269e1c0ba4e331\" class=\"uvc-heading ult-adjust-bottom-margin ultimate-heading-231269e1c0ba4e331 uvc-8290 \" data-hspacer=\"no_spacer\"  data-halign=\"left\" style=\"text-align:left\"><div class=\"uvc-heading-spacer no_spacer\" style=\"top\"><\/div><div class=\"uvc-main-heading ult-responsive\"  data-ultimate-target='.uvc-heading.ultimate-heading-231269e1c0ba4e331 h3'  data-responsive-json-new='{\"font-size\":\"desktop:20px;\",\"line-height\":\"desktop:26px;\"}' ><h3 style=\"font-weight:bold;margin-bottom:20px;\">Meie teenused<\/h3><\/div><\/div>[vc_widget_sidebar show_bg=&#8221;false&#8221; sidebar_id=&#8221;sidebar_3&#8243; el_class=&#8221;service_menu&#8221;]<div class=\"standard-arrow list-divider bullet-top\"><ul>\n<li class=\"current\"><a href=\"https:\/\/healthtravelguide.com\/et\/bariaatriline-kirurgia\/maost-moodajuhtiv-operatsioon\/\">Maost m\u00f6\u00f6dajuhtiv operatsioon<\/a><\/li>\n<li class=\"current\"><a href=\"https:\/\/healthtravelguide.com\/et\/bariaatriline-kirurgia\/mao-pikisuunaline-resektsioon\/\">Mao pikisuunaline resektsioon<\/a><\/li>\n<li><a href=\"https:\/\/healthtravelguide.com\/et\/bariaatriline-kirurgia\/maobandaaz\/\">Maobandaa\u017e<\/a><\/li>\n<li class=\"current\"><a href=\"https:\/\/healthtravelguide.com\/et\/bariaatriline-kirurgia\/maoballoon\/\">Maoballoon<\/a><\/li>\n<li class=\"current\"><a href=\"https:\/\/healthtravelguide.com\/et\/bariaatriline-kirurgia\/mao-plikatsioon\/\">Mao Plikatsioon<\/a><\/li>\n<li><a href=\"https:\/\/healthtravelguide.com\/et\/plastiline-kirurgia\/rasvaimu\/\">Rasvaimu<\/a><\/li>\n<li><a href=\"https:\/\/healthtravelguide.com\/et\/plastiline-kirurgia\/rasva-siirdamine\/\">Rasva Siirdamine<\/a><\/li>\n<\/ul>\n<\/div>[\/vc_column_inner][\/vc_row_inner][vc_row_inner css=&#8221;.vc_custom_1462516802446{padding-right: 25px !important;padding-left: 25px !important;}&#8221;][vc_column_inner css=&#8221;.vc_custom_1471295267122{padding-top: 30px !important;padding-right: 30px !important;padding-bottom: 20px !important;padding-left: 30px !important;background-color: #f4f4f4 !important;}&#8221;]<div id=\"ultimate-heading-754869e1c0ba4e3c7\" class=\"uvc-heading ult-adjust-bottom-margin ultimate-heading-754869e1c0ba4e3c7 uvc-8144  uvc-heading-default-font-sizes\" data-hspacer=\"no_spacer\"  data-halign=\"left\" style=\"text-align:left\"><div class=\"uvc-heading-spacer no_spacer\" style=\"top\"><\/div><div class=\"uvc-main-heading ult-responsive\"  data-ultimate-target='.uvc-heading.ultimate-heading-754869e1c0ba4e3c7 h3'  data-responsive-json-new='{\"font-size\":\"\",\"line-height\":\"\"}' ><h3 style=\"font-weight:bold;margin-bottom:20px;\">Saada p\u00e4ring<\/h3><\/div><\/div>[vc_column_text]<em>V\u00f5ta meiega \u00fchendust ja me viime Sind kokku parimate plastiliste kirurgidega Eestis.<\/em>[\/vc_column_text][vc_empty_space height=&#8221;30px&#8221;]\n<div class=\"wpcf7 no-js\" id=\"wpcf7-f3559-o1\" lang=\"en-US\" dir=\"ltr\" data-wpcf7-id=\"3559\">\n<div class=\"screen-reader-response\"><p role=\"status\" aria-live=\"polite\" aria-atomic=\"true\"><\/p> <ul><\/ul><\/div>\n<form action=\"\/et\/wp-json\/wp\/v2\/pages\/2699#wpcf7-f3559-o1\" method=\"post\" class=\"wpcf7-form init\" aria-label=\"Contact form\" novalidate=\"novalidate\" data-status=\"init\">\n<div style=\"display: none;\">\n<input type=\"hidden\" name=\"_wpcf7\" value=\"3559\" \/>\n<input type=\"hidden\" name=\"_wpcf7_version\" value=\"6.0.4\" \/>\n<input type=\"hidden\" name=\"_wpcf7_locale\" value=\"en_US\" \/>\n<input type=\"hidden\" name=\"_wpcf7_unit_tag\" value=\"wpcf7-f3559-o1\" \/>\n<input type=\"hidden\" name=\"_wpcf7_container_post\" value=\"0\" \/>\n<input type=\"hidden\" name=\"_wpcf7_posted_data_hash\" value=\"\" \/>\n<input type=\"hidden\" name=\"_wpcf7_recaptcha_response\" value=\"\" \/>\n<\/div>\n<p><label><span class=\"wpcf7-form-control-wrap\" data-name=\"your-name\"><input size=\"40\" maxlength=\"400\" class=\"wpcf7-form-control wpcf7-text wpcf7-validates-as-required\" aria-required=\"true\" aria-invalid=\"false\" placeholder=\"Teie nimi (vajalik)\" value=\"\" type=\"text\" name=\"your-name\" \/><\/span> <\/label><br \/>\n<label><span class=\"wpcf7-form-control-wrap\" data-name=\"your-email\"><input size=\"40\" maxlength=\"400\" class=\"wpcf7-form-control wpcf7-email wpcf7-validates-as-required wpcf7-text wpcf7-validates-as-email\" aria-required=\"true\" aria-invalid=\"false\" placeholder=\"Teie e-post (vajalik)\" value=\"\" type=\"email\" name=\"your-email\" \/><\/span> <\/label><br \/>\n<label><span class=\"wpcf7-form-control-wrap\" data-name=\"tel-137\"><input size=\"40\" maxlength=\"400\" class=\"wpcf7-form-control wpcf7-tel wpcf7-text wpcf7-validates-as-tel\" aria-invalid=\"false\" placeholder=\"Telefon\" value=\"\" type=\"tel\" name=\"tel-137\" \/><\/span><\/label><br \/>\n<label><span class=\"wpcf7-form-control-wrap\" data-name=\"your-message\"><textarea cols=\"40\" rows=\"3\" maxlength=\"2000\" class=\"wpcf7-form-control wpcf7-textarea\" aria-invalid=\"false\" placeholder=\"S\u00f5num\" name=\"your-message\"><\/textarea><\/span> <\/label><br \/>\n<span id=\"wpcf7-69e1c0ba4f40a-wrapper\" class=\"wpcf7-form-control-wrap city-856-wrap\" style=\"display:none !important; visibility:hidden !important;\"><label for=\"wpcf7-69e1c0ba4f40a-field\" class=\"hp-message\">Please leave this field empty.<\/label><input id=\"wpcf7-69e1c0ba4f40a-field\"  class=\"wpcf7-form-control wpcf7-text\" type=\"text\" name=\"city-856\" value=\"\" size=\"40\" tabindex=\"-1\" autocomplete=\"new-password\" \/><\/span><br \/>\n<span class=\"wpcf7-form-control-wrap\" data-name=\"acceptance-100\"><span class=\"wpcf7-form-control wpcf7-acceptance\"><span class=\"wpcf7-list-item\"><label><input type=\"checkbox\" name=\"acceptance-100\" value=\"1\" aria-invalid=\"false\" \/><span class=\"wpcf7-list-item-label\">Olen n\u00f5us Health Travel Guide <a href=\"https:\/\/healthtravelguide.com\/et\/privaatsuspoliitika\/\" target=\"_blank\">Privaatsuspoliitikaga.<\/a><\/span><\/label><\/span><\/span><\/span>\n<\/p>\n<p><input class=\"wpcf7-form-control wpcf7-submit has-spinner\" type=\"submit\" value=\"Saada\" \/>\n<\/p><div class=\"wpcf7-response-output\" aria-hidden=\"true\"><\/div>\n<\/form>\n<\/div>\n[\/vc_column_inner][\/vc_row_inner][\/vc_column][\/vc_row]<\/p>\n","protected":false},"excerpt":{"rendered":"<p>[vc_row type=&#8221;vc_default&#8221; css=&#8221;.vc_custom_1474221376872{margin-bottom: -80px !important;}&#8221;][vc_column offset=&#8221;vc_col-lg-8 vc_col-md-8 vc_col-xs-12&#8243; css=&#8221;.vc_custom_1463573458077{margin-bottom: 80px !important;}&#8221;][vc_column_text]Bariaatrilise kirurgia protseduurid aitavad eri moel v\u00e4hendada tarbitavat toidukogust. Sinu magu v\u00e4hendatakse, re-struktureeritakse p\u00fcsivalt v\u00f5i ajutiselt v\u00f5i paigaldatakse makku meditsiinilised seadmed, et tekitada t\u00e4isk\u00f5hutunnet. Olenemata protseduurist on \u00e4\u00e4rmiselt oluline, et Sa oleksid protsessile t\u00e4ielikult p\u00fchendunud. Kuigi taastumine ja uus dieet v\u00f5ivad olla parajad v\u00e4ljakutsed, on&hellip;<\/p>\n","protected":false},"author":2,"featured_media":0,"parent":0,"menu_order":20,"comment_status":"closed","ping_status":"closed","template":"","meta":{"footnotes":""},"class_list":["post-2699","page","type-page","status-publish","hentry","description-off"],"yoast_head":"<!-- This site is optimized with the Yoast SEO plugin v24.4 - https:\/\/yoast.com\/wordpress\/plugins\/seo\/ -->\n<title>Bariaatriline kirurgia Eestis ja v\u00e4lismaal - Health Travel Guide<\/title>\n<meta name=\"description\" content=\"Bariaatrilise kirurgia protseduurid aitavad eri moel v\u00e4hendada tarbitavat toidukogust. Sinu magu v\u00e4hendatakse, re-struktureeritakse p\u00fcsivalt v\u00f5i ajutiselt.\" \/>\n<meta name=\"robots\" content=\"index, follow, max-snippet:-1, max-image-preview:large, max-video-preview:-1\" \/>\n<link rel=\"canonical\" href=\"https:\/\/healthtravelguide.com\/bariaatriline-kirurgia\/\" \/>\n<meta property=\"og:locale\" content=\"et_EE\" \/>\n<meta property=\"og:type\" content=\"article\" \/>\n<meta property=\"og:title\" content=\"Bariaatriline kirurgia Eestis ja v\u00e4lismaal - Health Travel Guide\" \/>\n<meta property=\"og:description\" content=\"Bariaatrilise kirurgia protseduurid aitavad eri moel v\u00e4hendada tarbitavat toidukogust. Sinu magu v\u00e4hendatakse, re-struktureeritakse p\u00fcsivalt v\u00f5i ajutiselt.\" \/>\n<meta property=\"og:url\" content=\"https:\/\/healthtravelguide.com\/bariaatriline-kirurgia\/\" \/>\n<meta property=\"og:site_name\" content=\"Health Travel Guide\" \/>\n<meta property=\"article:modified_time\" content=\"2020-07-30T13:19:27+00:00\" \/>\n<meta name=\"twitter:card\" content=\"summary_large_image\" \/>\n<meta name=\"twitter:label1\" content=\"Est. reading time\" \/>\n\t<meta name=\"twitter:data1\" content=\"4 minutit\" \/>\n<script type=\"application\/ld+json\" class=\"yoast-schema-graph\">{\"@context\":\"https:\/\/schema.org\",\"@graph\":[{\"@type\":\"WebPage\",\"@id\":\"https:\/\/healthtravelguide.com\/bariaatriline-kirurgia\/\",\"url\":\"https:\/\/healthtravelguide.com\/bariaatriline-kirurgia\/\",\"name\":\"Bariaatriline kirurgia Eestis ja v\u00e4lismaal - Health Travel Guide\",\"isPartOf\":{\"@id\":\"https:\/\/healthtravelguide.com\/#website\"},\"datePublished\":\"2019-04-14T15:20:42+00:00\",\"dateModified\":\"2020-07-30T13:19:27+00:00\",\"description\":\"Bariaatrilise kirurgia protseduurid aitavad eri moel v\u00e4hendada tarbitavat toidukogust. Sinu magu v\u00e4hendatakse, re-struktureeritakse p\u00fcsivalt v\u00f5i ajutiselt.\",\"breadcrumb\":{\"@id\":\"https:\/\/healthtravelguide.com\/bariaatriline-kirurgia\/#breadcrumb\"},\"inLanguage\":\"et\",\"potentialAction\":[{\"@type\":\"ReadAction\",\"target\":[\"https:\/\/healthtravelguide.com\/bariaatriline-kirurgia\/\"]}]},{\"@type\":\"BreadcrumbList\",\"@id\":\"https:\/\/healthtravelguide.com\/bariaatriline-kirurgia\/#breadcrumb\",\"itemListElement\":[{\"@type\":\"ListItem\",\"position\":1,\"name\":\"Home\",\"item\":\"https:\/\/healthtravelguide.com\/et\/\"},{\"@type\":\"ListItem\",\"position\":2,\"name\":\"Bariaatriline kirurgia\"}]},{\"@type\":\"WebSite\",\"@id\":\"https:\/\/healthtravelguide.com\/#website\",\"url\":\"https:\/\/healthtravelguide.com\/\",\"name\":\"Health Travel Guide\",\"description\":\"Get first class medical treatment for less!\",\"potentialAction\":[{\"@type\":\"SearchAction\",\"target\":{\"@type\":\"EntryPoint\",\"urlTemplate\":\"https:\/\/healthtravelguide.com\/?s={search_term_string}\"},\"query-input\":{\"@type\":\"PropertyValueSpecification\",\"valueRequired\":true,\"valueName\":\"search_term_string\"}}],\"inLanguage\":\"et\"}]}<\/script>\n<!-- \/ Yoast SEO plugin. -->","yoast_head_json":{"title":"Bariaatriline kirurgia Eestis ja v\u00e4lismaal - Health Travel Guide","description":"Bariaatrilise kirurgia protseduurid aitavad eri moel v\u00e4hendada tarbitavat toidukogust. Sinu magu v\u00e4hendatakse, re-struktureeritakse p\u00fcsivalt v\u00f5i ajutiselt.","robots":{"index":"index","follow":"follow","max-snippet":"max-snippet:-1","max-image-preview":"max-image-preview:large","max-video-preview":"max-video-preview:-1"},"canonical":"https:\/\/healthtravelguide.com\/bariaatriline-kirurgia\/","og_locale":"et_EE","og_type":"article","og_title":"Bariaatriline kirurgia Eestis ja v\u00e4lismaal - Health Travel Guide","og_description":"Bariaatrilise kirurgia protseduurid aitavad eri moel v\u00e4hendada tarbitavat toidukogust. Sinu magu v\u00e4hendatakse, re-struktureeritakse p\u00fcsivalt v\u00f5i ajutiselt.","og_url":"https:\/\/healthtravelguide.com\/bariaatriline-kirurgia\/","og_site_name":"Health Travel Guide","article_modified_time":"2020-07-30T13:19:27+00:00","twitter_card":"summary_large_image","twitter_misc":{"Est. reading time":"4 minutit"},"schema":{"@context":"https:\/\/schema.org","@graph":[{"@type":"WebPage","@id":"https:\/\/healthtravelguide.com\/bariaatriline-kirurgia\/","url":"https:\/\/healthtravelguide.com\/bariaatriline-kirurgia\/","name":"Bariaatriline kirurgia Eestis ja v\u00e4lismaal - Health Travel Guide","isPartOf":{"@id":"https:\/\/healthtravelguide.com\/#website"},"datePublished":"2019-04-14T15:20:42+00:00","dateModified":"2020-07-30T13:19:27+00:00","description":"Bariaatrilise kirurgia protseduurid aitavad eri moel v\u00e4hendada tarbitavat toidukogust. Sinu magu v\u00e4hendatakse, re-struktureeritakse p\u00fcsivalt v\u00f5i ajutiselt.","breadcrumb":{"@id":"https:\/\/healthtravelguide.com\/bariaatriline-kirurgia\/#breadcrumb"},"inLanguage":"et","potentialAction":[{"@type":"ReadAction","target":["https:\/\/healthtravelguide.com\/bariaatriline-kirurgia\/"]}]},{"@type":"BreadcrumbList","@id":"https:\/\/healthtravelguide.com\/bariaatriline-kirurgia\/#breadcrumb","itemListElement":[{"@type":"ListItem","position":1,"name":"Home","item":"https:\/\/healthtravelguide.com\/et\/"},{"@type":"ListItem","position":2,"name":"Bariaatriline kirurgia"}]},{"@type":"WebSite","@id":"https:\/\/healthtravelguide.com\/#website","url":"https:\/\/healthtravelguide.com\/","name":"Health Travel Guide","description":"Get first class medical treatment for less!","potentialAction":[{"@type":"SearchAction","target":{"@type":"EntryPoint","urlTemplate":"https:\/\/healthtravelguide.com\/?s={search_term_string}"},"query-input":{"@type":"PropertyValueSpecification","valueRequired":true,"valueName":"search_term_string"}}],"inLanguage":"et"}]}},"_links":{"self":[{"href":"https:\/\/healthtravelguide.com\/et\/wp-json\/wp\/v2\/pages\/2699","targetHints":{"allow":["GET"]}}],"collection":[{"href":"https:\/\/healthtravelguide.com\/et\/wp-json\/wp\/v2\/pages"}],"about":[{"href":"https:\/\/healthtravelguide.com\/et\/wp-json\/wp\/v2\/types\/page"}],"author":[{"embeddable":true,"href":"https:\/\/healthtravelguide.com\/et\/wp-json\/wp\/v2\/users\/2"}],"replies":[{"embeddable":true,"href":"https:\/\/healthtravelguide.com\/et\/wp-json\/wp\/v2\/comments?post=2699"}],"version-history":[{"count":9,"href":"https:\/\/healthtravelguide.com\/et\/wp-json\/wp\/v2\/pages\/2699\/revisions"}],"predecessor-version":[{"id":3560,"href":"https:\/\/healthtravelguide.com\/et\/wp-json\/wp\/v2\/pages\/2699\/revisions\/3560"}],"wp:attachment":[{"href":"https:\/\/healthtravelguide.com\/et\/wp-json\/wp\/v2\/media?parent=2699"}],"curies":[{"name":"wp","href":"https:\/\/api.w.org\/{rel}","templated":true}]}}